{"id":10939,"date":"2023-10-30T15:24:27","date_gmt":"2023-10-30T15:24:27","guid":{"rendered":"https:\/\/v-er.eu\/ankuendigungen\/"},"modified":"2025-12-11T14:50:17","modified_gmt":"2025-12-11T14:50:17","slug":"ankuendigungen","status":"publish","type":"page","link":"https:\/\/v-er.eu\/de\/ankuendigungen\/","title":{"rendered":"Bekanntmachungen"},"content":{"rendered":"<section id=\"block_1af76fbe3fd714cb2faebb315bd7b197\" class=\"block__text-media-hero block relative -mt-14 block_margin\">\n\n  <div class=\"relative bg-[url(12093)] bg-cover bg-center bg-no-repeat\">\n\n          <div class=\"absolute inset-0\">\n        <figure class=\"m-0 h-full\">\n <div class=\"ratio no-ratio h-full\">     <img width=\"2560\" height=\"1920\" src=\"https:\/\/v-er.eu\/app\/uploads\/2024\/04\/Boerse-1.jpg\" class=\"object-cover h-full w-full wp-image\" alt=\"\" decoding=\"async\" loading=\"eager\" srcset=\"https:\/\/v-er.eu\/app\/uploads\/2024\/04\/Boerse-1.jpg 2560w, https:\/\/v-er.eu\/app\/uploads\/2024\/04\/Boerse-1-300x225.jpg 300w, https:\/\/v-er.eu\/app\/uploads\/2024\/04\/Boerse-1-1024x768.jpg 1024w, https:\/\/v-er.eu\/app\/uploads\/2024\/04\/Boerse-1-768x576.jpg 768w, https:\/\/v-er.eu\/app\/uploads\/2024\/04\/Boerse-1-1536x1152.jpg 1536w, https:\/\/v-er.eu\/app\/uploads\/2024\/04\/Boerse-1-2048x1536.jpg 2048w\" sizes=\"(max-width: 2560px) 100vw, 2560px\" \/>\n <\/div> <\/figure>      <\/div>\n    \n    <div class=\"absolute inset-0 bg-gradient-to-l from-transparent to-primary\"><\/div>\n\n    <div class=\"relative container flex flex-col justify-between flex-wrap py-16 min-h-[28rem]\">\n\n      <div class=\"text-white mb-10\">\n                <div id=\"Breadcrumb\">\n            <nav aria-label=\"Breadcrumb\">\n                <ol class=\"flex items-center gap-1 text-sm\">\n                <li class=\"breadcrumb-item \">\n                    <a class=\"breadcrumb-home\" href=\"https:\/\/v-er.eu\/de\/\">\n                        <svg\n    xmlns=\"http:\/\/www.w3.org\/2000\/svg\"\n    class=\"h-4 w-4\"\n    fill=\"none\"\n    viewBox=\"0 0 24 24\"\n    stroke=\"currentColor\"\n    height=\"24\"\n    width=\"24\"\n    >\n    <path\n    stroke-linecap=\"round\"\n    stroke-linejoin=\"round\"\n    stroke-width=\"2\"\n    d=\"M3 12l2-2m0 0l7-7 7 7M5 10v10a1 1 0 001 1h3m10-11l2 2m-2-2v10a1 1 0 01-1 1h-3m-6 0a1 1 0 001-1v-4a1 1 0 011-1h2a1 1 0 011 1v4a1 1 0 001 1m-6 0h6\"\n    \/>\n<\/svg>                    <\/a>\n                <\/li>\n                                                                                        <li class=\"breadcrumb-item flex items-center active\"  aria-current=\"page\">\n                                <span class=\"rotate-[270deg] inline-block\"> <svg xmlns=\"http:\/\/www.w3.org\/2000\/svg\"\nclass=\"h-4 w-4\"\nviewBox=\"0 0 20 20\"\nstroke=\"currentColor\"\nheight=\"24\"\nwidth=\"24\">\n    <path d=\"M9.293 12.95l.707.707L15.657 8l-1.414-1.414L10 10.828 5.757 6.586 4.343 8z\" \/>\n<\/svg> <\/span>\n                                <span class=\"inline-block\">Bekanntmachungen<\/span>\n                            <\/li>\n                                                                                    <\/ol>\n            <\/nav>\n        <\/div>      <\/div>\n\n      <div class=\"w-full ltr:sm:text-left rtl:sm:text-right\">\n                  <h2 >\n          <span class=\"PreHeadline block text-3xl hyphens-auto font-bold text-secondary font-highlight\">Die letzten Updates<\/span>\n              <span class=\"Headline block hyphens-auto text-white\"><strong>Bekanntmachungen.<\/strong><\/span>\n      <\/h2>\n        \n        \n        <div class=\"max-w-md text-white\">\n          \n        <\/div>\n \n              <\/div>\n    <\/div>\n  <\/div>\n\n  <div class=\"absolute bottom-0 w-full\">\n    <div>\n  <svg height=\"20\" width=\"100\" class=\"h-8 md:h-12 lg:h-20 w-full  text-white relative z-10\" viewBox=\"0 0 10 10\" preserveAspectRatio=\"none\">\n  <polygon fill=\"currentColor\" points=\"0 10 10 0 10 10\"><\/polygon>\n  <\/svg>\n<\/div>  <\/div>\n\n<\/section>\n\n\n\n<section id=\"block_7a54b735b1de18892dc50c8dec3fbc7e\" class=\"block__investi-announcements block block_margin\">\n    <div class=\"bg-none \">\n    <div class=\"container\">\n\n      <div class=\"row gap-y-14\">\n        <div class=\"text-center md:col-10 xl:col-6 md:offset-1 xl:offset-3\">\n          <div class=\"block\">\n  <h2 >\n          <span class=\"PreHeadline block text-3xl hyphens-auto font-bold text-secondary font-highlight\">Immer auf dem neusten Stand<\/span>\n              <span class=\"Headline block hyphens-auto text-primary\">Alle neuen <strong>Ver\u00f6ffentlichungen.<\/strong><\/span>\n      <\/h2>\n\n  \n  \n\n  \n<\/div>        <\/div>\n\n                  <div class=\"row gap-y-14\">\n\n                          <div class=\"row\">\n                \n\n                <div class=\"col-12 block_margin\">\n                  <h3 class=\"mb-4\">\n              <span class=\"Headline block hyphens-auto text-primary text-2xl font-semibold\">ASX:VUL Announcements<\/span>\n      <\/h3>\n                  <div class=\"investi-announcements-tab investi-scroll-tab\" data-investi-date-format=\"dd MMM yyyy\" data-investi-maximum-num-years=\"\"><\/div>\n                <\/div>\n                \n\n                                  <div class=\"col-12\">\n                    <h3 class=\"mb-4\">\n              <span class=\"Headline block hyphens-auto text-primary text-2xl font-semibold\">FSE:VUL Announcements<\/span>\n      <\/h3>\n                    <div class=\"eqs-announcements-feed border border-slate-200 rounded-lg p-6\">\n                      \n                      <div class=\"flex items-center justify-center py-8\">\n                        <div class=\"animate-spin rounded-full h-12 w-12 border-b-2 border-primary\"><\/div>\n                      <\/div>\n                    <\/div>\n                  <\/div>\n                \n              <\/div>\n            \n          <\/div>\n              <\/div>\n\n    <\/div>\n  <\/div>\n  <\/section>\n\n<section id=\"block_8eddf5e9d3748b957165f3a25971cf1e\" class=\"block__text-only block block_margin\">\n    <div class=\"bg-none \">\n    <div class=\"container\">\n      <div class=\"block\">\n  <h2 >\n          <span class=\"PreHeadline block text-3xl hyphens-auto font-bold text-secondary font-highlight\"><\/span>\n              <span class=\"Headline block hyphens-auto text-primary\">Prospectus <strong>Exemption.<\/strong><\/span>\n      <\/h2>\n\n  \n  <div x-data=\"{ expanded: false }\">\n            <div class=\"row\" >\n                              <div class=\"col-12 md:col-6 space-y-6\">\n                                    <div>\n                    <p class=\"mb-last-item\"><a href=\"https:\/\/v-er.eu\/app\/uploads\/2024\/12\/VO_Vulcan_Energy_Resources_7Wertpapierprospekt_17122024secured.pdf\" target=\"_blank\" rel=\"noopener\">Prospectus Exemption<\/a><\/p>\n<p class=\"mb-last-item\"><a href=\"https:\/\/v-er.eu\/app\/uploads\/2025\/12\/Zeus_Exemption_Document_11-pager-Approved-Version-11-December-2025.pdf\" target=\"_blank\" rel=\"noopener\">Prospectus Replacing Document (Annex IX) for Capital Raise 2025<\/a><\/p>\n\n                  <\/div>\n                <\/div>\n                          <\/div>\n                      <\/div>\n\n  \n<\/div>    <\/div>\n  <\/div>\n  <\/section>\n\n<section id=\"block_94b3b0294a326836e018af72883694cb\" class=\"block__text-media block overflow-x-clip block_margin\">\n      <div>\n  <svg height=\"20\" width=\"100\" class=\"h-8 md:h-12 lg:h-20 w-full  text-primary\" viewBox=\"0 0 10 10\" preserveAspectRatio=\"none\">\n  <polygon fill=\"currentColor\" points=\"0 10 10 0 10 10\"><\/polygon>\n  <\/svg>\n<\/div>    <div class=\"bg-primary pt-12 lg:pt-20 pb-20\">\n    <div class=\"container\">\n      <div class=\"row gap-y-10\">\n        <div class=\"col-12 flex items-center lg:col-7 xl:col-6\">\n          <div class=\"w-full flex flex-col flex-nowrap items-end\">\n            <div class=\"mx-auto lg:mx-0 col-12 md:col-10 lg:col-11\">\n                              <h2 >\n          <span class=\"PreHeadline block text-3xl hyphens-auto font-bold font-highlight text-secondary\">Immer auf dem neuesten Stand<\/span>\n              <span class=\"Headline block hyphens-auto text-white\">Informationen f\u00fcr <strong>Investoren.<\/strong><\/span>\n      <\/h2>\n                            <div class=\"mx-auto lg:mx-0 \">\n                <div class=\"text-white\">\n                  <p class=\"mb-last-item\">Verfolgen Sie aktuelle Entwicklungen unseres Unternehmens direkt an der australischen und deutschen B\u00f6rse.<\/p>\n\n                <\/div>\n                                  <div class=\"mt-8\">\n          <a class=\"btn btn-secondary sm:me-3 mb-3 sm:mb-0 mb-last-item  mb-last-item\" href=\"https:\/\/www.asx.com.au\/markets\/company\/vul\" target=\"_blank\">\n  ASX Australische B\u00f6rse\n<\/a>              <a class=\"btn btn-secondary  mb-last-item\" href=\"https:\/\/www.boerse-frankfurt.de\/aktie\/vulcan-energy-resources\" target=\"_blank\">\n  FSE Frankfurter B\u00f6rse\n<\/a>      <\/div>\n                              <\/div>\n            <\/div>\n          <\/div>\n        <\/div>\n                  <div class=\"col-12 justify-center lg:col-5 xl:col-6 flex items-center lg:order-first\">\n            <div class=\"relative w-full z-0\">\n    <figure class=\"m-0 w-full\">\n <div class=\"ratio ratio-5x3\">     <img width=\"1760\" height=\"1536\" src=\"https:\/\/v-er.eu\/app\/uploads\/2024\/04\/Boerse-e1713338496148.jpg\" class=\"object-cover rounded-2xl  wp-image\" alt=\"\" decoding=\"async\" loading=\"lazy\" srcset=\"https:\/\/v-er.eu\/app\/uploads\/2024\/04\/Boerse-e1713338496148.jpg 1760w, https:\/\/v-er.eu\/app\/uploads\/2024\/04\/Boerse-e1713338496148-300x262.jpg 300w, https:\/\/v-er.eu\/app\/uploads\/2024\/04\/Boerse-e1713338496148-1024x894.jpg 1024w, https:\/\/v-er.eu\/app\/uploads\/2024\/04\/Boerse-e1713338496148-768x670.jpg 768w, https:\/\/v-er.eu\/app\/uploads\/2024\/04\/Boerse-e1713338496148-1536x1341.jpg 1536w\" sizes=\"(max-width: 1760px) 100vw, 1760px\" \/>\n <\/div> <\/figure>\n<\/div>          <\/div>\n              <\/div>\n    <\/div>\n  <\/div>\n      <div>\n  <svg height=\"20\" width=\"100\" class=\"h-8 md:h-12 lg:h-20 w-full rotate-180 text-primary\" viewBox=\"0 0 10 10\" preserveAspectRatio=\"none\">\n  <polygon fill=\"currentColor\" points=\"0 10 10 0 10 10\"><\/polygon>\n  <\/svg>\n<\/div>  <\/section>","protected":false},"excerpt":{"rendered":"","protected":false},"author":5,"featured_media":0,"parent":0,"menu_order":0,"comment_status":"closed","ping_status":"closed","template":"","meta":[],"acf":[],"yoast_head":"<!-- This site is optimized with the Yoast SEO plugin v20.13 - https:\/\/yoast.com\/wordpress\/plugins\/seo\/ -->\n<title>Bekanntmachungen - VULCAN ENERGY RESOURCES<\/title>\n<meta name=\"description\" content=\"Immer auf dem neusten Stand mit unseren Ank\u00fcndigungen. Au\u00dferdem weitere Informationen f\u00fcr unsere Investoren.\" \/>\n<meta name=\"robots\" content=\"index, follow, max-snippet:-1, max-image-preview:large, max-video-preview:-1\" \/>\n<link rel=\"canonical\" href=\"https:\/\/v-er.eu\/de\/ankuendigungen\/\" \/>\n<meta property=\"og:locale\" content=\"de_DE\" \/>\n<meta property=\"og:type\" content=\"article\" \/>\n<meta property=\"og:title\" content=\"Bekanntmachungen - VULCAN ENERGY RESOURCES\" \/>\n<meta property=\"og:description\" content=\"Immer auf dem neusten Stand mit unseren Ank\u00fcndigungen. Au\u00dferdem weitere Informationen f\u00fcr unsere Investoren.\" \/>\n<meta property=\"og:url\" content=\"https:\/\/v-er.eu\/de\/ankuendigungen\/\" \/>\n<meta property=\"og:site_name\" content=\"VULCAN ENERGY RESOURCES\" \/>\n<meta property=\"article:modified_time\" content=\"2025-12-11T14:50:17+00:00\" \/>\n<meta name=\"twitter:card\" content=\"summary_large_image\" \/>\n<script type=\"application\/ld+json\" class=\"yoast-schema-graph\">{\"@context\":\"https:\/\/schema.org\",\"@graph\":[{\"@type\":\"WebPage\",\"@id\":\"https:\/\/v-er.eu\/de\/ankuendigungen\/\",\"url\":\"https:\/\/v-er.eu\/de\/ankuendigungen\/\",\"name\":\"Bekanntmachungen - VULCAN ENERGY RESOURCES\",\"isPartOf\":{\"@id\":\"https:\/\/v-er.eu\/#website\"},\"datePublished\":\"2023-10-30T15:24:27+00:00\",\"dateModified\":\"2025-12-11T14:50:17+00:00\",\"description\":\"Immer auf dem neusten Stand mit unseren Ank\u00fcndigungen. Au\u00dferdem weitere Informationen f\u00fcr unsere Investoren.\",\"breadcrumb\":{\"@id\":\"https:\/\/v-er.eu\/de\/ankuendigungen\/#breadcrumb\"},\"inLanguage\":\"de-DE\",\"potentialAction\":[{\"@type\":\"ReadAction\",\"target\":[\"https:\/\/v-er.eu\/de\/ankuendigungen\/\"]}]},{\"@type\":\"BreadcrumbList\",\"@id\":\"https:\/\/v-er.eu\/de\/ankuendigungen\/#breadcrumb\",\"itemListElement\":[{\"@type\":\"ListItem\",\"position\":1,\"name\":\"Home\",\"item\":\"https:\/\/v-er.eu\/de\/\"},{\"@type\":\"ListItem\",\"position\":2,\"name\":\"Bekanntmachungen\"}]},{\"@type\":\"WebSite\",\"@id\":\"https:\/\/v-er.eu\/#website\",\"url\":\"https:\/\/v-er.eu\/\",\"name\":\"VULCAN ENERGY RESOURCES\",\"description\":\"Vulcan\u2019s purpose is to empower a net zero carbon future, aiming to supply lithium chemicals and renewable energy from Europe, for Europe from its Zero Carbon Lithium\u2122 Project.\",\"potentialAction\":[{\"@type\":\"SearchAction\",\"target\":{\"@type\":\"EntryPoint\",\"urlTemplate\":\"https:\/\/v-er.eu\/?s={search_term_string}\"},\"query-input\":\"required name=search_term_string\"}],\"inLanguage\":\"de-DE\"}]}<\/script>\n<!-- \/ Yoast SEO plugin. -->","yoast_head_json":{"title":"Bekanntmachungen - VULCAN ENERGY RESOURCES","description":"Immer auf dem neusten Stand mit unseren Ank\u00fcndigungen. Au\u00dferdem weitere Informationen f\u00fcr unsere Investoren.","robots":{"index":"index","follow":"follow","max-snippet":"max-snippet:-1","max-image-preview":"max-image-preview:large","max-video-preview":"max-video-preview:-1"},"canonical":"https:\/\/v-er.eu\/de\/ankuendigungen\/","og_locale":"de_DE","og_type":"article","og_title":"Bekanntmachungen - VULCAN ENERGY RESOURCES","og_description":"Immer auf dem neusten Stand mit unseren Ank\u00fcndigungen. Au\u00dferdem weitere Informationen f\u00fcr unsere Investoren.","og_url":"https:\/\/v-er.eu\/de\/ankuendigungen\/","og_site_name":"VULCAN ENERGY RESOURCES","article_modified_time":"2025-12-11T14:50:17+00:00","twitter_card":"summary_large_image","schema":{"@context":"https:\/\/schema.org","@graph":[{"@type":"WebPage","@id":"https:\/\/v-er.eu\/de\/ankuendigungen\/","url":"https:\/\/v-er.eu\/de\/ankuendigungen\/","name":"Bekanntmachungen - VULCAN ENERGY RESOURCES","isPartOf":{"@id":"https:\/\/v-er.eu\/#website"},"datePublished":"2023-10-30T15:24:27+00:00","dateModified":"2025-12-11T14:50:17+00:00","description":"Immer auf dem neusten Stand mit unseren Ank\u00fcndigungen. Au\u00dferdem weitere Informationen f\u00fcr unsere Investoren.","breadcrumb":{"@id":"https:\/\/v-er.eu\/de\/ankuendigungen\/#breadcrumb"},"inLanguage":"de-DE","potentialAction":[{"@type":"ReadAction","target":["https:\/\/v-er.eu\/de\/ankuendigungen\/"]}]},{"@type":"BreadcrumbList","@id":"https:\/\/v-er.eu\/de\/ankuendigungen\/#breadcrumb","itemListElement":[{"@type":"ListItem","position":1,"name":"Home","item":"https:\/\/v-er.eu\/de\/"},{"@type":"ListItem","position":2,"name":"Bekanntmachungen"}]},{"@type":"WebSite","@id":"https:\/\/v-er.eu\/#website","url":"https:\/\/v-er.eu\/","name":"VULCAN ENERGY RESOURCES","description":"Vulcan\u2019s purpose is to empower a net zero carbon future, aiming to supply lithium chemicals and renewable energy from Europe, for Europe from its Zero Carbon Lithium\u2122 Project.","potentialAction":[{"@type":"SearchAction","target":{"@type":"EntryPoint","urlTemplate":"https:\/\/v-er.eu\/?s={search_term_string}"},"query-input":"required name=search_term_string"}],"inLanguage":"de-DE"}]}},"_links":{"self":[{"href":"https:\/\/v-er.eu\/de\/wp-json\/wp\/v2\/pages\/10939"}],"collection":[{"href":"https:\/\/v-er.eu\/de\/wp-json\/wp\/v2\/pages"}],"about":[{"href":"https:\/\/v-er.eu\/de\/wp-json\/wp\/v2\/types\/page"}],"author":[{"embeddable":true,"href":"https:\/\/v-er.eu\/de\/wp-json\/wp\/v2\/users\/5"}],"replies":[{"embeddable":true,"href":"https:\/\/v-er.eu\/de\/wp-json\/wp\/v2\/comments?post=10939"}],"version-history":[{"count":41,"href":"https:\/\/v-er.eu\/de\/wp-json\/wp\/v2\/pages\/10939\/revisions"}],"predecessor-version":[{"id":22299,"href":"https:\/\/v-er.eu\/de\/wp-json\/wp\/v2\/pages\/10939\/revisions\/22299"}],"wp:attachment":[{"href":"https:\/\/v-er.eu\/de\/wp-json\/wp\/v2\/media?parent=10939"}],"curies":[{"name":"wp","href":"https:\/\/api.w.org\/{rel}","templated":true}]}}