{"id":10975,"date":"2023-10-30T15:26:33","date_gmt":"2023-10-30T15:26:33","guid":{"rendered":"https:\/\/v-er.eu\/research-reports\/"},"modified":"2026-02-10T12:26:12","modified_gmt":"2026-02-10T12:26:12","slug":"research-reports","status":"publish","type":"page","link":"https:\/\/v-er.eu\/de\/research-reports\/","title":{"rendered":"Research &amp; Research Reports"},"content":{"rendered":"<section id=\"block_d2408547e65aa05fcfb701197fb00a6b\" class=\"block__text-media-hero block relative -mt-14 block_margin \">\n\n  <div class=\"relative bg-[url(12093)] bg-cover bg-center bg-no-repeat\">\n\n          <div class=\"absolute inset-0\">\n        <figure class=\"m-0 h-full\">\n <div class=\"ratio no-ratio h-full\">     <img width=\"2560\" height=\"1920\" src=\"https:\/\/v-er.eu\/app\/uploads\/sites\/9\/2024\/04\/Boerse-1.jpg\" class=\"object-cover h-full w-full wp-image\" alt=\"\" decoding=\"async\" loading=\"eager\" srcset=\"https:\/\/v-er.eu\/app\/uploads\/sites\/9\/2024\/04\/Boerse-1.jpg 2560w, https:\/\/v-er.eu\/app\/uploads\/sites\/9\/2024\/04\/Boerse-1-300x225.jpg 300w, https:\/\/v-er.eu\/app\/uploads\/sites\/9\/2024\/04\/Boerse-1-1024x768.jpg 1024w, https:\/\/v-er.eu\/app\/uploads\/sites\/9\/2024\/04\/Boerse-1-768x576.jpg 768w, https:\/\/v-er.eu\/app\/uploads\/sites\/9\/2024\/04\/Boerse-1-1536x1152.jpg 1536w, https:\/\/v-er.eu\/app\/uploads\/sites\/9\/2024\/04\/Boerse-1-2048x1536.jpg 2048w\" sizes=\"(max-width: 2560px) 100vw, 2560px\" \/>\n <\/div> <\/figure>      <\/div>\n    \n    <div class=\"absolute inset-0 hero-media-overlay\"><\/div>\n    <div class=\"absolute inset-0 hero-media-vignette\"><\/div>\n\n    <div class=\"relative container flex flex-col justify-between flex-wrap py-16 min-h-[28rem]\">\n\n      <div class=\"text-white mb-10\">\n                <div id=\"Breadcrumb\">\n            <nav aria-label=\"Breadcrumb\">\n                <ol class=\"flex items-center gap-1 text-sm\">\n                <li class=\"breadcrumb-item \">\n                    <a class=\"breadcrumb-home\" href=\"https:\/\/v-er.eu\/de\/\">\n                        <svg\n    xmlns=\"http:\/\/www.w3.org\/2000\/svg\"\n    class=\"h-4 w-4\"\n    fill=\"none\"\n    viewBox=\"0 0 24 24\"\n    stroke=\"currentColor\"\n    height=\"24\"\n    width=\"24\"\n    >\n    <path\n    stroke-linecap=\"round\"\n    stroke-linejoin=\"round\"\n    stroke-width=\"2\"\n    d=\"M3 12l2-2m0 0l7-7 7 7M5 10v10a1 1 0 001 1h3m10-11l2 2m-2-2v10a1 1 0 01-1 1h-3m-6 0a1 1 0 001-1v-4a1 1 0 011-1h2a1 1 0 011 1v4a1 1 0 001 1m-6 0h6\"\n    \/>\n<\/svg>                    <\/a>\n                <\/li>\n                                                                                        <li class=\"breadcrumb-item flex items-center active\"  aria-current=\"page\">\n                                <span class=\"rotate-[270deg] inline-block\"> <svg xmlns=\"http:\/\/www.w3.org\/2000\/svg\"\nclass=\"h-4 w-4\"\nviewBox=\"0 0 20 20\"\nstroke=\"currentColor\"\nheight=\"24\"\nwidth=\"24\">\n    <path d=\"M9.293 12.95l.707.707L15.657 8l-1.414-1.414L10 10.828 5.757 6.586 4.343 8z\" \/>\n<\/svg> <\/span>\n                                <span class=\"inline-block\">Research &amp; Research Reports<\/span>\n                            <\/li>\n                                                                                    <\/ol>\n            <\/nav>\n        <\/div>      <\/div>\n\n      <div class=\"w-full ltr:sm:text-left rtl:sm:text-right\">\n                  <h2 >\n          <span class=\"PreHeadline block text-3xl font-bold text-secondary font-highlight\">Eignen Sie sich relevantes Wissen an<\/span>\n              <span class=\"Headline block text-white\">Research <strong>Reports.<\/strong><\/span>\n      <\/h2>\n        \n        \n        <div class=\"max-w-md text-white\">\n          \n        <\/div>\n\n              <\/div>\n    <\/div>\n\n    \n      <\/div>\n\n  <div class=\"absolute bottom-0 w-full\">\n    <div>\n  <svg height=\"20\" width=\"100\" class=\"h-8 md:h-12 lg:h-20 w-full  text-white relative z-10\" viewBox=\"0 0 10 10\" preserveAspectRatio=\"none\">\n  <polygon fill=\"currentColor\" points=\"0 10 10 0 10 10\"><\/polygon>\n  <\/svg>\n<\/div>  <\/div>\n\n<\/section>\n\n\n<section id=\"block_42731719cdd9887f14cdec3e378e25f6\" class=\"block__investi-media block block_margin\">\n    <div class=\"bg-none \">\n    <div class=\"container\">\n      <div class=\"col-10 mx-auto\">\n        <div class=\"row\">\n          <div class=\"col-12 lg:col-7 flex justify-center flex-col flex-wrap\">\n  <h2 >\n          <span class=\"PreHeadline block text-3xl font-bold text-secondary font-highlight\">21. November 2024<\/span>\n              <span class=\"Headline block text-primary text-2xl\"><strong>mwb Research<\/strong><\/span>\n      <\/h2>\n\n      <div class=\"block\">\n      <p class=\"mb-last-item\"><strong>BASF-Partnerschaft mit Potenzial f\u00fcr weitere Phase<\/strong><\/p>\n<p class=\"mb-last-item\">Vulcan Energy Resources und BASF schlie\u00dfen eine Partnerschaft, um ein GeothermieW\u00e4rmeprojekt am BASF-Standort in Ludwigshafen zu entwickeln. Vulcans Ziel ist es, j\u00e4hrlich 2.000\u20132.500 GWh erneuerbare W\u00e4rme zu liefern. Die Zusammenarbeit umfasst zudem die Pr\u00fcfung des Baus einer Lithiumextraktionsanlage vor Ort, um Lithium f\u00fcr den europ\u00e4ischen Markt der Elektrofahrzeuge zu gewinnen. W\u00e4hrend die Partnerschaft aufgebaut wird, h\u00e4ngt die Umsetzung weiterer Projekte, wie einer Lithiumextraktionsanlage, von den Ergebnissen erster Bewertungen und Machbarkeitsstudien ab. Diese Partnerschaft unterstreicht nicht nur Vulcans wachsendes Ansehen und das Potenzial f\u00fcr zus\u00e4tzliche Extraktionsprojekte, sondern verleiht auch dem Gesamtansatz von Vulcan Glaubw\u00fcrdigkeit. Wir best\u00e4tigen unser Kursziel von EUR 10,50 und unsere Kaufempfehlung.<\/p>\n    <\/div>\n  \n  <div>\n                                                                <\/div>\n\n  <div class=\"mt-8\">\n          <a class=\"btn btn-primary   mb-last-item\" href=\"https:\/\/v-er.eu\/app\/uploads\/2024\/12\/2024-11-21-Vulcan-Energy-BASF-DE___jbm5yffd.pdf\" target=\"_blank\">\n  Download\n<\/a>          <\/div>\n<\/div>\n          <div class=\"col-12 lg:col-5 order-first mb-14 lg:mb-0\">\n            <figure class=\"m-0 w-full lg:max-w-[22rem] ml-auto\">\n <div class=\"ratio ratio-4x5\">     <img width=\"573\" height=\"763\" src=\"https:\/\/v-er.eu\/app\/uploads\/sites\/9\/2024\/12\/basf-ger.png\" class=\"object-contain rounded-2xl drop-shadow-xl wp-image\" alt=\"\" decoding=\"async\" loading=\"lazy\" srcset=\"https:\/\/v-er.eu\/app\/uploads\/sites\/9\/2024\/12\/basf-ger.png 573w, https:\/\/v-er.eu\/app\/uploads\/sites\/9\/2024\/12\/basf-ger-225x300.png 225w\" sizes=\"(max-width: 573px) 100vw, 573px\" \/>\n <\/div> <\/figure>          <\/div>\n        <\/div>\n      <\/div>\n    <\/div>\n  <\/div>\n  <\/section>\n\n<section id=\"block_46f959cc7cdcae232d3c383791b55150\" class=\"block__investi-media block block_margin\">\n    <div class=\"bg-none \">\n    <div class=\"container\">\n      <div class=\"col-10 mx-auto\">\n        <div class=\"row\">\n          <div class=\"col-12 lg:col-7 flex justify-center flex-col flex-wrap\">\n  <h2 >\n          <span class=\"PreHeadline block text-3xl font-bold text-secondary font-highlight\">13. November 2024<\/span>\n              <span class=\"Headline block text-primary text-2xl\"><strong>mwb Research<\/strong><\/span>\n      <\/h2>\n\n      <div class=\"block\">\n      <p class=\"mb-last-item\"><strong>Zusage f\u00fcr F\u00f6rdermittel. Vorkommerzielle Produktion gestartet<\/strong><\/p>\n<p class=\"mb-last-item\">Vulcan Energy Resources sichert sich EUR 100 Mio. BEW-F\u00f6rdermittel vom Bundesministerium f\u00fcr Wirtschaft und Klimaschutz f\u00fcr das Projekt \u201eHeat4Landau\u201c zur Bereitstellung erneuerbarer W\u00e4rme in der Region Landau. Als wichtigen Meilenstein hat Vulcan zudem die vorkommerzielle Produktion von Lithiumhydroxid in der neuen CLEOP-Anlage in Frankfurt aufgenommen. Mit der Verleihung des \u201eDark Green\u201c-Ratings durch S&amp;P Global st\u00e4rkt Vulcan sein nachhaltiges Profil und den Zugang zu vorteilhafter Finanzierung. Trotz einer verl\u00e4ngerten Finanzierungsfrist und einem angepassten Produktionsstart 2027 bleibt Vulcan auf Kurs, die europ\u00e4ische Energiewende hin zu nachhaltigem Lithium und erneuerbarer Energie zu unterst\u00fctzen. Wir best\u00e4tigen unser Kursziel von EUR 10,50 und unsere Kaufempfehlung.<\/p>\n    <\/div>\n  \n  <div>\n                                                                <\/div>\n\n  <div class=\"mt-8\">\n          <a class=\"btn btn-primary   mb-last-item\" href=\"https:\/\/v-er.eu\/app\/uploads\/2024\/12\/2024-11-13-Vulcan-Energy-BEW-DE___ui8uo65o.pdf\" target=\"_blank\">\n  Download\n<\/a>          <\/div>\n<\/div>\n          <div class=\"col-12 lg:col-5 order-first mb-14 lg:mb-0\">\n            <figure class=\"m-0 w-full lg:max-w-[22rem] ml-auto\">\n <div class=\"ratio ratio-4x5\">     <img width=\"579\" height=\"764\" src=\"https:\/\/v-er.eu\/app\/uploads\/sites\/9\/2024\/12\/bew-ger.png\" class=\"object-contain rounded-2xl drop-shadow-xl wp-image\" alt=\"\" decoding=\"async\" loading=\"lazy\" srcset=\"https:\/\/v-er.eu\/app\/uploads\/sites\/9\/2024\/12\/bew-ger.png 579w, https:\/\/v-er.eu\/app\/uploads\/sites\/9\/2024\/12\/bew-ger-227x300.png 227w\" sizes=\"(max-width: 579px) 100vw, 579px\" \/>\n <\/div> <\/figure>          <\/div>\n        <\/div>\n      <\/div>\n    <\/div>\n  <\/div>\n  <\/section>\n\n<section id=\"block_30f40c3c46efd5673dce55a173cb42cb\" class=\"block__text-media-grid overflow-x-hidden block block_margin\">\n    <div class=\"bg-none \">\n    <div class=\"container space-y-14 text-default\">\n      <div class=\"text-center mx-auto col-12 md:col-10 xl:col-8\">\n  <h2 >\n          <span class=\"PreHeadline block text-3xl font-bold text-secondary font-highlight\"><\/span>\n              <span class=\"Headline block text-primary\">Analytische <strong>Berichterstattung.<\/strong><\/span>\n      <\/h2>\n\n  \n  \n\n  \n<\/div>\n              <div class=\"relative\"\n  x-data=\"getSwiper({&quot;loop&quot;:false,&quot;slidesPerView&quot;:&quot;auto&quot;,&quot;spaceBetween&quot;:0})\"\n  x-init=\"initSwiper(breakpoints.xl)\"\n  x-on:resize.window=\"initSwiper(breakpoints.xl)\">\n\n  <div class=\"swiper overflow-unset\" x-ref=\"container\">\n    <div class=\"swiper-wrapper row xl:gap-y-6 xl:justify-center flex-nowrap xl:flex-wrap pb-6\">\n      <div class=\"swiper-slide relative col-10 md:col-6 lg:col-6 h-auto xl:col-4\">\n  <div class=\"singe-tile rounded-2xl overflow-hidden shadow-even hover:scale-[1.01] transition duration-300 h-full flex flex-col\">\n    <div class=\"block relative\">\n      <figure class=\"m-0 w-full\">\n <div class=\"ratio ratio-4x3\">     <img width=\"675\" height=\"578\" src=\"https:\/\/v-er.eu\/app\/uploads\/sites\/9\/2024\/06\/cg-cropped.png\" class=\"object-cover wp-image\" alt=\"\" decoding=\"async\" loading=\"lazy\" srcset=\"https:\/\/v-er.eu\/app\/uploads\/sites\/9\/2024\/06\/cg-cropped.png 675w, https:\/\/v-er.eu\/app\/uploads\/sites\/9\/2024\/06\/cg-cropped-300x257.png 300w\" sizes=\"(max-width: 675px) 100vw, 675px\" \/>\n <\/div> <\/figure>\n      <div class=\"absolute -bottom-[2rem] left-1\/2 -translate-x-1\/2 bg-white p-4 rounded-full\">\n        <img decoding=\"async\" class=\"w-8 h-8\" src=\"https:\/\/v-er.eu\/app\/themes\/vulcan-x\/public\/images\/v-signat.d56e6a.svg\" alt=\"vulcan\">\n      <\/div>\n    <\/div>\n    <div class=\"p-6 flex flex-col justify-between flex-1 bg-white text-default\">\n      <div class=\"block\">\n        <h3 class=\"mb-4\">\n          <span class=\"PreHeadline block font-bold text-secondary font-highlight text-xl\"><\/span>\n              <span class=\"Headline block text-primary text-2xl font-medium\"><strong>Canaccord Genuity<\/strong><\/span>\n      <\/h3>\n        <div>\n          Timothy Hoff\n\n        <\/div>\n      <\/div>\n      <div class=\"block\">\n        <div class=\"mt-8\">\n          <a class=\"btn textlink   mb-last-item\" href=\"mailto:thoff@cgf.com\" target=\"_blank\">\n  Per Email kontaktieren\n<\/a>          <\/div>\n      <\/div>\n    <\/div>\n  <\/div>\n<\/div>                      <div class=\"swiper-slide relative col-10 md:col-6 lg:col-6 h-auto xl:col-4\">\n  <div class=\"singe-tile rounded-2xl overflow-hidden shadow-even hover:scale-[1.01] transition duration-300 h-full flex flex-col\">\n    <div class=\"block relative\">\n      <figure class=\"m-0 w-full\">\n <div class=\"ratio ratio-4x3\">     <img width=\"703\" height=\"599\" src=\"https:\/\/v-er.eu\/app\/uploads\/sites\/9\/2024\/06\/cropped-brerenberg.png\" class=\"object-cover wp-image\" alt=\"\" decoding=\"async\" loading=\"lazy\" srcset=\"https:\/\/v-er.eu\/app\/uploads\/sites\/9\/2024\/06\/cropped-brerenberg.png 703w, https:\/\/v-er.eu\/app\/uploads\/sites\/9\/2024\/06\/cropped-brerenberg-300x256.png 300w\" sizes=\"(max-width: 703px) 100vw, 703px\" \/>\n <\/div> <\/figure>\n      <div class=\"absolute -bottom-[2rem] left-1\/2 -translate-x-1\/2 bg-white p-4 rounded-full\">\n        <img decoding=\"async\" class=\"w-8 h-8\" src=\"https:\/\/v-er.eu\/app\/themes\/vulcan-x\/public\/images\/v-signat.d56e6a.svg\" alt=\"vulcan\">\n      <\/div>\n    <\/div>\n    <div class=\"p-6 flex flex-col justify-between flex-1 bg-white text-default\">\n      <div class=\"block\">\n        <h3 class=\"mb-4\">\n          <span class=\"PreHeadline block font-bold text-secondary font-highlight text-xl\"><\/span>\n              <span class=\"Headline block text-primary text-2xl font-medium\"><strong>Berenberg<\/strong><\/span>\n      <\/h3>\n        <div>\n          Andr\u00e9s Casta\u00f1os-Mollor\n\n        <\/div>\n      <\/div>\n      <div class=\"block\">\n        <div class=\"mt-8\">\n          <a class=\"btn textlink   mb-last-item\" href=\"mailto:andres.castanos-mollor@berenberg.com\" target=\"_blank\">\n  Per Email kontaktieren\n<\/a>          <\/div>\n      <\/div>\n    <\/div>\n  <\/div>\n<\/div>                      <div class=\"swiper-slide relative col-10 md:col-6 lg:col-6 h-auto xl:col-4\">\n  <div class=\"singe-tile rounded-2xl overflow-hidden shadow-even hover:scale-[1.01] transition duration-300 h-full flex flex-col\">\n    <div class=\"block relative\">\n      <figure class=\"m-0 w-full\">\n <div class=\"ratio ratio-4x3\">     <img width=\"1080\" height=\"1080\" src=\"https:\/\/v-er.eu\/app\/uploads\/sites\/9\/2024\/10\/Design-ohne-Titel-2.png\" class=\"object-cover wp-image\" alt=\"\" decoding=\"async\" loading=\"lazy\" srcset=\"https:\/\/v-er.eu\/app\/uploads\/sites\/9\/2024\/10\/Design-ohne-Titel-2.png 1080w, https:\/\/v-er.eu\/app\/uploads\/sites\/9\/2024\/10\/Design-ohne-Titel-2-300x300.png 300w, https:\/\/v-er.eu\/app\/uploads\/sites\/9\/2024\/10\/Design-ohne-Titel-2-1024x1024.png 1024w, https:\/\/v-er.eu\/app\/uploads\/sites\/9\/2024\/10\/Design-ohne-Titel-2-150x150.png 150w, https:\/\/v-er.eu\/app\/uploads\/sites\/9\/2024\/10\/Design-ohne-Titel-2-768x768.png 768w\" sizes=\"(max-width: 1080px) 100vw, 1080px\" \/>\n <\/div> <\/figure>\n      <div class=\"absolute -bottom-[2rem] left-1\/2 -translate-x-1\/2 bg-white p-4 rounded-full\">\n        <img decoding=\"async\" class=\"w-8 h-8\" src=\"https:\/\/v-er.eu\/app\/themes\/vulcan-x\/public\/images\/v-signat.d56e6a.svg\" alt=\"vulcan\">\n      <\/div>\n    <\/div>\n    <div class=\"p-6 flex flex-col justify-between flex-1 bg-white text-default\">\n      <div class=\"block\">\n        <h3 class=\"mb-4\">\n          <span class=\"PreHeadline block font-bold text-secondary font-highlight text-xl\"><\/span>\n              <span class=\"Headline block text-primary text-2xl font-medium\"><strong>mwb research<\/strong><\/span>\n      <\/h3>\n        <div>\n          Alexander Zienkowicz\n\n        <\/div>\n      <\/div>\n      <div class=\"block\">\n        <div class=\"mt-8\">\n          <a class=\"btn textlink   mb-last-item\" href=\"mailto:a.zienkowicz@alsterresearch.com\" target=\"_blank\">\n  Per Email kontaktieren\n<\/a>          <\/div>\n      <\/div>\n    <\/div>\n  <\/div>\n<\/div>\n    <\/div>\n  <\/div>\n<\/div>      \n    <\/div>\n  <\/div>\n  <\/section>\n\n<section id=\"block_1a2e7a66a04414faa7eef39476fb6019\" class=\"block__text-media block overflow-x-clip block_margin\">\n      <div>\n  <svg height=\"20\" width=\"100\" class=\"h-8 md:h-12 lg:h-20 w-full  text-primary\" viewBox=\"0 0 10 10\" preserveAspectRatio=\"none\">\n  <polygon fill=\"currentColor\" points=\"0 10 10 0 10 10\"><\/polygon>\n  <\/svg>\n<\/div>    <div class=\"bg-primary pt-12 lg:pt-20 pb-20\">\n    <div class=\"container\">\n      <div class=\"row gap-y-10\">\n        <div class=\"col-12 flex items-center lg:col-7 xl:col-6\">\n          <div class=\"w-full\">\n            <div class=\"mx-auto lg:mx-0 col-12 md:col-10 lg:col-11\">\n                              <h2 >\n          <span class=\"PreHeadline block text-3xl font-bold font-highlight text-secondary\">Immer auf dem neuesten Stand<\/span>\n              <span class=\"Headline block text-white\">Informationen f\u00fcr <strong>Investoren.<\/strong><\/span>\n      <\/h2>\n                            <div class=\"mx-auto lg:mx-0 \">\n                <div class=\"text-white\">\n                  <p class=\"mb-last-item\">Verfolgen Sie aktuelle Entwicklungen unseres Unternehmens direkt an der australischen und deutschen B\u00f6rse.<\/p>\n\n                <\/div>\n                                  <div class=\"mt-8\">\n          <a class=\"btn btn-secondary sm:me-3 mb-3 sm:mb-0 mb-last-item  mb-last-item\" href=\"https:\/\/www.asx.com.au\/markets\/company\/vul\" target=\"_blank\">\n  ASX Australische B\u00f6rse\n<\/a>              <a class=\"btn btn-secondary  mb-last-item\" href=\"https:\/\/www.boerse-frankfurt.de\/aktie\/vulcan-energy-resources\" target=\"_blank\">\n  FSE Frankfurter B\u00f6rse\n<\/a>      <\/div>\n                              <\/div>\n            <\/div>\n          <\/div>\n        <\/div>\n                  <div class=\"col-12 justify-center lg:col-5 xl:col-6 flex items-center lg:order-last\">\n            <div class=\"relative w-full z-0\">\n    <figure class=\"m-0 w-full\">\n <div class=\"ratio ratio-5x3\">     <img width=\"1760\" height=\"1536\" src=\"https:\/\/v-er.eu\/app\/uploads\/sites\/9\/2024\/04\/Boerse-e1713338496148.jpg\" class=\"object-cover rounded-2xl wp-image\" alt=\"\" decoding=\"async\" loading=\"lazy\" srcset=\"https:\/\/v-er.eu\/app\/uploads\/sites\/9\/2024\/04\/Boerse-e1713338496148.jpg 1760w, https:\/\/v-er.eu\/app\/uploads\/sites\/9\/2024\/04\/Boerse-e1713338496148-300x262.jpg 300w, https:\/\/v-er.eu\/app\/uploads\/sites\/9\/2024\/04\/Boerse-e1713338496148-1024x894.jpg 1024w, https:\/\/v-er.eu\/app\/uploads\/sites\/9\/2024\/04\/Boerse-e1713338496148-768x670.jpg 768w, https:\/\/v-er.eu\/app\/uploads\/sites\/9\/2024\/04\/Boerse-e1713338496148-1536x1341.jpg 1536w\" sizes=\"(max-width: 1760px) 100vw, 1760px\" \/>\n <\/div> <\/figure>\n<\/div>          <\/div>\n              <\/div>\n    <\/div>\n  <\/div>\n      <div>\n  <svg height=\"20\" width=\"100\" class=\"h-8 md:h-12 lg:h-20 w-full rotate-180 text-primary\" viewBox=\"0 0 10 10\" preserveAspectRatio=\"none\">\n  <polygon fill=\"currentColor\" points=\"0 10 10 0 10 10\"><\/polygon>\n  <\/svg>\n<\/div>  <\/section>","protected":false},"excerpt":{"rendered":"","protected":false},"author":5,"featured_media":0,"parent":0,"menu_order":0,"comment_status":"closed","ping_status":"closed","template":"","meta":[],"acf":[],"yoast_head":"<!-- This site is optimized with the Yoast SEO plugin v20.13 - https:\/\/yoast.com\/wordpress\/plugins\/seo\/ -->\n<title>Research &amp; Research Reports - VULCAN ENERGY RESOURCES<\/title>\n<meta name=\"description\" content=\"Willkommen in unserem Research Reports Bereich! Hier finden Sie alle aktuellen Research Reports, wie zum Beispiel ...\" \/>\n<meta name=\"robots\" content=\"noindex, follow, max-snippet:-1, max-image-preview:large, max-video-preview:-1\" \/>\n<meta property=\"og:locale\" content=\"de_DE\" \/>\n<meta property=\"og:type\" content=\"article\" \/>\n<meta property=\"og:title\" content=\"Research &amp; Research Reports - VULCAN ENERGY RESOURCES\" \/>\n<meta property=\"og:description\" content=\"Willkommen in unserem Research Reports Bereich! Hier finden Sie alle aktuellen Research Reports, wie zum Beispiel ...\" \/>\n<meta property=\"og:url\" content=\"https:\/\/v-er.eu\/de\/research-reports\/\" \/>\n<meta property=\"og:site_name\" content=\"VULCAN ENERGY RESOURCES\" \/>\n<meta property=\"article:modified_time\" content=\"2026-02-10T12:26:12+00:00\" \/>\n<meta name=\"twitter:card\" content=\"summary_large_image\" \/>\n<script type=\"application\/ld+json\" class=\"yoast-schema-graph\">{\"@context\":\"https:\/\/schema.org\",\"@graph\":[{\"@type\":\"WebPage\",\"@id\":\"https:\/\/v-er.eu\/de\/research-reports\/\",\"url\":\"https:\/\/v-er.eu\/de\/research-reports\/\",\"name\":\"Research &amp; Research Reports - VULCAN ENERGY RESOURCES\",\"isPartOf\":{\"@id\":\"https:\/\/v-er.eu\/#website\"},\"datePublished\":\"2023-10-30T15:26:33+00:00\",\"dateModified\":\"2026-02-10T12:26:12+00:00\",\"description\":\"Willkommen in unserem Research Reports Bereich! Hier finden Sie alle aktuellen Research Reports, wie zum Beispiel ...\",\"breadcrumb\":{\"@id\":\"https:\/\/v-er.eu\/de\/research-reports\/#breadcrumb\"},\"inLanguage\":\"de-DE\",\"potentialAction\":[{\"@type\":\"ReadAction\",\"target\":[\"https:\/\/v-er.eu\/de\/research-reports\/\"]}]},{\"@type\":\"BreadcrumbList\",\"@id\":\"https:\/\/v-er.eu\/de\/research-reports\/#breadcrumb\",\"itemListElement\":[{\"@type\":\"ListItem\",\"position\":1,\"name\":\"Home\",\"item\":\"https:\/\/v-er.eu\/de\/\"},{\"@type\":\"ListItem\",\"position\":2,\"name\":\"Research &amp; Research Reports\"}]},{\"@type\":\"WebSite\",\"@id\":\"https:\/\/v-er.eu\/#website\",\"url\":\"https:\/\/v-er.eu\/\",\"name\":\"VULCAN ENERGY RESOURCES\",\"description\":\"Vulcan\u2019s purpose is to empower a net zero carbon future, aiming to supply lithium chemicals and renewable energy from Europe, for Europe from its Zero Carbon Lithium\u2122 Project.\",\"potentialAction\":[{\"@type\":\"SearchAction\",\"target\":{\"@type\":\"EntryPoint\",\"urlTemplate\":\"https:\/\/v-er.eu\/?s={search_term_string}\"},\"query-input\":\"required name=search_term_string\"}],\"inLanguage\":\"de-DE\"}]}<\/script>\n<!-- \/ Yoast SEO plugin. -->","yoast_head_json":{"title":"Research &amp; Research Reports - VULCAN ENERGY RESOURCES","description":"Willkommen in unserem Research Reports Bereich! Hier finden Sie alle aktuellen Research Reports, wie zum Beispiel ...","robots":{"index":"noindex","follow":"follow","max-snippet":"max-snippet:-1","max-image-preview":"max-image-preview:large","max-video-preview":"max-video-preview:-1"},"og_locale":"de_DE","og_type":"article","og_title":"Research &amp; Research Reports - VULCAN ENERGY RESOURCES","og_description":"Willkommen in unserem Research Reports Bereich! Hier finden Sie alle aktuellen Research Reports, wie zum Beispiel ...","og_url":"https:\/\/v-er.eu\/de\/research-reports\/","og_site_name":"VULCAN ENERGY RESOURCES","article_modified_time":"2026-02-10T12:26:12+00:00","twitter_card":"summary_large_image","schema":{"@context":"https:\/\/schema.org","@graph":[{"@type":"WebPage","@id":"https:\/\/v-er.eu\/de\/research-reports\/","url":"https:\/\/v-er.eu\/de\/research-reports\/","name":"Research &amp; Research Reports - VULCAN ENERGY RESOURCES","isPartOf":{"@id":"https:\/\/v-er.eu\/#website"},"datePublished":"2023-10-30T15:26:33+00:00","dateModified":"2026-02-10T12:26:12+00:00","description":"Willkommen in unserem Research Reports Bereich! Hier finden Sie alle aktuellen Research Reports, wie zum Beispiel ...","breadcrumb":{"@id":"https:\/\/v-er.eu\/de\/research-reports\/#breadcrumb"},"inLanguage":"de-DE","potentialAction":[{"@type":"ReadAction","target":["https:\/\/v-er.eu\/de\/research-reports\/"]}]},{"@type":"BreadcrumbList","@id":"https:\/\/v-er.eu\/de\/research-reports\/#breadcrumb","itemListElement":[{"@type":"ListItem","position":1,"name":"Home","item":"https:\/\/v-er.eu\/de\/"},{"@type":"ListItem","position":2,"name":"Research &amp; Research Reports"}]},{"@type":"WebSite","@id":"https:\/\/v-er.eu\/#website","url":"https:\/\/v-er.eu\/","name":"VULCAN ENERGY RESOURCES","description":"Vulcan\u2019s purpose is to empower a net zero carbon future, aiming to supply lithium chemicals and renewable energy from Europe, for Europe from its Zero Carbon Lithium\u2122 Project.","potentialAction":[{"@type":"SearchAction","target":{"@type":"EntryPoint","urlTemplate":"https:\/\/v-er.eu\/?s={search_term_string}"},"query-input":"required name=search_term_string"}],"inLanguage":"de-DE"}]}},"_links":{"self":[{"href":"https:\/\/v-er.eu\/de\/wp-json\/wp\/v2\/pages\/10975"}],"collection":[{"href":"https:\/\/v-er.eu\/de\/wp-json\/wp\/v2\/pages"}],"about":[{"href":"https:\/\/v-er.eu\/de\/wp-json\/wp\/v2\/types\/page"}],"author":[{"embeddable":true,"href":"https:\/\/v-er.eu\/de\/wp-json\/wp\/v2\/users\/5"}],"replies":[{"embeddable":true,"href":"https:\/\/v-er.eu\/de\/wp-json\/wp\/v2\/comments?post=10975"}],"version-history":[{"count":49,"href":"https:\/\/v-er.eu\/de\/wp-json\/wp\/v2\/pages\/10975\/revisions"}],"predecessor-version":[{"id":18396,"href":"https:\/\/v-er.eu\/de\/wp-json\/wp\/v2\/pages\/10975\/revisions\/18396"}],"wp:attachment":[{"href":"https:\/\/v-er.eu\/de\/wp-json\/wp\/v2\/media?parent=10975"}],"curies":[{"name":"wp","href":"https:\/\/api.w.org\/{rel}","templated":true}]}}