{"id":11003,"date":"2023-10-30T15:25:32","date_gmt":"2023-10-30T15:25:32","guid":{"rendered":"https:\/\/v-er.eu\/jahresbericht\/"},"modified":"2026-04-02T06:56:20","modified_gmt":"2026-04-02T06:56:20","slug":"jahresbericht","status":"publish","type":"page","link":"https:\/\/v-er.eu\/de\/jahresbericht\/","title":{"rendered":"Berichte"},"content":{"rendered":"<section id=\"block_9613303ac4008281fbdad1f9e96debc4\" class=\"block__text-media-hero block relative -mt-14 block_margin\">\n\n  <div class=\"relative bg-[url(12093)] bg-cover bg-center bg-no-repeat\">\n\n          <div class=\"absolute inset-0\">\n        <figure class=\"m-0 h-full\">\n <div class=\"ratio no-ratio h-full\">     <img width=\"2560\" height=\"1920\" src=\"https:\/\/v-er.eu\/app\/uploads\/2024\/04\/Boerse-1.jpg\" class=\"object-cover h-full w-full wp-image\" alt=\"\" decoding=\"async\" loading=\"eager\" srcset=\"https:\/\/v-er.eu\/app\/uploads\/2024\/04\/Boerse-1.jpg 2560w, https:\/\/v-er.eu\/app\/uploads\/2024\/04\/Boerse-1-300x225.jpg 300w, https:\/\/v-er.eu\/app\/uploads\/2024\/04\/Boerse-1-1024x768.jpg 1024w, https:\/\/v-er.eu\/app\/uploads\/2024\/04\/Boerse-1-768x576.jpg 768w, https:\/\/v-er.eu\/app\/uploads\/2024\/04\/Boerse-1-1536x1152.jpg 1536w, https:\/\/v-er.eu\/app\/uploads\/2024\/04\/Boerse-1-2048x1536.jpg 2048w\" sizes=\"(max-width: 2560px) 100vw, 2560px\" \/>\n <\/div> <\/figure>      <\/div>\n    \n    <div class=\"absolute inset-0 bg-gradient-to-l from-transparent to-primary\"><\/div>\n\n    <div class=\"relative container flex flex-col justify-between flex-wrap py-16 min-h-[28rem]\">\n\n      <div class=\"text-white mb-10\">\n                <div id=\"Breadcrumb\">\n            <nav aria-label=\"Breadcrumb\">\n                <ol class=\"flex items-center gap-1 text-sm\">\n                <li class=\"breadcrumb-item \">\n                    <a class=\"breadcrumb-home\" href=\"https:\/\/v-er.eu\/de\/\">\n                        <svg\n    xmlns=\"http:\/\/www.w3.org\/2000\/svg\"\n    class=\"h-4 w-4\"\n    fill=\"none\"\n    viewBox=\"0 0 24 24\"\n    stroke=\"currentColor\"\n    height=\"24\"\n    width=\"24\"\n    >\n    <path\n    stroke-linecap=\"round\"\n    stroke-linejoin=\"round\"\n    stroke-width=\"2\"\n    d=\"M3 12l2-2m0 0l7-7 7 7M5 10v10a1 1 0 001 1h3m10-11l2 2m-2-2v10a1 1 0 01-1 1h-3m-6 0a1 1 0 001-1v-4a1 1 0 011-1h2a1 1 0 011 1v4a1 1 0 001 1m-6 0h6\"\n    \/>\n<\/svg>                    <\/a>\n                <\/li>\n                                                                                        <li class=\"breadcrumb-item flex items-center active\"  aria-current=\"page\">\n                                <span class=\"rotate-[270deg] inline-block\"> <svg xmlns=\"http:\/\/www.w3.org\/2000\/svg\"\nclass=\"h-4 w-4\"\nviewBox=\"0 0 20 20\"\nstroke=\"currentColor\"\nheight=\"24\"\nwidth=\"24\">\n    <path d=\"M9.293 12.95l.707.707L15.657 8l-1.414-1.414L10 10.828 5.757 6.586 4.343 8z\" \/>\n<\/svg> <\/span>\n                                <span class=\"inline-block\">Berichte<\/span>\n                            <\/li>\n                                                                                    <\/ol>\n            <\/nav>\n        <\/div>      <\/div>\n\n      <div class=\"w-full ltr:sm:text-left rtl:sm:text-right\">\n                  <h2 >\n          <span class=\"PreHeadline block text-3xl hyphens-auto font-bold text-secondary font-highlight\">Wertvolle Einblicke sammeln<\/span>\n              <span class=\"Headline block hyphens-auto text-white\"><strong>Berichte.<\/strong><\/span>\n      <\/h2>\n        \n        \n        <div class=\"max-w-md text-white\">\n          \n        <\/div>\n \n              <\/div>\n    <\/div>\n  <\/div>\n\n  <div class=\"absolute bottom-0 w-full\">\n    <div>\n  <svg height=\"20\" width=\"100\" class=\"h-8 md:h-12 lg:h-20 w-full  text-white relative z-10\" viewBox=\"0 0 10 10\" preserveAspectRatio=\"none\">\n  <polygon fill=\"currentColor\" points=\"0 10 10 0 10 10\"><\/polygon>\n  <\/svg>\n<\/div>  <\/div>\n\n<\/section>\n\n\n\n<section id=\"block_de4516667b1630726b55d5873eeab6c7\" class=\"block__text-media block overflow-x-clip block_margin\">\n    <div class=\"bg-none \">\n    <div class=\"container\">\n      <div class=\"row gap-y-10\">\n        <div class=\"col-12 flex items-center lg:col-7 xl:col-6\">\n          <div class=\"w-full\">\n            <div class=\"mx-auto lg:mx-0 col-12 md:col-10 lg:col-11\">\n                              <h2 >\n          <span class=\"PreHeadline block text-3xl hyphens-auto font-bold font-highlight text-secondary\">Alle Infos, die Sie brauchen<\/span>\n              <span class=\"Headline block hyphens-auto text-primary\"><strong>Unsere Berichte.<\/strong><\/span>\n      <\/h2>\n                            <div class=\"mx-auto lg:mx-0 \">\n                <div class=\"text-default\">\n                  <p class=\"mb-last-item\">Willkommen zu den regelm\u00e4\u00dfig ver\u00f6ffentlichten Berichten von Vulcan. Hier erhalten Sie einen einen umfassenden \u00dcberblick \u00fcber die letzten 12 Monate sowie einen Ausblick \u00fcber die Ziele f\u00fcr das kommende Jahr.<\/p>\n<p class=\"mb-last-item\">Unten finden Sie die entsprechenden Dokumente und Pr\u00e4sentationen.<\/p>\n\n                <\/div>\n                              <\/div>\n            <\/div>\n          <\/div>\n        <\/div>\n                  <div class=\"col-12 justify-center lg:col-5 xl:col-6 flex items-center lg:order-last\">\n            <div class=\"relative w-full z-0\">\n      \n    \n    <img decoding=\"async\" class=\"md:block absolute z-[-1] top-8 -right-8 scale-75 xl:scale-90 2xl:scale-100 pointer-events-none\" src=\"https:\/\/v-er.eu\/app\/themes\/vulcan\/public\/images\/icons\/pattern-dots-grid-1.20f1c2.svg\" alt=\"\">\n    <img decoding=\"async\" class=\"md:block absolute z-[-1] bottom-10 -left-12 scale-75 xl:scale-90 2xl:scale-100 pointer-events-none\" src=\"https:\/\/v-er.eu\/app\/themes\/vulcan\/public\/images\/icons\/pattern-dots-grid-2.112ab7.svg\" alt=\"\">\n          <div class=\"absolute inset-0 overflow-hidden rounded-2xl\">\n        <img decoding=\"async\" class=\"md:block absolute z-10 bottom-0 right-0 scale-100 pointer-events-none\" src=\"https:\/\/v-er.eu\/app\/themes\/vulcan\/public\/images\/icons\/pattern-secondary-bottom-1.b4ee56.svg\" alt=\"\">\n      <\/div>\n        <figure class=\"m-0 w-full\">\n <div class=\"ratio ratio-5x3\">     <img width=\"1200\" height=\"1200\" src=\"https:\/\/v-er.eu\/app\/uploads\/2024\/12\/ASX.jpg\" class=\"object-cover rounded-2xl  wp-image\" alt=\"\" decoding=\"async\" loading=\"lazy\" srcset=\"https:\/\/v-er.eu\/app\/uploads\/2024\/12\/ASX.jpg 1200w, https:\/\/v-er.eu\/app\/uploads\/2024\/12\/ASX-300x300.jpg 300w, https:\/\/v-er.eu\/app\/uploads\/2024\/12\/ASX-1024x1024.jpg 1024w, https:\/\/v-er.eu\/app\/uploads\/2024\/12\/ASX-150x150.jpg 150w, https:\/\/v-er.eu\/app\/uploads\/2024\/12\/ASX-768x768.jpg 768w\" sizes=\"(max-width: 1200px) 100vw, 1200px\" \/>\n <\/div> <\/figure>\n<\/div>          <\/div>\n              <\/div>\n    <\/div>\n  <\/div>\n  <\/section>\n\n<section id=\"block_7e7ee675fba14165f022301ce476e4ea\" class=\"block__text-media block overflow-x-clip block_margin\">\n    <div class=\"bg-none \">\n    <div class=\"container\">\n      <div class=\"row gap-y-10\">\n        <div class=\"col-12 flex items-center lg:col-7 xl:col-6\">\n          <div class=\"w-full\">\n            <div class=\"mx-auto lg:mx-0 col-12 md:col-10 lg:col-11\">\n                              <h2 >\n          <span class=\"PreHeadline block text-3xl hyphens-auto font-bold font-highlight text-secondary\"><\/span>\n              <span class=\"Headline block hyphens-auto text-primary\">Annual Report<strong> 2025 <\/strong><\/span>\n      <\/h2>\n                            <div class=\"mx-auto lg:mx-0 \">\n                <div class=\"text-default\">\n                  <p class=\"mb-last-item\">Cris Moreno, Gesch\u00e4ftsf\u00fchrer und CEO von Vulcan, blickt auf ein Jahr voller Meilensteine zur\u00fcck und stellt die wichtigsten Erkenntnisse aus dem Gesch\u00e4ftsbericht 2025 vor.<\/p>\n\n                <\/div>\n                              <\/div>\n            <\/div>\n          <\/div>\n        <\/div>\n                  <div class=\"col-12 justify-center lg:col-5 xl:col-6 flex items-center lg:order-last\">\n            <div class=\"relative w-full z-0\">\n      \n    \n    <img decoding=\"async\" class=\"md:block absolute z-[-1] top-8 -right-8 scale-75 xl:scale-90 2xl:scale-100 pointer-events-none\" src=\"https:\/\/v-er.eu\/app\/themes\/vulcan\/public\/images\/icons\/pattern-dots-grid-1.20f1c2.svg\" alt=\"\">\n    <img decoding=\"async\" class=\"md:block absolute z-[-1] bottom-10 -left-12 scale-75 xl:scale-90 2xl:scale-100 pointer-events-none\" src=\"https:\/\/v-er.eu\/app\/themes\/vulcan\/public\/images\/icons\/pattern-dots-grid-2.112ab7.svg\" alt=\"\">\n          <div class=\"absolute inset-0 overflow-hidden rounded-2xl\">\n        <img decoding=\"async\" class=\"md:block absolute z-10 bottom-0 right-0 scale-100 pointer-events-none\" src=\"https:\/\/v-er.eu\/app\/themes\/vulcan\/public\/images\/icons\/pattern-secondary-bottom-1.b4ee56.svg\" alt=\"\">\n      <\/div>\n        <figure class=\"m-0 w-full\">\n   <div class=\"ratio ratio-5x3\">                 <video class=\"object-cover rounded-2xl \" controls>\n      <source src=\"https:\/\/v-er.eu\/app\/uploads\/2026\/03\/Vulcan-AR-200326-1.mp4\" type=\"video\/mp4\">\n      Your browser does not support the video tag.\n      <\/video>\n         <\/div>     <\/figure>\n<\/div>          <\/div>\n              <\/div>\n    <\/div>\n  <\/div>\n  <\/section>\n\n<section id=\"block_75e21c750c645110a2c98b9792ef8c36\" class=\"block__investi-media block block_margin\">\n    <div class=\"bg-none \">\n    <div class=\"container\">\n      <div class=\"col-10 mx-auto\">\n        <div class=\"row\">\n          <div class=\"col-12 lg:col-6 flex justify-center flex-col flex-wrap\">\n  <h2 >\n          <span class=\"PreHeadline block text-3xl hyphens-auto font-bold text-secondary font-highlight\"><\/span>\n              <span class=\"Headline block hyphens-auto text-primary text-2xl\"><strong>FY25 Annual Reporting Suite<\/strong><\/span>\n      <\/h2>\n\n  \n  <div>\n                                  <div class=\"mt-8\">\n          <a class=\"btn textlink   mb-last-item\" href=\"https:\/\/api.investi.com.au\/api\/announcements\/vul\/1177d991-8e8.pdf\" target=\"_blank\">\n  Gesch\u00e4ftsbericht 2025\n<\/a>          <\/div>\n                                  <div class=\"mt-8\">\n          <a class=\"btn textlink   mb-last-item\" href=\"https:\/\/api.investi.com.au\/api\/announcements\/vul\/170feceb-1e4.pdf\" target=\"_blank\">\n  Bericht zur Nachhaltigkeit 2025\n<\/a>          <\/div>\n                                  <div class=\"mt-8\">\n          <a class=\"btn textlink   mb-last-item\" href=\"https:\/\/api.investi.com.au\/api\/announcements\/vul\/5b0635b8-576.pdf\" target=\"_blank\">\n  Konzernlagebericht 2025\n<\/a>          <\/div>\n                                  <div class=\"mt-8\">\n          <a class=\"btn textlink   mb-last-item\" href=\"https:\/\/api.investi.com.au\/api\/announcements\/vul\/192d1bc8-7f0.pdf\" target=\"_blank\">\n  Statement zur Corporate Governance 2025\n<\/a>          <\/div>\n                                  <div class=\"mt-8\">\n          <a class=\"btn textlink   mb-last-item\" href=\"https:\/\/api.investi.com.au\/api\/announcements\/vul\/2f04d7d0-3dd.pdf\">\n  Appendix 4G\n<\/a>          <\/div>\n                              <\/div>\n\n  \n<\/div>\n          <div class=\"col-12 lg:col-6 order-first mb-14 lg:mb-0\">\n            <figure class=\"m-0 w-full\">\n <div class=\"ratio ratio-4x5\">     <img width=\"703\" height=\"861\" src=\"https:\/\/v-er.eu\/app\/uploads\/2026\/03\/AR-screenshot.png\" class=\"object-contain rounded-2xl drop-shadow-xl wp-image\" alt=\"\" decoding=\"async\" loading=\"lazy\" srcset=\"https:\/\/v-er.eu\/app\/uploads\/2026\/03\/AR-screenshot.png 703w, https:\/\/v-er.eu\/app\/uploads\/2026\/03\/AR-screenshot-245x300.png 245w\" sizes=\"(max-width: 703px) 100vw, 703px\" \/>\n <\/div> <\/figure>          <\/div>\n        <\/div>\n      <\/div>\n    <\/div>\n  <\/div>\n  <\/section>\n\n<section id=\"block_678beacf6ad7680d25c86618450a11fb\" class=\"block__investi-media block block_margin\">\n    <div class=\"bg-none \">\n    <div class=\"container\">\n      <div class=\"col-10 mx-auto\">\n        <div class=\"row\">\n          <div class=\"col-12 lg:col-6 flex justify-center flex-col flex-wrap\">\n  <h2 >\n          <span class=\"PreHeadline block text-3xl hyphens-auto font-bold text-secondary font-highlight\"><\/span>\n              <span class=\"Headline block hyphens-auto text-primary text-2xl\"><strong>FY25 Halbjahresbericht<\/strong><\/span>\n      <\/h2>\n\n  \n  <div>\n                                  <div class=\"mt-8\">\n          <a class=\"btn textlink   mb-last-item\" href=\"https:\/\/api.investi.com.au\/api\/announcements\/vul\/a4e5facb-ac1.pdf\" target=\"_blank\">\n  Halbjahresbericht 2025\n<\/a>          <\/div>\n                                  <div class=\"mt-8\">\n          <a class=\"btn textlink   mb-last-item\" href=\"https:\/\/api.investi.com.au\/api\/announcements\/vul\/5f4922ed-32d.pdf\" target=\"_blank\">\n  Zwischenlagebericht 2025\n<\/a>          <\/div>\n                                                                                                                                    <\/div>\n\n  \n<\/div>\n          <div class=\"col-12 lg:col-6 order-first mb-14 lg:mb-0\">\n            <figure class=\"m-0 w-full\">\n <div class=\"ratio ratio-4x5\">     <img width=\"640\" height=\"877\" src=\"https:\/\/v-er.eu\/app\/uploads\/2026\/03\/Half-year.png\" class=\"object-contain rounded-2xl drop-shadow-xl wp-image\" alt=\"\" decoding=\"async\" loading=\"lazy\" srcset=\"https:\/\/v-er.eu\/app\/uploads\/2026\/03\/Half-year.png 640w, https:\/\/v-er.eu\/app\/uploads\/2026\/03\/Half-year-219x300.png 219w\" sizes=\"(max-width: 640px) 100vw, 640px\" \/>\n <\/div> <\/figure>          <\/div>\n        <\/div>\n      <\/div>\n    <\/div>\n  <\/div>\n  <\/section>\n\n<section id=\"block_b0b968538f5d4c7624218e6e663f5856\" class=\"block__investi-media block block_margin\">\n    <div class=\"bg-none \">\n    <div class=\"container\">\n      <div class=\"col-10 mx-auto\">\n        <div class=\"row\">\n          <div class=\"col-12 lg:col-6 flex justify-center flex-col flex-wrap\">\n  <h2 >\n          <span class=\"PreHeadline block text-3xl hyphens-auto font-bold text-secondary font-highlight\"><\/span>\n              <span class=\"Headline block hyphens-auto text-primary text-2xl\"><strong>FY24 Annual Reporting Suite<\/strong><\/span>\n      <\/h2>\n\n  \n  <div>\n                                  <div class=\"mt-8\">\n          <a class=\"btn textlink   mb-last-item\" href=\"https:\/\/api.investi.com.au\/api\/announcements\/vul\/c9cc3590-2cc.pdf\" target=\"_blank\">\n  Gesch\u00e4ftsbericht 2024\n<\/a>          <\/div>\n                                  <div class=\"mt-8\">\n          <a class=\"btn textlink   mb-last-item\" href=\"https:\/\/api.investi.com.au\/api\/announcements\/vul\/5fd1e45e-3f7.pdf\" target=\"_blank\">\n  Bericht zur Nachhaltigkeit 2024\n<\/a>          <\/div>\n                                  <div class=\"mt-8\">\n          <a class=\"btn textlink   mb-last-item\" href=\"https:\/\/api.investi.com.au\/api\/announcements\/vul\/d3acd80f-a8e.pdf\" target=\"_blank\">\n  Statement zur Corporate Governance 2024\n<\/a>          <\/div>\n                                  <div class=\"mt-8\">\n          <a class=\"btn textlink   mb-last-item\" href=\"https:\/\/api.investi.com.au\/api\/announcements\/vul\/801728ed-7a0.pdf\" target=\"_blank\">\n  Konzernlagebericht 2024\n<\/a>          <\/div>\n                                  <div class=\"mt-8\">\n          <a class=\"btn textlink   mb-last-item\" href=\"https:\/\/api.investi.com.au\/api\/announcements\/vul\/b7757104-a7a.pdf\" target=\"_blank\">\n  Appendix 4G\n<\/a>          <\/div>\n                                  <div class=\"mt-8\">\n          <a class=\"btn textlink   mb-last-item\" href=\"https:\/\/v-er.eu\/app\/uploads\/2025\/11\/Certification-TCA-Beevers-15.08.2024.pdf\" target=\"_blank\">\n  Wirtschaftspr\u00fcferkammer (WPK) Zertifikat\n<\/a>          <\/div>\n                              <\/div>\n\n  \n<\/div>\n          <div class=\"col-12 lg:col-6 order-first mb-14 lg:mb-0\">\n            <figure class=\"m-0 w-full\">\n <div class=\"ratio ratio-4x5\">     <img width=\"632\" height=\"851\" src=\"https:\/\/v-er.eu\/app\/uploads\/2025\/09\/AR-screenshot.png\" class=\"object-contain rounded-2xl drop-shadow-xl wp-image\" alt=\"\" decoding=\"async\" loading=\"lazy\" srcset=\"https:\/\/v-er.eu\/app\/uploads\/2025\/09\/AR-screenshot.png 632w, https:\/\/v-er.eu\/app\/uploads\/2025\/09\/AR-screenshot-223x300.png 223w\" sizes=\"(max-width: 632px) 100vw, 632px\" \/>\n <\/div> <\/figure>          <\/div>\n        <\/div>\n      <\/div>\n    <\/div>\n  <\/div>\n  <\/section>\n\n<section id=\"block_9bf5f298a9e86bc6d0c8025cd2f34061\" class=\"block__text-media block overflow-x-clip block_margin\">\n      <div>\n  <svg height=\"20\" width=\"100\" class=\"h-8 md:h-12 lg:h-20 w-full  text-primary\" viewBox=\"0 0 10 10\" preserveAspectRatio=\"none\">\n  <polygon fill=\"currentColor\" points=\"0 10 10 0 10 10\"><\/polygon>\n  <\/svg>\n<\/div>    <div class=\"bg-primary pt-12 lg:pt-20 pb-20\">\n    <div class=\"container\">\n      <div class=\"row gap-y-10\">\n        <div class=\"col-12 flex items-center lg:col-7 xl:col-6\">\n          <div class=\"w-full flex flex-col flex-nowrap items-end\">\n            <div class=\"mx-auto lg:mx-0 col-12 md:col-10 lg:col-11\">\n                              <h2 >\n          <span class=\"PreHeadline block text-3xl hyphens-auto font-bold font-highlight text-secondary\">Immer auf dem neuesten Stand<\/span>\n              <span class=\"Headline block hyphens-auto text-white\">Informationen f\u00fcr <strong>Investoren.<\/strong><\/span>\n      <\/h2>\n                            <div class=\"mx-auto lg:mx-0 \">\n                <div class=\"text-white\">\n                  <p class=\"mb-last-item\">Verfolgen Sie aktuelle Entwicklungen unseres Unternehmens direkt an der australischen und deutschen B\u00f6rse.<\/p>\n\n                <\/div>\n                                  <div class=\"mt-8\">\n          <a class=\"btn btn-secondary sm:me-3 mb-3 sm:mb-0 mb-last-item  mb-last-item\" href=\"https:\/\/www.asx.com.au\/markets\/company\/vul\" target=\"_blank\">\n  ASX Australische B\u00f6rse\n<\/a>              <a class=\"btn btn-secondary  mb-last-item\" href=\"https:\/\/www.boerse-frankfurt.de\/aktie\/vulcan-energy-resources\" target=\"_blank\">\n  FSE Frankfurter B\u00f6rse\n<\/a>      <\/div>\n                              <\/div>\n            <\/div>\n          <\/div>\n        <\/div>\n                  <div class=\"col-12 justify-center lg:col-5 xl:col-6 flex items-center lg:order-first\">\n            <div class=\"relative w-full z-0\">\n    <figure class=\"m-0 w-full\">\n <div class=\"ratio ratio-5x3\">     <img width=\"1760\" height=\"1536\" src=\"https:\/\/v-er.eu\/app\/uploads\/2024\/04\/Boerse-e1713338496148.jpg\" class=\"object-cover rounded-2xl  wp-image\" alt=\"\" decoding=\"async\" loading=\"lazy\" srcset=\"https:\/\/v-er.eu\/app\/uploads\/2024\/04\/Boerse-e1713338496148.jpg 1760w, https:\/\/v-er.eu\/app\/uploads\/2024\/04\/Boerse-e1713338496148-300x262.jpg 300w, https:\/\/v-er.eu\/app\/uploads\/2024\/04\/Boerse-e1713338496148-1024x894.jpg 1024w, https:\/\/v-er.eu\/app\/uploads\/2024\/04\/Boerse-e1713338496148-768x670.jpg 768w, https:\/\/v-er.eu\/app\/uploads\/2024\/04\/Boerse-e1713338496148-1536x1341.jpg 1536w\" sizes=\"(max-width: 1760px) 100vw, 1760px\" \/>\n <\/div> <\/figure>\n<\/div>          <\/div>\n              <\/div>\n    <\/div>\n  <\/div>\n      <div>\n  <svg height=\"20\" width=\"100\" class=\"h-8 md:h-12 lg:h-20 w-full rotate-180 text-primary\" viewBox=\"0 0 10 10\" preserveAspectRatio=\"none\">\n  <polygon fill=\"currentColor\" points=\"0 10 10 0 10 10\"><\/polygon>\n  <\/svg>\n<\/div>  <\/section>","protected":false},"excerpt":{"rendered":"","protected":false},"author":5,"featured_media":0,"parent":0,"menu_order":0,"comment_status":"closed","ping_status":"closed","template":"","meta":[],"acf":[],"yoast_head":"<!-- This site is optimized with the Yoast SEO plugin v20.13 - https:\/\/yoast.com\/wordpress\/plugins\/seo\/ -->\n<title>Berichte - VULCAN ENERGY RESOURCES<\/title>\n<meta name=\"description\" content=\"Willkommen auf der Jahresbericht-Seite von Vulcan. Hier erhalten Sie einen einen umfassenden \u00dcberblick \u00fcber die letzten 12 Monate ...\" \/>\n<meta name=\"robots\" content=\"index, follow, max-snippet:-1, max-image-preview:large, max-video-preview:-1\" \/>\n<link rel=\"canonical\" href=\"https:\/\/v-er.eu\/de\/jahresbericht\/\" \/>\n<meta property=\"og:locale\" content=\"de_DE\" \/>\n<meta property=\"og:type\" content=\"article\" \/>\n<meta property=\"og:title\" content=\"Berichte - VULCAN ENERGY RESOURCES\" \/>\n<meta property=\"og:description\" content=\"Willkommen auf der Jahresbericht-Seite von Vulcan. Hier erhalten Sie einen einen umfassenden \u00dcberblick \u00fcber die letzten 12 Monate ...\" \/>\n<meta property=\"og:url\" content=\"https:\/\/v-er.eu\/de\/jahresbericht\/\" \/>\n<meta property=\"og:site_name\" content=\"VULCAN ENERGY RESOURCES\" \/>\n<meta property=\"article:modified_time\" content=\"2026-04-02T06:56:20+00:00\" \/>\n<meta name=\"twitter:card\" content=\"summary_large_image\" \/>\n<script type=\"application\/ld+json\" class=\"yoast-schema-graph\">{\"@context\":\"https:\/\/schema.org\",\"@graph\":[{\"@type\":\"WebPage\",\"@id\":\"https:\/\/v-er.eu\/de\/jahresbericht\/\",\"url\":\"https:\/\/v-er.eu\/de\/jahresbericht\/\",\"name\":\"Berichte - VULCAN ENERGY RESOURCES\",\"isPartOf\":{\"@id\":\"https:\/\/v-er.eu\/#website\"},\"datePublished\":\"2023-10-30T15:25:32+00:00\",\"dateModified\":\"2026-04-02T06:56:20+00:00\",\"description\":\"Willkommen auf der Jahresbericht-Seite von Vulcan. Hier erhalten Sie einen einen umfassenden \u00dcberblick \u00fcber die letzten 12 Monate ...\",\"breadcrumb\":{\"@id\":\"https:\/\/v-er.eu\/de\/jahresbericht\/#breadcrumb\"},\"inLanguage\":\"de-DE\",\"potentialAction\":[{\"@type\":\"ReadAction\",\"target\":[\"https:\/\/v-er.eu\/de\/jahresbericht\/\"]}]},{\"@type\":\"BreadcrumbList\",\"@id\":\"https:\/\/v-er.eu\/de\/jahresbericht\/#breadcrumb\",\"itemListElement\":[{\"@type\":\"ListItem\",\"position\":1,\"name\":\"Home\",\"item\":\"https:\/\/v-er.eu\/de\/\"},{\"@type\":\"ListItem\",\"position\":2,\"name\":\"Berichte\"}]},{\"@type\":\"WebSite\",\"@id\":\"https:\/\/v-er.eu\/#website\",\"url\":\"https:\/\/v-er.eu\/\",\"name\":\"VULCAN ENERGY RESOURCES\",\"description\":\"Vulcan\u2019s purpose is to empower a net zero carbon future, aiming to supply lithium chemicals and renewable energy from Europe, for Europe from its Zero Carbon Lithium\u2122 Project.\",\"potentialAction\":[{\"@type\":\"SearchAction\",\"target\":{\"@type\":\"EntryPoint\",\"urlTemplate\":\"https:\/\/v-er.eu\/?s={search_term_string}\"},\"query-input\":\"required name=search_term_string\"}],\"inLanguage\":\"de-DE\"}]}<\/script>\n<!-- \/ Yoast SEO plugin. -->","yoast_head_json":{"title":"Berichte - VULCAN ENERGY RESOURCES","description":"Willkommen auf der Jahresbericht-Seite von Vulcan. Hier erhalten Sie einen einen umfassenden \u00dcberblick \u00fcber die letzten 12 Monate ...","robots":{"index":"index","follow":"follow","max-snippet":"max-snippet:-1","max-image-preview":"max-image-preview:large","max-video-preview":"max-video-preview:-1"},"canonical":"https:\/\/v-er.eu\/de\/jahresbericht\/","og_locale":"de_DE","og_type":"article","og_title":"Berichte - VULCAN ENERGY RESOURCES","og_description":"Willkommen auf der Jahresbericht-Seite von Vulcan. Hier erhalten Sie einen einen umfassenden \u00dcberblick \u00fcber die letzten 12 Monate ...","og_url":"https:\/\/v-er.eu\/de\/jahresbericht\/","og_site_name":"VULCAN ENERGY RESOURCES","article_modified_time":"2026-04-02T06:56:20+00:00","twitter_card":"summary_large_image","schema":{"@context":"https:\/\/schema.org","@graph":[{"@type":"WebPage","@id":"https:\/\/v-er.eu\/de\/jahresbericht\/","url":"https:\/\/v-er.eu\/de\/jahresbericht\/","name":"Berichte - VULCAN ENERGY RESOURCES","isPartOf":{"@id":"https:\/\/v-er.eu\/#website"},"datePublished":"2023-10-30T15:25:32+00:00","dateModified":"2026-04-02T06:56:20+00:00","description":"Willkommen auf der Jahresbericht-Seite von Vulcan. Hier erhalten Sie einen einen umfassenden \u00dcberblick \u00fcber die letzten 12 Monate ...","breadcrumb":{"@id":"https:\/\/v-er.eu\/de\/jahresbericht\/#breadcrumb"},"inLanguage":"de-DE","potentialAction":[{"@type":"ReadAction","target":["https:\/\/v-er.eu\/de\/jahresbericht\/"]}]},{"@type":"BreadcrumbList","@id":"https:\/\/v-er.eu\/de\/jahresbericht\/#breadcrumb","itemListElement":[{"@type":"ListItem","position":1,"name":"Home","item":"https:\/\/v-er.eu\/de\/"},{"@type":"ListItem","position":2,"name":"Berichte"}]},{"@type":"WebSite","@id":"https:\/\/v-er.eu\/#website","url":"https:\/\/v-er.eu\/","name":"VULCAN ENERGY RESOURCES","description":"Vulcan\u2019s purpose is to empower a net zero carbon future, aiming to supply lithium chemicals and renewable energy from Europe, for Europe from its Zero Carbon Lithium\u2122 Project.","potentialAction":[{"@type":"SearchAction","target":{"@type":"EntryPoint","urlTemplate":"https:\/\/v-er.eu\/?s={search_term_string}"},"query-input":"required name=search_term_string"}],"inLanguage":"de-DE"}]}},"_links":{"self":[{"href":"https:\/\/v-er.eu\/de\/wp-json\/wp\/v2\/pages\/11003"}],"collection":[{"href":"https:\/\/v-er.eu\/de\/wp-json\/wp\/v2\/pages"}],"about":[{"href":"https:\/\/v-er.eu\/de\/wp-json\/wp\/v2\/types\/page"}],"author":[{"embeddable":true,"href":"https:\/\/v-er.eu\/de\/wp-json\/wp\/v2\/users\/5"}],"replies":[{"embeddable":true,"href":"https:\/\/v-er.eu\/de\/wp-json\/wp\/v2\/comments?post=11003"}],"version-history":[{"count":79,"href":"https:\/\/v-er.eu\/de\/wp-json\/wp\/v2\/pages\/11003\/revisions"}],"predecessor-version":[{"id":22716,"href":"https:\/\/v-er.eu\/de\/wp-json\/wp\/v2\/pages\/11003\/revisions\/22716"}],"wp:attachment":[{"href":"https:\/\/v-er.eu\/de\/wp-json\/wp\/v2\/media?parent=11003"}],"curies":[{"name":"wp","href":"https:\/\/api.w.org\/{rel}","templated":true}]}}