{"id":14723,"date":"2024-01-08T10:38:31","date_gmt":"2024-01-08T10:38:31","guid":{"rendered":"https:\/\/v-er.eu\/website-terms-of-use\/"},"modified":"2024-09-10T11:24:08","modified_gmt":"2024-09-10T11:24:08","slug":"website-terms-of-use","status":"publish","type":"page","link":"https:\/\/v-er.eu\/de\/website-terms-of-use\/","title":{"rendered":"Nutzerbedingungen"},"content":{"rendered":"<section id=\"block_79cbf7a40481edae635204a904ef86a8\" class=\"block__text-only block block_margin\">\n\n  <div class=\"bg-none\">\n    <div class=\"container\">\n      <div class=\"row\">\n        <div class=\"col-12 lg:col-10 lg:offset-1 2xl:col-8 2xl:offset-2\">\n          <div class=\"block\">\n  <h2 >\n          <span class=\"PreHeadline block text-3xl hyphens-auto font-bold text-secondary font-highlight\">Vulcan<\/span>\n              <span class=\"Headline block hyphens-auto text-primary\"><strong>Nutzungsbedingungen.<\/strong><\/span>\n      <\/h2>\n\n  \n  <div class=\"row gap-y-6\">\n                                  <div class=\"col-12\">\n                                          <h5 >\n              <span class=\"Headline block hyphens-auto font-bold text-primary\">Introduction<\/span>\n      <\/h5>\n                                                              <p class=\"mb-last-item\">Diese Website wird von Vulcan Energy Resources Limited (ACN 624 223 132) betrieben. Verweise auf \u201euns\u201c, \u201ewir\u201c, \u201eunser\u201c oder \u201eVulcan\u201c beziehen sich auf Vulcan Energy Resources Limited, seine Tochtergesellschaften und seine verbundenen K\u00f6rperschaften.<\/p>\n\n                                      <\/div>\n                                  <div class=\"col-12\">\n                                          <h5 >\n              <span class=\"Headline block hyphens-auto font-bold text-primary\">Akzeptanz<\/span>\n      <\/h5>\n                                                              <p class=\"mb-last-item\">Durch die Nutzung dieser Website akzeptieren Sie diese Nutzungsbedingungen, einschlie\u00dflich unserer Datenschutzrichtlinie (verf\u00fcgbar unter v-er.eu\/vulcan-energy-privacy-policy\/) (Bedingungen). Sie sollten diese Bedingungen (einschlie\u00dflich unserer Datenschutzrichtlinie) sorgf\u00e4ltig lesen und die Nutzung dieser Website sofort einstellen, wenn Sie mit diesen Bedingungen nicht einverstanden sind. Vulcan kann diese Bedingungen jederzeit und ohne Vorank\u00fcndigung \u00e4ndern. Alle \u00c4nderungen werden sofort wirksam. Durch die Nutzung dieser Website nach einer \u00c4nderung erkl\u00e4ren Sie sich damit einverstanden, die ge\u00e4nderten Bedingungen einzuhalten und an sie gebunden zu sein. Sie sollten diese Bedingungen in regelm\u00e4\u00dfigen Abst\u00e4nden lesen, um sich \u00fcber \u00c4nderungen zu informieren.<\/p>\n\n                                      <\/div>\n                                  <div class=\"col-12\">\n                                          <h5 >\n              <span class=\"Headline block hyphens-auto font-bold text-primary\">Nutzung der Informationen auf dieser Website<\/span>\n      <\/h5>\n                                                              <p class=\"mb-last-item\">Alle Informationen auf unserer Website werden nach bestem Wissen und Gewissen und nur zu allgemeinen Informationszwecken bereitgestellt. Sie m\u00fcssen sich selbst ein Bild von diesen Informationen machen und sich auf eigenes Risiko darauf verlassen. Obwohl wir uns bem\u00fchen, die Richtigkeit und Vollst\u00e4ndigkeit der Informationen auf unserer Website zum Zeitpunkt ihrer Aufnahme sicherzustellen, kann Vulcan nicht garantieren, dass sie keine Fehler oder Auslassungen enthalten. Wir k\u00f6nnen die Informationen auf dieser Website jederzeit und ohne Vorank\u00fcndigung \u00e4ndern. Wir verpflichten uns nicht, diese Website auf dem neuesten Stand zu halten.<\/p>\n\n                                      <\/div>\n                                  <div class=\"col-12\">\n                                          <h5 >\n              <span class=\"Headline block hyphens-auto font-bold text-primary\">Aktienkurs, Ank\u00fcndigungen und Investitionen<\/span>\n      <\/h5>\n                                                              <p class=\"mb-last-item\">Der Aktienkurs und die Bekanntmachungen von Vulcan, wie sie auf dieser Website dargestellt sind, stammen von der Australian Securities Exchange (ASX) und der Frankfurter B\u00f6rse (FSE) und werden nur zu Ihrer Information bereitgestellt. Sie nehmen zur Kenntnis und erkl\u00e4ren sich damit einverstanden, dass es zu Verz\u00f6gerungen bei der Aktualisierung des Aktienkurses und der Bekanntmachungen auf unserer Website kommen kann, so dass Sie sich direkt an die entsprechende B\u00f6rse wenden sollten, um die neuesten Informationen zu erhalten. Die Informationen auf dieser Website stellen keine Anlageberatung dar. Sie sollten eine unabh\u00e4ngige, professionelle Beratung einholen, bevor Sie eine Anlageentscheidung treffen. Soweit gesetzlich zul\u00e4ssig, stellt keine der auf dieser Website enthaltenen Informationen eine Aufforderung oder einen Anreiz dar, in die Aktien oder andere Wertpapiere von Vulcan zu investieren oder anderweitig mit ihnen zu handeln, oder sich auf irgendeine Art von Anlaget\u00e4tigkeit einzulassen, und man sollte sich im Zusammenhang mit einer Anlageentscheidung nicht auf sie verlassen.<\/p>\n\n                                      <\/div>\n                                  <div class=\"col-12\">\n                                          <h5 >\n              <span class=\"Headline block hyphens-auto font-bold text-primary\">Rechte an geistigem Eigentum<\/span>\n      <\/h5>\n                                                              <p class=\"mb-last-item\">Sofern nicht anders angegeben, besitzt Vulcan alle Rechte, Titel und Anteile (einschlie\u00dflich Urheberrechte, Designs, Patente, Marken und andere geistige Eigentumsrechte) an dieser Website und an allen Informationen und anderen Materialien (einschlie\u00dflich aller Texte, Grafiken, Logos, Audio-, Video-, Bild-, Daten und Software), die auf dieser Website zur Verf\u00fcgung gestellt werden (zusammen der \u201eInhalt\u201c), oder erteilt Lizenzen von Dritten. Durch die Nutzung dieser Website und die Nutzung von und den Zugriff auf Inhalte werden Ihnen keine Rechte, Titel oder Anspr\u00fcche in Bezug auf diese Website oder die Inhalte gew\u00e4hrt oder \u00fcbertragen. Wir gew\u00e4hren Ihnen jedoch eine Lizenz f\u00fcr den Zugriff auf die Website und das Ansehen und Herunterladen einer Kopie des Inhalts ausschlie\u00dflich f\u00fcr den pers\u00f6nlichen Gebrauch. Dar\u00fcber hinaus wird der Inhalt auf der Seite \u201eMediengalerie\u201c der Website von Vulcan in gutem Glauben und auf der Grundlage folgender Bedingungen zur Verf\u00fcgung gestellt: Bei jeder Reproduktion muss Vulcan (oder der anerkannte Autor) als Quelle des Inhalts angegeben werden; der Inhalt darf in keiner Weise ver\u00e4ndert werden, und insbesondere d\u00fcrfen Sie keine Hinweise auf Eigentumsrechte an Bildern l\u00f6schen oder ver\u00e4ndern; der Inhalt darf nicht f\u00fcr oder in Verbindung mit einem Zweck verwendet werden, der Vulcan, seinen leitenden Angestellten oder Mitarbeitern oder anderen Dritten schadet; der Inhalt darf von Ihnen nicht an Dritte verkauft, \u00fcbertragen, lizenziert oder unterlizenziert werden. Sie stellen Vulcan von allen Verbindlichkeiten, Sch\u00e4den oder Verlusten jeglicher Art frei, die uns infolge Ihres Versto\u00dfes gegen die oben genannten Beschr\u00e4nkungen entstehen k\u00f6nnen. Jede andere Nutzung, Vervielf\u00e4ltigung oder Reproduktion dieser Website und des Inhalts (oder eines Teils davon) ist verboten, es sei denn, Vulcan hat eine schriftliche Genehmigung f\u00fcr eine solche Nutzung erteilt oder sie ist gesetzlich zul\u00e4ssig. Alle Markennamen, Warenzeichen, Dienstleistungsmarken, Logos und andere Produkt- und Dienstleistungsnamen, einschlie\u00dflich, aber nicht beschr\u00e4nkt auf die ZERO CARBON LITHIUM\u2122-Marke von Vulcan (zusammen die \u201eMarken\u201c), die auf der Website verwendet werden, sind Eigentum ihrer jeweiligen Inhaber und durch geltende Gesetze gesch\u00fctzt. Diese Marken k\u00f6nnen eingetragene oder nicht eingetragene Marken von Vulcan oder anderen sein. Nichts auf der Website ist so auszulegen, dass eine Lizenz oder ein Nutzungsrecht f\u00fcr eine dieser Marken ohne ausdr\u00fcckliche Genehmigung gew\u00e4hrt wird.<\/p>\n\n                                      <\/div>\n                                  <div class=\"col-12\">\n                                          <h5 >\n              <span class=\"Headline block hyphens-auto font-bold text-primary\">Datenschutz<\/span>\n      <\/h5>\n                                                              <p class=\"mb-last-item\">Wir k\u00f6nnen pers\u00f6nliche Daten \u00fcber Sie sammeln, um auf eine Anfrage von Ihnen zu antworten oder f\u00fcr jeden anderen Zweck, der in unserer Datenschutzrichtlinie unter v-er.eu\/vulcan-energy-privacy-policy\/ beschrieben ist. Indem Sie uns Ihre pers\u00f6nlichen Daten zur Verf\u00fcgung stellen, stimmen Sie der Sammlung, Verwendung, Speicherung und Weitergabe dieser Daten zu, wie in der Datenschutzrichtlinie beschrieben. In der Datenschutzrichtlinie wird auch beschrieben, wie unsere Website Cookies sammeln, speichern und verwenden kann.<\/p>\n\n                                      <\/div>\n                                  <div class=\"col-12\">\n                                          <h5 >\n              <span class=\"Headline block hyphens-auto font-bold text-primary\">Garantien und Haftungsausschl\u00fcsse<\/span>\n      <\/h5>\n                                                              <p class=\"mb-last-item\">Soweit gesetzlich zul\u00e4ssig, gibt Vulcan keine Garantien oder Zusicherungen in Bezug auf diese Website oder den Inhalt, einschlie\u00dflich, aber nicht beschr\u00e4nkt auf Garantien oder Zusicherungen, dass der Inhalt der Website vollst\u00e4ndig, genau oder aktuell ist, dass der Zugang zur Website sicher, ununterbrochen oder fehlerfrei ist oder frei von Viren oder anderen sch\u00e4dlichen Komponenten ist. Wir behalten uns das Recht vor, den Zugang zu dieser Website oder zu jeglichen Inhalten jederzeit und ohne Vorank\u00fcndigung einzuschr\u00e4nken, auszusetzen oder zu beenden. Vulcan ist nicht verantwortlich f\u00fcr Verluste, Kosten, Sch\u00e4den oder Haftungen, die sich daraus ergeben k\u00f6nnen.<\/p>\n\n                                      <\/div>\n                                  <div class=\"col-12\">\n                                          <h5 >\n              <span class=\"Headline block hyphens-auto font-bold text-primary\">Haftung<\/span>\n      <\/h5>\n                                                              <p class=\"mb-last-item\">Soweit gesetzlich zul\u00e4ssig, erkl\u00e4ren Sie sich damit einverstanden, dass Vulcan in keinem Fall f\u00fcr direkte, besondere, indirekte oder Folgesch\u00e4den, Verluste oder Kosten (unabh\u00e4ngig von der Art des Auftretens) haftet, die durch Ihren Zugang zu oder Ihre Nutzung unserer Website und\/oder der auf unserer Website bereitgestellten Inhalte und\/oder der Tatsache, dass bestimmte Inhalte auf unserer Website ausgelassen wurden oder unvollst\u00e4ndig, ungenau oder nicht aktuell sind, entstehen k\u00f6nnen.<\/p>\n\n                                      <\/div>\n                                  <div class=\"col-12\">\n                                          <h5 >\n              <span class=\"Headline block hyphens-auto font-bold text-primary\">Links<\/span>\n      <\/h5>\n                                                              <p class=\"mb-last-item\">Diese Website kann Links zu anderen Websites enthalten, die von Dritten betrieben werden. Diese Links werden nur zu Ihrem Nutzen zur Verf\u00fcgung gestellt und sind m\u00f6glicherweise nicht aktuell oder werden nicht gepflegt. Sofern nicht ausdr\u00fccklich anders angegeben, bef\u00fcrwortet oder genehmigt Vulcan keine verlinkten Websites, und wir sind nicht verantwortlich f\u00fcr den Inhalt der verlinkten Websites. Die Nutzung eines Links zu einer verlinkten Website erfolgt ausschlie\u00dflich auf Ihr eigenes Risiko. Ohne die vorherige schriftliche Zustimmung von Vulcan d\u00fcrfen Sie keine Links zu dieser Website erstellen oder diese Website in Frames einbinden.<\/p>\n\n                                      <\/div>\n                                  <div class=\"col-12\">\n                                          <h5 >\n              <span class=\"Headline block hyphens-auto font-bold text-primary\">Geltendes Recht<\/span>\n      <\/h5>\n                                                              <p class=\"mb-last-item\">Ihre Nutzung der Website und diese Bedingungen unterliegen dem Recht des Staates Westaustralien, und Sie unterwerfen sich der nicht ausschlie\u00dflichen Gerichtsbarkeit der Gerichte, die in Westaustralien zust\u00e4ndig sind.<\/p>\n\n                                      <\/div>\n                              <\/div>\n\n  \n<\/div>        <\/div>\n      <\/div>\n    <\/div>\n  <\/div>\n\n<\/section>","protected":false},"excerpt":{"rendered":"","protected":false},"author":2,"featured_media":0,"parent":0,"menu_order":0,"comment_status":"closed","ping_status":"closed","template":"","meta":[],"acf":[],"yoast_head":"<!-- This site is optimized with the Yoast SEO plugin v20.13 - https:\/\/yoast.com\/wordpress\/plugins\/seo\/ -->\n<title>Nutzerbedingungen - VULCAN ENERGY RESOURCES<\/title>\n<meta name=\"description\" content=\"This website is operated by Vulcan Energy Resources Limited (ACN 624 223 132). References here to \u2018us\u2019, \u2018we\u2019, \u2018our\u2019 or \u2018Vulcan\u2019 are to Vulc...\" \/>\n<meta name=\"robots\" content=\"index, follow, max-snippet:-1, max-image-preview:large, max-video-preview:-1\" \/>\n<link rel=\"canonical\" href=\"https:\/\/v-er.eu\/de\/website-terms-of-use\/\" \/>\n<meta property=\"og:locale\" content=\"de_DE\" \/>\n<meta property=\"og:type\" content=\"article\" \/>\n<meta property=\"og:title\" content=\"Nutzerbedingungen - VULCAN ENERGY RESOURCES\" \/>\n<meta property=\"og:description\" content=\"This website is operated by Vulcan Energy Resources Limited (ACN 624 223 132). References here to \u2018us\u2019, \u2018we\u2019, \u2018our\u2019 or \u2018Vulcan\u2019 are to Vulc...\" \/>\n<meta property=\"og:url\" content=\"https:\/\/v-er.eu\/de\/website-terms-of-use\/\" \/>\n<meta property=\"og:site_name\" content=\"VULCAN ENERGY RESOURCES\" \/>\n<meta property=\"article:modified_time\" content=\"2024-09-10T11:24:08+00:00\" \/>\n<meta name=\"twitter:card\" content=\"summary_large_image\" \/>\n<script type=\"application\/ld+json\" class=\"yoast-schema-graph\">{\"@context\":\"https:\/\/schema.org\",\"@graph\":[{\"@type\":\"WebPage\",\"@id\":\"https:\/\/v-er.eu\/de\/website-terms-of-use\/\",\"url\":\"https:\/\/v-er.eu\/de\/website-terms-of-use\/\",\"name\":\"Nutzerbedingungen - VULCAN ENERGY RESOURCES\",\"isPartOf\":{\"@id\":\"https:\/\/v-er.eu\/#website\"},\"datePublished\":\"2024-01-08T10:38:31+00:00\",\"dateModified\":\"2024-09-10T11:24:08+00:00\",\"description\":\"This website is operated by Vulcan Energy Resources Limited (ACN 624 223 132). References here to \u2018us\u2019, \u2018we\u2019, \u2018our\u2019 or \u2018Vulcan\u2019 are to Vulc...\",\"breadcrumb\":{\"@id\":\"https:\/\/v-er.eu\/de\/website-terms-of-use\/#breadcrumb\"},\"inLanguage\":\"de-DE\",\"potentialAction\":[{\"@type\":\"ReadAction\",\"target\":[\"https:\/\/v-er.eu\/de\/website-terms-of-use\/\"]}]},{\"@type\":\"BreadcrumbList\",\"@id\":\"https:\/\/v-er.eu\/de\/website-terms-of-use\/#breadcrumb\",\"itemListElement\":[{\"@type\":\"ListItem\",\"position\":1,\"name\":\"Home\",\"item\":\"https:\/\/v-er.eu\/de\/\"},{\"@type\":\"ListItem\",\"position\":2,\"name\":\"Nutzerbedingungen\"}]},{\"@type\":\"WebSite\",\"@id\":\"https:\/\/v-er.eu\/#website\",\"url\":\"https:\/\/v-er.eu\/\",\"name\":\"VULCAN ENERGY RESOURCES\",\"description\":\"Vulcan\u2019s purpose is to empower a net zero carbon future, aiming to supply lithium chemicals and renewable energy from Europe, for Europe from its Zero Carbon Lithium\u2122 Project.\",\"potentialAction\":[{\"@type\":\"SearchAction\",\"target\":{\"@type\":\"EntryPoint\",\"urlTemplate\":\"https:\/\/v-er.eu\/?s={search_term_string}\"},\"query-input\":\"required name=search_term_string\"}],\"inLanguage\":\"de-DE\"}]}<\/script>\n<!-- \/ Yoast SEO plugin. -->","yoast_head_json":{"title":"Nutzerbedingungen - VULCAN ENERGY RESOURCES","description":"This website is operated by Vulcan Energy Resources Limited (ACN 624 223 132). References here to \u2018us\u2019, \u2018we\u2019, \u2018our\u2019 or \u2018Vulcan\u2019 are to Vulc...","robots":{"index":"index","follow":"follow","max-snippet":"max-snippet:-1","max-image-preview":"max-image-preview:large","max-video-preview":"max-video-preview:-1"},"canonical":"https:\/\/v-er.eu\/de\/website-terms-of-use\/","og_locale":"de_DE","og_type":"article","og_title":"Nutzerbedingungen - VULCAN ENERGY RESOURCES","og_description":"This website is operated by Vulcan Energy Resources Limited (ACN 624 223 132). References here to \u2018us\u2019, \u2018we\u2019, \u2018our\u2019 or \u2018Vulcan\u2019 are to Vulc...","og_url":"https:\/\/v-er.eu\/de\/website-terms-of-use\/","og_site_name":"VULCAN ENERGY RESOURCES","article_modified_time":"2024-09-10T11:24:08+00:00","twitter_card":"summary_large_image","schema":{"@context":"https:\/\/schema.org","@graph":[{"@type":"WebPage","@id":"https:\/\/v-er.eu\/de\/website-terms-of-use\/","url":"https:\/\/v-er.eu\/de\/website-terms-of-use\/","name":"Nutzerbedingungen - VULCAN ENERGY RESOURCES","isPartOf":{"@id":"https:\/\/v-er.eu\/#website"},"datePublished":"2024-01-08T10:38:31+00:00","dateModified":"2024-09-10T11:24:08+00:00","description":"This website is operated by Vulcan Energy Resources Limited (ACN 624 223 132). References here to \u2018us\u2019, \u2018we\u2019, \u2018our\u2019 or \u2018Vulcan\u2019 are to Vulc...","breadcrumb":{"@id":"https:\/\/v-er.eu\/de\/website-terms-of-use\/#breadcrumb"},"inLanguage":"de-DE","potentialAction":[{"@type":"ReadAction","target":["https:\/\/v-er.eu\/de\/website-terms-of-use\/"]}]},{"@type":"BreadcrumbList","@id":"https:\/\/v-er.eu\/de\/website-terms-of-use\/#breadcrumb","itemListElement":[{"@type":"ListItem","position":1,"name":"Home","item":"https:\/\/v-er.eu\/de\/"},{"@type":"ListItem","position":2,"name":"Nutzerbedingungen"}]},{"@type":"WebSite","@id":"https:\/\/v-er.eu\/#website","url":"https:\/\/v-er.eu\/","name":"VULCAN ENERGY RESOURCES","description":"Vulcan\u2019s purpose is to empower a net zero carbon future, aiming to supply lithium chemicals and renewable energy from Europe, for Europe from its Zero Carbon Lithium\u2122 Project.","potentialAction":[{"@type":"SearchAction","target":{"@type":"EntryPoint","urlTemplate":"https:\/\/v-er.eu\/?s={search_term_string}"},"query-input":"required name=search_term_string"}],"inLanguage":"de-DE"}]}},"_links":{"self":[{"href":"https:\/\/v-er.eu\/de\/wp-json\/wp\/v2\/pages\/14723"}],"collection":[{"href":"https:\/\/v-er.eu\/de\/wp-json\/wp\/v2\/pages"}],"about":[{"href":"https:\/\/v-er.eu\/de\/wp-json\/wp\/v2\/types\/page"}],"author":[{"embeddable":true,"href":"https:\/\/v-er.eu\/de\/wp-json\/wp\/v2\/users\/2"}],"replies":[{"embeddable":true,"href":"https:\/\/v-er.eu\/de\/wp-json\/wp\/v2\/comments?post=14723"}],"version-history":[{"count":4,"href":"https:\/\/v-er.eu\/de\/wp-json\/wp\/v2\/pages\/14723\/revisions"}],"predecessor-version":[{"id":14728,"href":"https:\/\/v-er.eu\/de\/wp-json\/wp\/v2\/pages\/14723\/revisions\/14728"}],"wp:attachment":[{"href":"https:\/\/v-er.eu\/de\/wp-json\/wp\/v2\/media?parent=14723"}],"curies":[{"name":"wp","href":"https:\/\/api.w.org\/{rel}","templated":true}]}}