{"id":22211,"date":"2025-11-12T15:31:54","date_gmt":"2025-11-12T15:31:54","guid":{"rendered":"https:\/\/v-er.eu\/recent-announcements\/"},"modified":"2025-12-02T11:44:10","modified_gmt":"2025-12-02T11:44:10","slug":"recent-announcements","status":"publish","type":"page","link":"https:\/\/v-er.eu\/de\/recent-announcements\/","title":{"rendered":"Neuste Bekanntmachungen"},"content":{"rendered":"<section id=\"block_8ad49f0719e75b3bcdcc6525893163f5\" class=\"block__text-media-hero block relative -mt-14 block_margin \">\n\n  <div class=\"relative bg-[url(12093)] bg-cover bg-center bg-no-repeat\">\n\n          <div class=\"absolute inset-0\">\n        <figure class=\"m-0 h-full\">\n <div class=\"ratio no-ratio h-full\">     <img width=\"2560\" height=\"1920\" src=\"https:\/\/v-er.eu\/app\/uploads\/sites\/9\/2024\/04\/Boerse-1.jpg\" class=\"object-cover h-full w-full wp-image\" alt=\"\" decoding=\"async\" loading=\"eager\" srcset=\"https:\/\/v-er.eu\/app\/uploads\/sites\/9\/2024\/04\/Boerse-1.jpg 2560w, https:\/\/v-er.eu\/app\/uploads\/sites\/9\/2024\/04\/Boerse-1-300x225.jpg 300w, https:\/\/v-er.eu\/app\/uploads\/sites\/9\/2024\/04\/Boerse-1-1024x768.jpg 1024w, https:\/\/v-er.eu\/app\/uploads\/sites\/9\/2024\/04\/Boerse-1-768x576.jpg 768w, https:\/\/v-er.eu\/app\/uploads\/sites\/9\/2024\/04\/Boerse-1-1536x1152.jpg 1536w, https:\/\/v-er.eu\/app\/uploads\/sites\/9\/2024\/04\/Boerse-1-2048x1536.jpg 2048w\" sizes=\"(max-width: 2560px) 100vw, 2560px\" \/>\n <\/div> <\/figure>      <\/div>\n    \n    <div class=\"absolute inset-0 hero-media-overlay\"><\/div>\n    <div class=\"absolute inset-0 hero-media-vignette\"><\/div>\n\n    <div class=\"relative container flex flex-col justify-between flex-wrap py-16 min-h-[28rem]\">\n\n      <div class=\"text-white mb-10\">\n                <div id=\"Breadcrumb\">\n            <nav aria-label=\"Breadcrumb\">\n                <ol class=\"flex items-center gap-1 text-sm\">\n                <li class=\"breadcrumb-item \">\n                    <a class=\"breadcrumb-home\" href=\"https:\/\/v-er.eu\/de\/\">\n                        <svg\n    xmlns=\"http:\/\/www.w3.org\/2000\/svg\"\n    class=\"h-4 w-4\"\n    fill=\"none\"\n    viewBox=\"0 0 24 24\"\n    stroke=\"currentColor\"\n    height=\"24\"\n    width=\"24\"\n    >\n    <path\n    stroke-linecap=\"round\"\n    stroke-linejoin=\"round\"\n    stroke-width=\"2\"\n    d=\"M3 12l2-2m0 0l7-7 7 7M5 10v10a1 1 0 001 1h3m10-11l2 2m-2-2v10a1 1 0 01-1 1h-3m-6 0a1 1 0 001-1v-4a1 1 0 011-1h2a1 1 0 011 1v4a1 1 0 001 1m-6 0h6\"\n    \/>\n<\/svg>                    <\/a>\n                <\/li>\n                                                                                        <li class=\"breadcrumb-item flex items-center active\"  aria-current=\"page\">\n                                <span class=\"rotate-[270deg] inline-block\"> <svg xmlns=\"http:\/\/www.w3.org\/2000\/svg\"\nclass=\"h-4 w-4\"\nviewBox=\"0 0 20 20\"\nstroke=\"currentColor\"\nheight=\"24\"\nwidth=\"24\">\n    <path d=\"M9.293 12.95l.707.707L15.657 8l-1.414-1.414L10 10.828 5.757 6.586 4.343 8z\" \/>\n<\/svg> <\/span>\n                                <span class=\"inline-block\">Neuste Bekanntmachungen<\/span>\n                            <\/li>\n                                                                                    <\/ol>\n            <\/nav>\n        <\/div>      <\/div>\n\n      <div class=\"w-full ltr:sm:text-left rtl:sm:text-right\">\n                  <h2 >\n          <span class=\"PreHeadline block text-3xl font-bold text-secondary font-highlight\"><\/span>\n              <span class=\"Headline block text-white\">Neuste <strong>Bekanntmachungen.<\/strong><\/span>\n      <\/h2>\n        \n        \n        <div class=\"max-w-md text-white\">\n          \n        <\/div>\n\n              <\/div>\n    <\/div>\n\n    \n      <\/div>\n\n  <div class=\"absolute bottom-0 w-full\">\n    <div>\n  <svg height=\"20\" width=\"100\" class=\"h-8 md:h-12 lg:h-20 w-full  text-white relative z-10\" viewBox=\"0 0 10 10\" preserveAspectRatio=\"none\">\n  <polygon fill=\"currentColor\" points=\"0 10 10 0 10 10\"><\/polygon>\n  <\/svg>\n<\/div>  <\/div>\n\n<\/section>\n\n\n<section id=\"block_bd8388f015dfa8262cb2c46aa19dc987\" class=\"block__text-media block overflow-x-clip block_margin\">\n    <div class=\"bg-none \">\n    <div class=\"container\">\n      <div class=\"row gap-y-10\">\n        <div class=\"col-12 flex items-center lg:col-7 xl:col-6\">\n          <div class=\"w-full\">\n            <div class=\"mx-auto lg:mx-0 col-12 md:col-10 lg:col-11\">\n                              <h2 >\n          <span class=\"PreHeadline block text-3xl font-bold font-highlight text-secondary\">Stay informed<\/span>\n              <span class=\"Headline block text-primary\">Vulcan an der <strong>B\u00f6rse.<\/strong><\/span>\n      <\/h2>\n                            <div class=\"mx-auto lg:mx-0 \">\n                <div class=\"text-default\">\n                  <p class=\"mb-last-item\">Als ein Unternehmen, das sowohl an der australischen B\u00f6rse (ASX) sowie der Frankfurter B\u00f6rse (FSE) gelistet ist, sind wir verpflichtet, unsere Aktion\u00e4re und Stakeholder stets auf dem Laufenden zu halten. Hier finden Sie unsere aktuellen offiziellen Bekanntmachungen und Updates.<\/p>\n\n                <\/div>\n                              <\/div>\n            <\/div>\n          <\/div>\n        <\/div>\n                  <div class=\"col-12 justify-center lg:col-5 xl:col-6 flex items-center lg:order-last\">\n            <div class=\"relative w-full z-0\">\n      \n    \n    <img decoding=\"async\" class=\"md:block absolute z-[-1] top-8 -right-8 scale-75 xl:scale-90 2xl:scale-100 pointer-events-none\" src=\"https:\/\/v-er.eu\/app\/themes\/vulcan-x\/public\/images\/icons\/pattern-dots-grid-1.20f1c2.svg\" alt=\"\">\n    <img decoding=\"async\" class=\"md:block absolute z-[-1] bottom-10 -left-12 scale-75 xl:scale-90 2xl:scale-100 pointer-events-none\" src=\"https:\/\/v-er.eu\/app\/themes\/vulcan-x\/public\/images\/icons\/pattern-dots-grid-2.112ab7.svg\" alt=\"\">\n    <figure class=\"m-0 w-full\">\n <div class=\"ratio ratio-5x3\">     <img width=\"1200\" height=\"1200\" src=\"https:\/\/v-er.eu\/app\/uploads\/sites\/9\/2024\/12\/ASX.jpg\" class=\"object-cover rounded-2xl wp-image\" alt=\"\" decoding=\"async\" loading=\"lazy\" srcset=\"https:\/\/v-er.eu\/app\/uploads\/sites\/9\/2024\/12\/ASX.jpg 1200w, https:\/\/v-er.eu\/app\/uploads\/sites\/9\/2024\/12\/ASX-300x300.jpg 300w, https:\/\/v-er.eu\/app\/uploads\/sites\/9\/2024\/12\/ASX-1024x1024.jpg 1024w, https:\/\/v-er.eu\/app\/uploads\/sites\/9\/2024\/12\/ASX-150x150.jpg 150w, https:\/\/v-er.eu\/app\/uploads\/sites\/9\/2024\/12\/ASX-768x768.jpg 768w\" sizes=\"(max-width: 1200px) 100vw, 1200px\" \/>\n <\/div> <\/figure>\n<\/div>          <\/div>\n              <\/div>\n    <\/div>\n  <\/div>\n  <\/section>\n\n<section id=\"block_66b187cc40b266806df34f6a772bdc56\" class=\"block__text-only block block_margin\">\n    <div class=\"bg-none \">\n    <div class=\"container\">\n      <div class=\"block\">\n  \n\n  \n  <div x-data=\"{ expanded: false }\">\n            <div class=\"row\" >\n                              <div class=\"col-12 md:col-6 space-y-6\">\n                                    <div>\n                    <p class=\"mb-last-item\"><strong>ASX:VUL Announcements<\/strong><\/p>\n<ul>\n<li><a href=\"https:\/\/api.investi.com.au\/api\/announcements\/vul\/2d345d57-e05.pdf\" target=\"_blank\" rel=\"noopener\">Positive start to Phase One Lionheart Project field development<\/a><\/li>\n<li><a href=\"https:\/\/api.investi.com.au\/api\/announcements\/vul\/58aca969-cf3.pdf\">ABB appointed as Main Electrical Contractor partner for Phase One Lionheart Project<\/a><\/li>\n<li><a href=\"https:\/\/api.investi.com.au\/api\/announcements\/vul\/bef1fc65-42e.pdf\" target=\"_blank\" rel=\"noopener\">Vulcan receives commercial Lithium Extraction Plant permit<\/a><\/li>\n<li><a href=\"https:\/\/api.investi.com.au\/api\/announcements\/vul\/9f2cf2c9-243.pdf\" target=\"_blank\" rel=\"noopener\">Quarterly Activities Report for the period ending 30 September 2025<\/a><\/li>\n<li><a href=\"https:\/\/api.investi.com.au\/api\/announcements\/vul\/e02415ed-29f.pdf\" target=\"_blank\" rel=\"noopener\">Quarterly Cashflow Report Period Ending 30 September 2025<\/a><\/li>\n<li><a href=\"https:\/\/api.investi.com.au\/api\/announcements\/vul\/8484fb02-be4.pdf\" target=\"_blank\" rel=\"noopener\">JordProxa awarded lithium plant and equipment contract for Phase One<\/a><\/li>\n<li><a href=\"https:\/\/api.investi.com.au\/api\/announcements\/vul\/23a28720-a69.pdf\" target=\"_blank\" rel=\"noopener\">Vulcan signs binding lithium offtake agreement with Glencore<\/a><\/li>\n<li><a href=\"https:\/\/api.investi.com.au\/api\/announcements\/vul\/7a9a4b29-4e8.pdf\" target=\"_blank\" rel=\"noopener\">Major supply contract signed with Turboden and ROM Technik<\/a><\/li>\n<\/ul>\n\n                  <\/div>\n                <\/div>\n                              <div class=\"col-12 md:col-6 space-y-6\">\n                                    <div>\n                    <p class=\"mb-last-item\"><strong>FSE:VUL Announcements<\/strong><\/p>\n<ul>\n<li><a href=\"https:\/\/ir-api.eqs.com\/feeds\/news\/6c406036-310b-43e1-beaf-1cabbd34cd5b\/detail\/92db6799-8fa1-4696-bda6-912e1f8555da\/html?lang=en&amp;feed_template=news\" target=\"_blank\" rel=\"noopener\">Strong drilling performance matched with positive and expected subsurface results, lithium grades confirmed, and learnings from LSC-1 and LSC-1a<\/a><\/li>\n<li><a href=\"https:\/\/ir-api.eqs.com\/feeds\/news\/6c406036-310b-43e1-beaf-1cabbd34cd5b\/detail\/af6e2a95-7e9e-4774-8baa-6487f9ad3aa9\/html?lang=en&amp;feed_template=news\" target=\"_blank\" rel=\"noopener\">ABB appointed as Main Electrical Contractor partner for Phase One Lionheart Project<\/a><\/li>\n<li><a href=\"https:\/\/ir-api.eqs.com\/feeds\/news\/6c406036-310b-43e1-beaf-1cabbd34cd5b\/detail\/43242b87-ec58-4165-9b1d-cf80b508d891\/html?lang=en&amp;feed_template=news\" target=\"_blank\" rel=\"noopener\">Vulcan receives commercial Lithium Extraction Plant permit<\/a><\/li>\n<li><a href=\"https:\/\/ir-api.eqs.com\/feeds\/news\/6c406036-310b-43e1-beaf-1cabbd34cd5b\/detail\/3c3b4ae4-aad6-4dc1-88bc-3534a77451d4\/html?lang=en&amp;feed_template=news\" target=\"_blank\" rel=\"noopener\">Quarterly Cashflow Report &#8211; Appendix 5B<\/a><\/li>\n<li><a href=\"https:\/\/ir-api.eqs.com\/feeds\/news\/6c406036-310b-43e1-beaf-1cabbd34cd5b\/detail\/e15968d9-22f1-4809-b918-6da5dfb08e6f\/html?lang=en&amp;feed_template=news\" target=\"_blank\" rel=\"noopener\">Quarterly Activities Report for the period ending 30 September 2025<\/a><\/li>\n<li><a href=\"https:\/\/ir-api.eqs.com\/feeds\/news\/6c406036-310b-43e1-beaf-1cabbd34cd5b\/detail\/d5d5321b-20aa-4c64-9c26-a15803cc06d4\/html?lang=en&amp;feed_template=news\" target=\"_blank\" rel=\"noopener\">JordProxa awarded lithium plant and equipment contract for Phase One<\/a><\/li>\n<li><a href=\"https:\/\/ir-api.eqs.com\/feeds\/news\/6c406036-310b-43e1-beaf-1cabbd34cd5b\/detail\/9c10d1f4-138e-44de-a814-59575cccff23\/html?lang=en&amp;feed_template=news\" target=\"_blank\" rel=\"noopener\">Vulcan signs binding lithium offtake agreement with Glencore<\/a><\/li>\n<li><a href=\"https:\/\/ir-api.eqs.com\/feeds\/news\/6c406036-310b-43e1-beaf-1cabbd34cd5b\/detail\/2a898457-9db2-4a59-ae8c-f4f2d0bd9b57\/html?lang=en&amp;feed_template=news\" target=\"_blank\" rel=\"noopener\">Major supply contract signed with Turboden and ROM Technik<\/a><\/li>\n<\/ul>\n\n                  <\/div>\n                <\/div>\n                          <\/div>\n                      <\/div>\n\n  <div class=\"mt-8\">\n          <a class=\"btn btn-primary   mb-last-item\" href=\"https:\/\/v-er.eu\/new-staging\/de\/presse\/\" target=\"_blank\">\n  Mehr News\n<\/a>          <\/div>\n<\/div>    <\/div>\n  <\/div>\n  <\/section>","protected":false},"excerpt":{"rendered":"","protected":false},"author":5,"featured_media":0,"parent":0,"menu_order":0,"comment_status":"closed","ping_status":"closed","template":"","meta":[],"acf":[],"yoast_head":"<!-- This site is optimized with the Yoast SEO plugin v20.13 - https:\/\/yoast.com\/wordpress\/plugins\/seo\/ -->\n<title>Neuste Bekanntmachungen - VULCAN ENERGY RESOURCES<\/title>\n<meta name=\"robots\" content=\"noindex, follow, max-snippet:-1, max-image-preview:large, max-video-preview:-1\" \/>\n<meta property=\"og:locale\" content=\"de_DE\" \/>\n<meta property=\"og:type\" content=\"article\" \/>\n<meta property=\"og:title\" content=\"Neuste Bekanntmachungen - VULCAN ENERGY RESOURCES\" \/>\n<meta property=\"og:url\" content=\"https:\/\/v-er.eu\/de\/recent-announcements\/\" \/>\n<meta property=\"og:site_name\" content=\"VULCAN ENERGY RESOURCES\" \/>\n<meta property=\"article:modified_time\" content=\"2025-12-02T11:44:10+00:00\" \/>\n<meta name=\"twitter:card\" content=\"summary_large_image\" \/>\n<script type=\"application\/ld+json\" class=\"yoast-schema-graph\">{\"@context\":\"https:\/\/schema.org\",\"@graph\":[{\"@type\":\"WebPage\",\"@id\":\"https:\/\/v-er.eu\/de\/recent-announcements\/\",\"url\":\"https:\/\/v-er.eu\/de\/recent-announcements\/\",\"name\":\"Neuste Bekanntmachungen - VULCAN ENERGY RESOURCES\",\"isPartOf\":{\"@id\":\"https:\/\/v-er.eu\/#website\"},\"datePublished\":\"2025-11-12T15:31:54+00:00\",\"dateModified\":\"2025-12-02T11:44:10+00:00\",\"breadcrumb\":{\"@id\":\"https:\/\/v-er.eu\/de\/recent-announcements\/#breadcrumb\"},\"inLanguage\":\"de-DE\",\"potentialAction\":[{\"@type\":\"ReadAction\",\"target\":[\"https:\/\/v-er.eu\/de\/recent-announcements\/\"]}]},{\"@type\":\"BreadcrumbList\",\"@id\":\"https:\/\/v-er.eu\/de\/recent-announcements\/#breadcrumb\",\"itemListElement\":[{\"@type\":\"ListItem\",\"position\":1,\"name\":\"Home\",\"item\":\"https:\/\/v-er.eu\/de\/\"},{\"@type\":\"ListItem\",\"position\":2,\"name\":\"Neuste Bekanntmachungen\"}]},{\"@type\":\"WebSite\",\"@id\":\"https:\/\/v-er.eu\/#website\",\"url\":\"https:\/\/v-er.eu\/\",\"name\":\"VULCAN ENERGY RESOURCES\",\"description\":\"Vulcan\u2019s purpose is to empower a net zero carbon future, aiming to supply lithium chemicals and renewable energy from Europe, for Europe from its Zero Carbon Lithium\u2122 Project.\",\"potentialAction\":[{\"@type\":\"SearchAction\",\"target\":{\"@type\":\"EntryPoint\",\"urlTemplate\":\"https:\/\/v-er.eu\/?s={search_term_string}\"},\"query-input\":\"required name=search_term_string\"}],\"inLanguage\":\"de-DE\"}]}<\/script>\n<!-- \/ Yoast SEO plugin. -->","yoast_head_json":{"title":"Neuste Bekanntmachungen - VULCAN ENERGY RESOURCES","robots":{"index":"noindex","follow":"follow","max-snippet":"max-snippet:-1","max-image-preview":"max-image-preview:large","max-video-preview":"max-video-preview:-1"},"og_locale":"de_DE","og_type":"article","og_title":"Neuste Bekanntmachungen - VULCAN ENERGY RESOURCES","og_url":"https:\/\/v-er.eu\/de\/recent-announcements\/","og_site_name":"VULCAN ENERGY RESOURCES","article_modified_time":"2025-12-02T11:44:10+00:00","twitter_card":"summary_large_image","schema":{"@context":"https:\/\/schema.org","@graph":[{"@type":"WebPage","@id":"https:\/\/v-er.eu\/de\/recent-announcements\/","url":"https:\/\/v-er.eu\/de\/recent-announcements\/","name":"Neuste Bekanntmachungen - VULCAN ENERGY RESOURCES","isPartOf":{"@id":"https:\/\/v-er.eu\/#website"},"datePublished":"2025-11-12T15:31:54+00:00","dateModified":"2025-12-02T11:44:10+00:00","breadcrumb":{"@id":"https:\/\/v-er.eu\/de\/recent-announcements\/#breadcrumb"},"inLanguage":"de-DE","potentialAction":[{"@type":"ReadAction","target":["https:\/\/v-er.eu\/de\/recent-announcements\/"]}]},{"@type":"BreadcrumbList","@id":"https:\/\/v-er.eu\/de\/recent-announcements\/#breadcrumb","itemListElement":[{"@type":"ListItem","position":1,"name":"Home","item":"https:\/\/v-er.eu\/de\/"},{"@type":"ListItem","position":2,"name":"Neuste Bekanntmachungen"}]},{"@type":"WebSite","@id":"https:\/\/v-er.eu\/#website","url":"https:\/\/v-er.eu\/","name":"VULCAN ENERGY RESOURCES","description":"Vulcan\u2019s purpose is to empower a net zero carbon future, aiming to supply lithium chemicals and renewable energy from Europe, for Europe from its Zero Carbon Lithium\u2122 Project.","potentialAction":[{"@type":"SearchAction","target":{"@type":"EntryPoint","urlTemplate":"https:\/\/v-er.eu\/?s={search_term_string}"},"query-input":"required name=search_term_string"}],"inLanguage":"de-DE"}]}},"_links":{"self":[{"href":"https:\/\/v-er.eu\/de\/wp-json\/wp\/v2\/pages\/22211"}],"collection":[{"href":"https:\/\/v-er.eu\/de\/wp-json\/wp\/v2\/pages"}],"about":[{"href":"https:\/\/v-er.eu\/de\/wp-json\/wp\/v2\/types\/page"}],"author":[{"embeddable":true,"href":"https:\/\/v-er.eu\/de\/wp-json\/wp\/v2\/users\/5"}],"replies":[{"embeddable":true,"href":"https:\/\/v-er.eu\/de\/wp-json\/wp\/v2\/comments?post=22211"}],"version-history":[{"count":10,"href":"https:\/\/v-er.eu\/de\/wp-json\/wp\/v2\/pages\/22211\/revisions"}],"predecessor-version":[{"id":22222,"href":"https:\/\/v-er.eu\/de\/wp-json\/wp\/v2\/pages\/22211\/revisions\/22222"}],"wp:attachment":[{"href":"https:\/\/v-er.eu\/de\/wp-json\/wp\/v2\/media?parent=22211"}],"curies":[{"name":"wp","href":"https:\/\/api.w.org\/{rel}","templated":true}]}}