{"id":6018,"date":"2023-10-30T15:16:55","date_gmt":"2023-10-30T15:16:55","guid":{"rendered":"https:\/\/v-er.eu\/unternehmensstruktur\/"},"modified":"2025-01-16T11:58:56","modified_gmt":"2025-01-16T11:58:56","slug":"unternehmensstruktur","status":"publish","type":"page","link":"https:\/\/v-er.eu\/de\/unternehmensstruktur\/","title":{"rendered":"Unternehmensstruktur"},"content":{"rendered":"<section id=\"block_0386d4f44245d53d23358b7c2f2a1cc6\" class=\"block__text-media-hero block relative -mt-14 block_margin\">\n\n  <div class=\"relative bg-[url(7342)] bg-cover bg-center bg-no-repeat\">\n\n          <div class=\"absolute inset-0\">\n        <figure class=\"m-0 h-full\">\n <div class=\"ratio no-ratio h-full\">     <img width=\"2560\" height=\"1440\" src=\"https:\/\/v-er.eu\/app\/uploads\/2023\/11\/Bild_Road-1-1-scaled.jpg\" class=\"object-cover h-full w-full wp-image\" alt=\"\" decoding=\"async\" loading=\"eager\" srcset=\"https:\/\/v-er.eu\/app\/uploads\/2023\/11\/Bild_Road-1-1-scaled.jpg 2560w, https:\/\/v-er.eu\/app\/uploads\/2023\/11\/Bild_Road-1-1-300x169.jpg 300w, https:\/\/v-er.eu\/app\/uploads\/2023\/11\/Bild_Road-1-1-1024x576.jpg 1024w, https:\/\/v-er.eu\/app\/uploads\/2023\/11\/Bild_Road-1-1-768x432.jpg 768w, https:\/\/v-er.eu\/app\/uploads\/2023\/11\/Bild_Road-1-1-1536x864.jpg 1536w, https:\/\/v-er.eu\/app\/uploads\/2023\/11\/Bild_Road-1-1-2048x1152.jpg 2048w\" sizes=\"(max-width: 2560px) 100vw, 2560px\" \/>\n <\/div> <\/figure>      <\/div>\n    \n    <div class=\"absolute inset-0 bg-gradient-to-l from-transparent to-primary\"><\/div>\n\n    <div class=\"relative container flex flex-col justify-between flex-wrap py-16 min-h-[28rem]\">\n\n      <div class=\"text-white mb-10\">\n                <div id=\"Breadcrumb\">\n            <nav aria-label=\"Breadcrumb\">\n                <ol class=\"flex items-center gap-1 text-sm\">\n                <li class=\"breadcrumb-item \">\n                    <a class=\"breadcrumb-home\" href=\"https:\/\/v-er.eu\/de\/\">\n                        <svg\n    xmlns=\"http:\/\/www.w3.org\/2000\/svg\"\n    class=\"h-4 w-4\"\n    fill=\"none\"\n    viewBox=\"0 0 24 24\"\n    stroke=\"currentColor\"\n    height=\"24\"\n    width=\"24\"\n    >\n    <path\n    stroke-linecap=\"round\"\n    stroke-linejoin=\"round\"\n    stroke-width=\"2\"\n    d=\"M3 12l2-2m0 0l7-7 7 7M5 10v10a1 1 0 001 1h3m10-11l2 2m-2-2v10a1 1 0 01-1 1h-3m-6 0a1 1 0 001-1v-4a1 1 0 011-1h2a1 1 0 011 1v4a1 1 0 001 1m-6 0h6\"\n    \/>\n<\/svg>                    <\/a>\n                <\/li>\n                                                                                        <li class=\"breadcrumb-item flex items-center active\"  aria-current=\"page\">\n                                <span class=\"rotate-[270deg] inline-block\"> <svg xmlns=\"http:\/\/www.w3.org\/2000\/svg\"\nclass=\"h-4 w-4\"\nviewBox=\"0 0 20 20\"\nstroke=\"currentColor\"\nheight=\"24\"\nwidth=\"24\">\n    <path d=\"M9.293 12.95l.707.707L15.657 8l-1.414-1.414L10 10.828 5.757 6.586 4.343 8z\" \/>\n<\/svg> <\/span>\n                                <span class=\"inline-block\">Unternehmensstruktur<\/span>\n                            <\/li>\n                                                                                    <\/ol>\n            <\/nav>\n        <\/div>      <\/div>\n\n      <div class=\"w-full ltr:sm:text-left rtl:sm:text-right\">\n                  <h2 >\n          <span class=\"PreHeadline block text-3xl hyphens-auto font-bold text-secondary font-highlight\">One Vulcan, One Team<\/span>\n              <span class=\"Headline block hyphens-auto text-white\">Die Vulcan-<strong>Gruppe<\/strong>.<\/span>\n      <\/h2>\n        \n        \n        <div class=\"max-w-md text-white\">\n          <p>Gegr\u00fcndet 2018, baut Vulcan das weltweit erste klimaneutrale, integrierte Unternehmen f\u00fcr Lithium und Erneuerbare Energien auf, um die CO2-Emissionen in der Batterieproduktion zu reduzieren.<\/p>\n\n        <\/div>\n \n              <\/div>\n    <\/div>\n  <\/div>\n\n  <div class=\"absolute bottom-0 w-full\">\n    <div>\n  <svg height=\"20\" width=\"100\" class=\"h-8 md:h-12 lg:h-20 w-full  text-white relative z-10\" viewBox=\"0 0 10 10\" preserveAspectRatio=\"none\">\n  <polygon fill=\"currentColor\" points=\"0 10 10 0 10 10\"><\/polygon>\n  <\/svg>\n<\/div>  <\/div>\n\n<\/section>\n\n\n\n<section id=\"block_c5f2d4893fca174063e14d9dfe0c35f7\" class=\"block__text-only block block_margin\">\n    <div class=\"bg-none \">\n    <div class=\"container\">\n      <div class=\"block\">\n  \n\n  \n  <div x-data=\"{ expanded: false }\">\n            <div class=\"row\" >\n                              <div class=\"col-12 md:col-6 space-y-6\">\n                                      <figure class=\"m-0 w-full\">\n <div class=\"ratio ratio-5x3\">     <img width=\"1200\" height=\"1200\" src=\"https:\/\/v-er.eu\/app\/uploads\/2024\/11\/Design-ohne-Titel-6.png\" class=\"rounded-4xl rounded-[10px] object-cover wp-image\" alt=\"\" decoding=\"async\" loading=\"lazy\" srcset=\"https:\/\/v-er.eu\/app\/uploads\/2024\/11\/Design-ohne-Titel-6.png 1200w, https:\/\/v-er.eu\/app\/uploads\/2024\/11\/Design-ohne-Titel-6-300x300.png 300w, https:\/\/v-er.eu\/app\/uploads\/2024\/11\/Design-ohne-Titel-6-1024x1024.png 1024w, https:\/\/v-er.eu\/app\/uploads\/2024\/11\/Design-ohne-Titel-6-150x150.png 150w, https:\/\/v-er.eu\/app\/uploads\/2024\/11\/Design-ohne-Titel-6-768x768.png 768w\" sizes=\"(max-width: 1200px) 100vw, 1200px\" \/>\n <\/div> <\/figure>                                    <div>\n                    <p class=\"mb-last-item\"><strong>Vulcan Energy Resources Limited<\/strong><\/p>\n<p class=\"mb-last-item\">Vulcan Energy Resources Limited wurde 2018 mit dem Ziel gegr\u00fcndet, das erste klimaneutrale Lithiumunternehmen weltweit zu werden. Das Unternehmen wurde in Australien gegr\u00fcndet. Der Schwerpunkt unserer ersten Projektphase liegt jedoch auf Europa. Der Oberrheingraben beherbergt das gr\u00f6\u00dfte Lithiumvorkommen Europas uns bietet gleichzeitig ein enormes Potenzial f\u00fcr die Gewinnung von Energie aus Tiefengeothermie. Der Oberrheingraben hat sich daher als der geeignetste Standort f\u00fcr Vulcans kombiniertes Projekt f\u00fcr Lithium und Erneuerbare Energie erwiesen.<\/p>\n\n                  <\/div>\n                <\/div>\n                              <div class=\"col-12 md:col-6 space-y-6\">\n                                      <figure class=\"m-0 w-full\">\n <div class=\"ratio ratio-5x3\">     <img width=\"1130\" height=\"700\" src=\"https:\/\/v-er.eu\/app\/uploads\/2025\/01\/Purpose-5.png\" class=\"rounded-4xl rounded-[10px] object-cover wp-image\" alt=\"\" decoding=\"async\" loading=\"lazy\" srcset=\"https:\/\/v-er.eu\/app\/uploads\/2025\/01\/Purpose-5.png 1130w, https:\/\/v-er.eu\/app\/uploads\/2025\/01\/Purpose-5-300x186.png 300w, https:\/\/v-er.eu\/app\/uploads\/2025\/01\/Purpose-5-1024x634.png 1024w, https:\/\/v-er.eu\/app\/uploads\/2025\/01\/Purpose-5-768x476.png 768w\" sizes=\"(max-width: 1130px) 100vw, 1130px\" \/>\n <\/div> <\/figure>                                    <div>\n                    <p class=\"mb-last-item\"><strong>Vulcan Energie Ressourcen GmbH<\/strong><\/p>\n<p class=\"mb-last-item\">In Vulcans Lithium-Sparte arbeiten weltweit f\u00fchrende Experten im Bereich der Lithiumchemie, der Direkten Lithiumextraktion (DLE) und im Bereich der chemischen Verfahrenstechnik . Gemeinsam verfolgt unser Team das Ziel, die Lithiumgewinnung zu dekarbonisieren. Deshalb entwickeln wir das weltweit erste CO2-neutrale Lithiumprojekt bei gleichzeitiger Bereitstellung von Erneuerbarer Energie aus Tiefengeothermie im gro\u00dfen Ma\u00dfstab. Vulcans Lithium-Sparte besteht aus dem Produktionsteam und den Pilot-Teams. Unterst\u00fctzt werden Sie durch die die wissenschaftliche Expertise unserer Vulcan Labore.<\/p>\n\n                  <\/div>\n                <\/div>\n                          <\/div>\n                      <\/div>\n\n  \n<\/div>    <\/div>\n  <\/div>\n  <\/section>\n\n<section id=\"block_8a021952755d8d5a8bcc6c257ff31361\" class=\"block__text-only block block_margin\">\n    <div class=\"bg-none \">\n    <div class=\"container\">\n      <div class=\"block\">\n  \n\n  \n  <div x-data=\"{ expanded: false }\">\n            <div class=\"row\" >\n                              <div class=\"col-12 md:col-6 space-y-6\">\n                                      <figure class=\"m-0 w-full\">\n <div class=\"ratio ratio-5x3\">     <img width=\"800\" height=\"550\" src=\"https:\/\/v-er.eu\/app\/uploads\/2023\/11\/Natuelich_Insheim.png\" class=\"rounded-4xl rounded-[10px] object-cover wp-image\" alt=\"Natuelich Insheim logo\" decoding=\"async\" loading=\"lazy\" srcset=\"https:\/\/v-er.eu\/app\/uploads\/2023\/11\/Natuelich_Insheim.png 800w, https:\/\/v-er.eu\/app\/uploads\/2023\/11\/Natuelich_Insheim-300x206.png 300w, https:\/\/v-er.eu\/app\/uploads\/2023\/11\/Natuelich_Insheim-768x528.png 768w\" sizes=\"(max-width: 800px) 100vw, 800px\" \/>\n <\/div> <\/figure>                                    <div>\n                    <p class=\"mb-last-item\"><strong>Nat\u00fcrlich Insheim GmbH<\/strong><\/p>\n<p class=\"mb-last-item\">Mit dem Erwerb der Pfalzwerke geofuture GmbH verf\u00fcgt Vulcan seit Januar 2022 \u00fcber ein sich in Betrieb befindliches, umsatzstarkes Geothermiekraftwerk. Das Kraftwerk firmiert unter dem Namen <a href=\"https:\/\/natuerlich-insheim.eu\/\">Nat\u00fcrlich Insheim GmbH<\/a>. Die derzeitige technische Kapazit\u00e4t des Kraftwerks betr\u00e4gt maximal 4,8 MW Erneuerbaren Stroms mit der zus\u00e4tzlichen M\u00f6glichkeit der W\u00e4rmeerzeugung.<\/p>\n\n                  <\/div>\n                <\/div>\n                              <div class=\"col-12 md:col-6 space-y-6\">\n                                      <figure class=\"m-0 w-full\">\n <div class=\"ratio ratio-5x3\">     <img width=\"3000\" height=\"669\" src=\"https:\/\/v-er.eu\/app\/uploads\/2024\/11\/Vercana-Logo-Colour.png\" class=\"rounded-4xl rounded-[10px] object-contain wp-image\" alt=\"\" decoding=\"async\" loading=\"lazy\" srcset=\"https:\/\/v-er.eu\/app\/uploads\/2024\/11\/Vercana-Logo-Colour.png 3000w, https:\/\/v-er.eu\/app\/uploads\/2024\/11\/Vercana-Logo-Colour-300x67.png 300w, https:\/\/v-er.eu\/app\/uploads\/2024\/11\/Vercana-Logo-Colour-1024x228.png 1024w, https:\/\/v-er.eu\/app\/uploads\/2024\/11\/Vercana-Logo-Colour-768x171.png 768w, https:\/\/v-er.eu\/app\/uploads\/2024\/11\/Vercana-Logo-Colour-1536x343.png 1536w, https:\/\/v-er.eu\/app\/uploads\/2024\/11\/Vercana-Logo-Colour-2048x457.png 2048w\" sizes=\"(max-width: 3000px) 100vw, 3000px\" \/>\n <\/div> <\/figure>                                    <div>\n                    <p class=\"mb-last-item\"><strong>Vulcans Experten im Bereich Tiefenbohrung<\/strong><\/p>\n<p class=\"mb-last-item\">Vulcan hat mit der <a href=\"https:\/\/v-er.eu\/de\/bohrungen\/\">Bohrgesellschaft<\/a> VERCANA ein leistungsstarkes und erfahrenes Team aufgebaut VERCANA ist mit zwei elektrischen Bohranlagen ausgestattet, die in dem neu gegr\u00fcndeten Unternehmen von einem eigenen erfahrenen Bohrteam betrieben werden.<\/p>\n\n                  <\/div>\n                <\/div>\n                          <\/div>\n                      <\/div>\n\n  \n<\/div>    <\/div>\n  <\/div>\n  <\/section>","protected":false},"excerpt":{"rendered":"","protected":false},"author":5,"featured_media":0,"parent":0,"menu_order":0,"comment_status":"closed","ping_status":"closed","template":"","meta":[],"acf":[],"yoast_head":"<!-- This site is optimized with the Yoast SEO plugin v20.13 - https:\/\/yoast.com\/wordpress\/plugins\/seo\/ -->\n<title>Unternehmensstruktur - VULCAN ENERGY RESOURCES<\/title>\n<meta name=\"description\" content=\"In Vulcans Lithium-Sparte arbeiten weltweit f\u00fchrende Experten im Bereich der Lithiumchemie, der Direkten Lithiumextraktion (DLE) und im ...\" \/>\n<meta name=\"robots\" content=\"index, follow, max-snippet:-1, max-image-preview:large, max-video-preview:-1\" \/>\n<link rel=\"canonical\" href=\"https:\/\/v-er.eu\/de\/unternehmensstruktur\/\" \/>\n<meta property=\"og:locale\" content=\"de_DE\" \/>\n<meta property=\"og:type\" content=\"article\" \/>\n<meta property=\"og:title\" content=\"Unternehmensstruktur - VULCAN ENERGY RESOURCES\" \/>\n<meta property=\"og:description\" content=\"In Vulcans Lithium-Sparte arbeiten weltweit f\u00fchrende Experten im Bereich der Lithiumchemie, der Direkten Lithiumextraktion (DLE) und im ...\" \/>\n<meta property=\"og:url\" content=\"https:\/\/v-er.eu\/de\/unternehmensstruktur\/\" \/>\n<meta property=\"og:site_name\" content=\"VULCAN ENERGY RESOURCES\" \/>\n<meta property=\"article:modified_time\" content=\"2025-01-16T11:58:56+00:00\" \/>\n<meta name=\"twitter:card\" content=\"summary_large_image\" \/>\n<script type=\"application\/ld+json\" class=\"yoast-schema-graph\">{\"@context\":\"https:\/\/schema.org\",\"@graph\":[{\"@type\":\"WebPage\",\"@id\":\"https:\/\/v-er.eu\/de\/unternehmensstruktur\/\",\"url\":\"https:\/\/v-er.eu\/de\/unternehmensstruktur\/\",\"name\":\"Unternehmensstruktur - VULCAN ENERGY RESOURCES\",\"isPartOf\":{\"@id\":\"https:\/\/v-er.eu\/#website\"},\"datePublished\":\"2023-10-30T15:16:55+00:00\",\"dateModified\":\"2025-01-16T11:58:56+00:00\",\"description\":\"In Vulcans Lithium-Sparte arbeiten weltweit f\u00fchrende Experten im Bereich der Lithiumchemie, der Direkten Lithiumextraktion (DLE) und im ...\",\"breadcrumb\":{\"@id\":\"https:\/\/v-er.eu\/de\/unternehmensstruktur\/#breadcrumb\"},\"inLanguage\":\"de-DE\",\"potentialAction\":[{\"@type\":\"ReadAction\",\"target\":[\"https:\/\/v-er.eu\/de\/unternehmensstruktur\/\"]}]},{\"@type\":\"BreadcrumbList\",\"@id\":\"https:\/\/v-er.eu\/de\/unternehmensstruktur\/#breadcrumb\",\"itemListElement\":[{\"@type\":\"ListItem\",\"position\":1,\"name\":\"Home\",\"item\":\"https:\/\/v-er.eu\/de\/\"},{\"@type\":\"ListItem\",\"position\":2,\"name\":\"Unternehmensstruktur\"}]},{\"@type\":\"WebSite\",\"@id\":\"https:\/\/v-er.eu\/#website\",\"url\":\"https:\/\/v-er.eu\/\",\"name\":\"VULCAN ENERGY RESOURCES\",\"description\":\"Vulcan\u2019s purpose is to empower a net zero carbon future, aiming to supply lithium chemicals and renewable energy from Europe, for Europe from its Zero Carbon Lithium\u2122 Project.\",\"potentialAction\":[{\"@type\":\"SearchAction\",\"target\":{\"@type\":\"EntryPoint\",\"urlTemplate\":\"https:\/\/v-er.eu\/?s={search_term_string}\"},\"query-input\":\"required name=search_term_string\"}],\"inLanguage\":\"de-DE\"}]}<\/script>\n<!-- \/ Yoast SEO plugin. -->","yoast_head_json":{"title":"Unternehmensstruktur - VULCAN ENERGY RESOURCES","description":"In Vulcans Lithium-Sparte arbeiten weltweit f\u00fchrende Experten im Bereich der Lithiumchemie, der Direkten Lithiumextraktion (DLE) und im ...","robots":{"index":"index","follow":"follow","max-snippet":"max-snippet:-1","max-image-preview":"max-image-preview:large","max-video-preview":"max-video-preview:-1"},"canonical":"https:\/\/v-er.eu\/de\/unternehmensstruktur\/","og_locale":"de_DE","og_type":"article","og_title":"Unternehmensstruktur - VULCAN ENERGY RESOURCES","og_description":"In Vulcans Lithium-Sparte arbeiten weltweit f\u00fchrende Experten im Bereich der Lithiumchemie, der Direkten Lithiumextraktion (DLE) und im ...","og_url":"https:\/\/v-er.eu\/de\/unternehmensstruktur\/","og_site_name":"VULCAN ENERGY RESOURCES","article_modified_time":"2025-01-16T11:58:56+00:00","twitter_card":"summary_large_image","schema":{"@context":"https:\/\/schema.org","@graph":[{"@type":"WebPage","@id":"https:\/\/v-er.eu\/de\/unternehmensstruktur\/","url":"https:\/\/v-er.eu\/de\/unternehmensstruktur\/","name":"Unternehmensstruktur - VULCAN ENERGY RESOURCES","isPartOf":{"@id":"https:\/\/v-er.eu\/#website"},"datePublished":"2023-10-30T15:16:55+00:00","dateModified":"2025-01-16T11:58:56+00:00","description":"In Vulcans Lithium-Sparte arbeiten weltweit f\u00fchrende Experten im Bereich der Lithiumchemie, der Direkten Lithiumextraktion (DLE) und im ...","breadcrumb":{"@id":"https:\/\/v-er.eu\/de\/unternehmensstruktur\/#breadcrumb"},"inLanguage":"de-DE","potentialAction":[{"@type":"ReadAction","target":["https:\/\/v-er.eu\/de\/unternehmensstruktur\/"]}]},{"@type":"BreadcrumbList","@id":"https:\/\/v-er.eu\/de\/unternehmensstruktur\/#breadcrumb","itemListElement":[{"@type":"ListItem","position":1,"name":"Home","item":"https:\/\/v-er.eu\/de\/"},{"@type":"ListItem","position":2,"name":"Unternehmensstruktur"}]},{"@type":"WebSite","@id":"https:\/\/v-er.eu\/#website","url":"https:\/\/v-er.eu\/","name":"VULCAN ENERGY RESOURCES","description":"Vulcan\u2019s purpose is to empower a net zero carbon future, aiming to supply lithium chemicals and renewable energy from Europe, for Europe from its Zero Carbon Lithium\u2122 Project.","potentialAction":[{"@type":"SearchAction","target":{"@type":"EntryPoint","urlTemplate":"https:\/\/v-er.eu\/?s={search_term_string}"},"query-input":"required name=search_term_string"}],"inLanguage":"de-DE"}]}},"_links":{"self":[{"href":"https:\/\/v-er.eu\/de\/wp-json\/wp\/v2\/pages\/6018"}],"collection":[{"href":"https:\/\/v-er.eu\/de\/wp-json\/wp\/v2\/pages"}],"about":[{"href":"https:\/\/v-er.eu\/de\/wp-json\/wp\/v2\/types\/page"}],"author":[{"embeddable":true,"href":"https:\/\/v-er.eu\/de\/wp-json\/wp\/v2\/users\/5"}],"replies":[{"embeddable":true,"href":"https:\/\/v-er.eu\/de\/wp-json\/wp\/v2\/comments?post=6018"}],"version-history":[{"count":29,"href":"https:\/\/v-er.eu\/de\/wp-json\/wp\/v2\/pages\/6018\/revisions"}],"predecessor-version":[{"id":18371,"href":"https:\/\/v-er.eu\/de\/wp-json\/wp\/v2\/pages\/6018\/revisions\/18371"}],"wp:attachment":[{"href":"https:\/\/v-er.eu\/de\/wp-json\/wp\/v2\/media?parent=6018"}],"curies":[{"name":"wp","href":"https:\/\/api.w.org\/{rel}","templated":true}]}}