{"id":6558,"date":"2023-10-30T15:34:14","date_gmt":"2023-10-30T15:34:14","guid":{"rendered":"https:\/\/v-er.eu\/natuerlich-insheim\/"},"modified":"2025-02-03T09:19:28","modified_gmt":"2025-02-03T09:19:28","slug":"natuerlich-insheim5","status":"publish","type":"page","link":"https:\/\/v-er.eu\/de\/natuerlich-insheim5\/","title":{"rendered":"Geothermiekraftwerk"},"content":{"rendered":"<section id=\"block_0a43accc742813b1fdf2288584694e08\" class=\"block__text-media-hero block relative -mt-14 block_margin\">\n\n  <div class=\"relative bg-[url(7426)] bg-cover bg-center bg-no-repeat\">\n\n          <div class=\"absolute inset-0\">\n        <figure class=\"m-0 h-full\">\n <div class=\"ratio no-ratio h-full\">     <img width=\"2560\" height=\"1707\" src=\"https:\/\/v-er.eu\/app\/uploads\/2023\/11\/GKWI_Luftbild-1-scaled.jpg\" class=\"object-cover h-full w-full wp-image\" alt=\"\" decoding=\"async\" loading=\"eager\" srcset=\"https:\/\/v-er.eu\/app\/uploads\/2023\/11\/GKWI_Luftbild-1-scaled.jpg 2560w, https:\/\/v-er.eu\/app\/uploads\/2023\/11\/GKWI_Luftbild-1-300x200.jpg 300w, https:\/\/v-er.eu\/app\/uploads\/2023\/11\/GKWI_Luftbild-1-1024x683.jpg 1024w, https:\/\/v-er.eu\/app\/uploads\/2023\/11\/GKWI_Luftbild-1-768x512.jpg 768w, https:\/\/v-er.eu\/app\/uploads\/2023\/11\/GKWI_Luftbild-1-1536x1024.jpg 1536w, https:\/\/v-er.eu\/app\/uploads\/2023\/11\/GKWI_Luftbild-1-2048x1366.jpg 2048w\" sizes=\"(max-width: 2560px) 100vw, 2560px\" \/>\n <\/div> <\/figure>      <\/div>\n    \n    <div class=\"absolute inset-0 bg-gradient-to-l from-transparent to-primary\"><\/div>\n\n    <div class=\"relative container flex flex-col justify-between flex-wrap py-16 min-h-[28rem]\">\n\n      <div class=\"text-white mb-10\">\n                <div id=\"Breadcrumb\">\n            <nav aria-label=\"Breadcrumb\">\n                <ol class=\"flex items-center gap-1 text-sm\">\n                <li class=\"breadcrumb-item \">\n                    <a class=\"breadcrumb-home\" href=\"https:\/\/v-er.eu\/de\/\">\n                        <svg\n    xmlns=\"http:\/\/www.w3.org\/2000\/svg\"\n    class=\"h-4 w-4\"\n    fill=\"none\"\n    viewBox=\"0 0 24 24\"\n    stroke=\"currentColor\"\n    height=\"24\"\n    width=\"24\"\n    >\n    <path\n    stroke-linecap=\"round\"\n    stroke-linejoin=\"round\"\n    stroke-width=\"2\"\n    d=\"M3 12l2-2m0 0l7-7 7 7M5 10v10a1 1 0 001 1h3m10-11l2 2m-2-2v10a1 1 0 01-1 1h-3m-6 0a1 1 0 001-1v-4a1 1 0 011-1h2a1 1 0 011 1v4a1 1 0 001 1m-6 0h6\"\n    \/>\n<\/svg>                    <\/a>\n                <\/li>\n                                                                                        <li class=\"breadcrumb-item flex items-center active\"  aria-current=\"page\">\n                                <span class=\"rotate-[270deg] inline-block\"> <svg xmlns=\"http:\/\/www.w3.org\/2000\/svg\"\nclass=\"h-4 w-4\"\nviewBox=\"0 0 20 20\"\nstroke=\"currentColor\"\nheight=\"24\"\nwidth=\"24\">\n    <path d=\"M9.293 12.95l.707.707L15.657 8l-1.414-1.414L10 10.828 5.757 6.586 4.343 8z\" \/>\n<\/svg> <\/span>\n                                <span class=\"inline-block\">Geothermiekraftwerk<\/span>\n                            <\/li>\n                                                                                    <\/ol>\n            <\/nav>\n        <\/div>      <\/div>\n\n      <div class=\"w-full ltr:sm:text-left rtl:sm:text-right\">\n                  <h2 >\n          <span class=\"PreHeadline block text-3xl hyphens-auto font-bold text-secondary font-highlight\">Bereitstellen von Erneuerbarer Energie<\/span>\n              <span class=\"Headline block hyphens-auto text-white\">Vulcans <strong>Geothermiekraftwerk.<\/strong><\/span>\n      <\/h2>\n        \n        \n        <div class=\"max-w-md text-white\">\n          <p>Wir erm\u00f6glichen eine sichere Energieversorgung mithilfe der Tiefengeothermie.<\/p>\n\n        <\/div>\n \n              <\/div>\n    <\/div>\n  <\/div>\n\n  <div class=\"absolute bottom-0 w-full\">\n    <div>\n  <svg height=\"20\" width=\"100\" class=\"h-8 md:h-12 lg:h-20 w-full  text-white relative z-10\" viewBox=\"0 0 10 10\" preserveAspectRatio=\"none\">\n  <polygon fill=\"currentColor\" points=\"0 10 10 0 10 10\"><\/polygon>\n  <\/svg>\n<\/div>  <\/div>\n\n<\/section>\n\n\n\n<section id=\"block_768b44cd088a39f4c63ec79d9556e7a9\" class=\"block__text-media block overflow-x-clip block_margin\">\n    <div class=\"bg-none \">\n    <div class=\"container\">\n      <div class=\"row gap-y-10\">\n        <div class=\"col-12 flex items-center lg:col-7 xl:col-6\">\n          <div class=\"w-full flex flex-col flex-nowrap items-end\">\n            <div class=\"mx-auto lg:mx-0 col-12 md:col-10 lg:col-11\">\n                              <h2 >\n          <span class=\"PreHeadline block text-3xl hyphens-auto font-bold font-highlight text-secondary\">Erneuerbare Energie f\u00fcr die Region<\/span>\n              <span class=\"Headline block hyphens-auto text-primary\">Nat\u00fcrLich <strong>Insheim.<\/strong><\/span>\n      <\/h2>\n                            <div class=\"mx-auto lg:mx-0 \">\n                <div class=\"text-default\">\n                  <p class=\"mb-last-item\"><strong>Das Geothermiekraftwerk von Vulcan &#8220;Nat\u00fcrlich Insheim&#8221;<\/strong> liegt innerhalb des Phase-Eins-Projektgebiets von Vulcan und spielt eine wichtige Rolle bei Vulcans Strategie zur Klimaneutralit\u00e4t. Seit 2021 wurden in Insheim erfolgreich Pilotversuche zur Lithiumgewinnung durchgef\u00fchrt. Hierbei konnten die nat\u00fcrlichen g\u00fcnstigen Bedingungen der Region genutzt werden: Das besonders hohe Vorkommen hei\u00dfer geothermischer Sole im Untergrund und die erheblichen Mengen an gel\u00f6stem Lithium in der Sole.<\/p>\n<p class=\"mb-last-item\">Das Geothermiekraftwerk soll zuk\u00fcnftig die Gemeinde Insheim mit klimaneutraler W\u00e4rme versorgen.<\/p>\n\n                <\/div>\n                                  <div class=\"mt-8\">\n          <a class=\"btn btn-primary   mb-last-item\" href=\"https:\/\/natuerlich-insheim.eu\/\" target=\"_blank\">\n  Mehr Informationen\n<\/a>          <\/div>\n                              <\/div>\n            <\/div>\n          <\/div>\n        <\/div>\n                  <div class=\"col-12 justify-center lg:col-5 xl:col-6 flex items-center lg:order-first\">\n            <div class=\"relative w-full z-0\">\n      \n    \n    <img decoding=\"async\" class=\"md:block absolute z-[-1] top-8 -right-8 scale-75 xl:scale-90 2xl:scale-100 pointer-events-none\" src=\"https:\/\/v-er.eu\/app\/themes\/vulcan\/public\/images\/icons\/pattern-dots-grid-1.20f1c2.svg\" alt=\"\">\n    <img decoding=\"async\" class=\"md:block absolute z-[-1] bottom-10 -left-12 scale-75 xl:scale-90 2xl:scale-100 pointer-events-none\" src=\"https:\/\/v-er.eu\/app\/themes\/vulcan\/public\/images\/icons\/pattern-dots-grid-2.112ab7.svg\" alt=\"\">\n          <div class=\"absolute inset-0 overflow-hidden rounded-2xl\">\n        <img decoding=\"async\" class=\"md:block absolute z-10 bottom-0 right-0 scale-100 pointer-events-none\" src=\"https:\/\/v-er.eu\/app\/themes\/vulcan\/public\/images\/icons\/pattern-secondary-bottom-1.b4ee56.svg\" alt=\"\">\n      <\/div>\n        <figure class=\"m-0 w-full\">\n <div class=\"ratio ratio-5x3\">     <img width=\"1136\" height=\"758\" src=\"https:\/\/v-er.eu\/app\/uploads\/2023\/11\/Insheim_GKW_from_above.png\" class=\"object-cover rounded-2xl  wp-image\" alt=\"drone shot of the geothermal power plant Insheim\" decoding=\"async\" loading=\"lazy\" srcset=\"https:\/\/v-er.eu\/app\/uploads\/2023\/11\/Insheim_GKW_from_above.png 1136w, https:\/\/v-er.eu\/app\/uploads\/2023\/11\/Insheim_GKW_from_above-300x200.png 300w, https:\/\/v-er.eu\/app\/uploads\/2023\/11\/Insheim_GKW_from_above-1024x683.png 1024w, https:\/\/v-er.eu\/app\/uploads\/2023\/11\/Insheim_GKW_from_above-768x512.png 768w\" sizes=\"(max-width: 1136px) 100vw, 1136px\" \/>\n <\/div> <\/figure>\n<\/div>          <\/div>\n              <\/div>\n    <\/div>\n  <\/div>\n  <\/section>\n\n<section id=\"block_0119a80b363cacb074014bce581493f8\" class=\"block__key-facts block block_margin\">\n\n  <div>\n  <svg height=\"20\" width=\"100\" class=\"h-8 md:h-12 lg:h-20 w-full  text-gray-50\" viewBox=\"0 0 10 10\" preserveAspectRatio=\"none\">\n  <polygon fill=\"currentColor\" points=\"0 10 10 0 10 10\"><\/polygon>\n  <\/svg>\n<\/div>\n  <div class=\"py-20 bg-gray-50 overflow-x-hidden\">\n    <div class=\"container\">\n      <div class=\"text-center mx-auto col-12 md:col-10 xl:col-6 mb-20\">\n  <h2 >\n          <span class=\"PreHeadline block text-3xl hyphens-auto font-bold text-secondary font-highlight\">Das Geothermiekraftwerk<\/span>\n              <span class=\"Headline block hyphens-auto text-primary\">Nat\u00fcrlich <strong>Insheim.<\/strong><\/span>\n      <\/h2>\n\n      <div class=\"mx-auto\">\n      <p class=\"mb-0\">Erneuerbare Energie durch Tiefengeothermie ist das Herzst\u00fcck des Projekts von Vulcan. Vulcans Geothermiekraftwerk in Insheim, das von der Nat\u00fcrlich Insheim GmbH betrieben wird, stellt bereits CO<sub>2<\/sub>-neutralen Strom f\u00fcr rund 6.500 Haushalte im S\u00fcden Rheinland-Pfalz bereit. Seit dem 1. Januar 2022 geh\u00f6rt das Geothermiekraftwerk der Vulcan-Gruppe.<\/p>\n    <\/div>\n  \n  \n\n  \n<\/div>\n              <div class=\"relative\"\n  x-data=\"getSwiper({&quot;loop&quot;:false,&quot;slidesPerView&quot;:&quot;auto&quot;,&quot;spaceBetween&quot;:0})\"\n  x-init=\"initSwiper(breakpoints.lg)\"\n  x-on:resize.window=\"initSwiper(breakpoints.lg)\">\n\n  <div class=\"swiper overflow-unset\" x-ref=\"container\">\n    <div class=\"swiper-wrapper row flex-nowrap pt-10 lg:flex-wrap lg:justify-center\">\n      <div class=\"relative swiper-slide col-10 mb-last-item xl:mb-0 lg:col-4 \">\n              <div class=\"absolute top-0 left-0 ml-4 text-[8.5rem] font-black text-[#d7eeef] -z-10\">\n                1\n              <\/div>\n              <h3 class=\"mb-0\">\n              <span class=\"Headline block hyphens-auto text-primary text-2xl font-bold\">6.500 Haushalte<\/span>\n      <\/h3>\n              <p class=\"text-gray-500 mb-0\">Gr\u00fcner Strom f\u00fcr rund 6.500 Haushalte.<\/p>\n            <\/div>\n                      <div class=\"relative swiper-slide col-10 mb-last-item xl:mb-0 lg:col-4 \">\n              <div class=\"absolute top-0 left-0 ml-4 text-[8.5rem] font-black text-[#d7eeef] -z-10\">\n                2\n              <\/div>\n              <h3 class=\"mb-0\">\n              <span class=\"Headline block hyphens-auto text-primary text-2xl font-bold\">234.000 MWh produziert<\/span>\n      <\/h3>\n              <p class=\"text-gray-500 mb-0\">Seit 2012 wurden rund 234.000 MWh im Insheimer Kraftwerk produziert.<\/p>\n            <\/div>\n                      <div class=\"relative swiper-slide col-10 mb-last-item xl:mb-0 lg:col-4 \">\n              <div class=\"absolute top-0 left-0 ml-4 text-[8.5rem] font-black text-[#d7eeef] -z-10\">\n                3\n              <\/div>\n              <h3 class=\"mb-0\">\n              <span class=\"Headline block hyphens-auto text-primary text-2xl font-bold\">87.000 Tonnen CO\u2082 eingespart<\/span>\n      <\/h3>\n              <p class=\"text-gray-500 mb-0\">Durch den Kraftwerksbetrieb konnten rund 87.000 Tonnen CO\u2082 eingespart werden. <\/p>\n            <\/div>\n    <\/div>\n  <\/div>\n<\/div>          <\/div>\n  <\/div>\n\n  <div>\n  <svg height=\"20\" width=\"100\" class=\"h-8 md:h-12 lg:h-20 w-full rotate-180 text-gray-50\" viewBox=\"0 0 10 10\" preserveAspectRatio=\"none\">\n  <polygon fill=\"currentColor\" points=\"0 10 10 0 10 10\"><\/polygon>\n  <\/svg>\n<\/div>\n<\/section>\n\n<section id=\"block_1bba0617c47a9b70aa2310ab43652153\" class=\"block__features block block_margin\">\n  <div class=\"container\">\n    <div class=\"row\">\n      <div class=\"col-12 lg:col-6 mb-12 lg:mb-0\">\n        <div class=\"block\">\n  <h2 >\n          <span class=\"PreHeadline block text-3xl hyphens-auto font-bold text-secondary font-highlight\">Besuchen Sie unser Geothermiekraftwerk Insheim<\/span>\n              <span class=\"Headline block hyphens-auto text-primary\">Kommunikation und <strong>Transparenz.<\/strong><\/span>\n      <\/h2>\n\n      <div class=\"block\">\n      <p class=\"mb-last-item\">Vulcans Ziel ist es, politische, wirtschaftliche und \u00f6kologische Interessengruppen sowie die benachbarte Bev\u00f6lkerung umfassend zu informieren und in den Dialog miteinzubeziehen. Aus diesem Grund legt Vulcan gro\u00dfen Wert auf ein breites Informationsangebot, den offenen Austausch und Transparenz.<\/p>\n<p class=\"mb-last-item\">Hierzu geh\u00f6rt auch das Angebot von F\u00fchrungen durch unser Geothermiekraftwerk in Insheim. Die F\u00fchrungen bieten Informationen \u00fcber den Entwicklungsfortschritt der laufenden Projekte und vermitteln einen realistischen Eindruck von der Anlage und ihrem Betrieb.<\/p>\n<p class=\"mb-last-item\">Wenn Sie unser Geothermiekraftwerk in Insheim besuchen m\u00f6chten, oder Fragen zu unseren regionalen Projekten haben, wenden Sie sich gerne an unser regionales Kommunikationsteam.<\/p>\n    <\/div>\n  \n  \n\n  <div class=\"mt-8\">\n          <a class=\"btn btn-primary   mb-last-item\" href=\"mailto:%20infocenterld@v-er.eu\" target=\"_blank\">\n  Schreib uns\n<\/a>          <\/div>\n<\/div>      <\/div>\n              <div class=\"col-12 lg:col-6 flex flex-wrap items-center\">\n                      <div class=\"swiper-container w-full\">\n              <div class=\"grid gap-4 grid-cols-2 swiper-wrapper\">\n                                  <div class=\"w-full swiper-slide \">\n                      <figure class=\"m-0\">\n <div class=\"ratio ratio-21x9 lg:ratio-4x3\">     <img width=\"1312\" height=\"722\" src=\"https:\/\/v-er.eu\/app\/uploads\/2024\/05\/Tag-der-offenen-Tur.jpg\" class=\"object-cover rounded-2xl wp-image\" alt=\"Open day, Insheim, GKW\" decoding=\"async\" loading=\"lazy\" srcset=\"https:\/\/v-er.eu\/app\/uploads\/2024\/05\/Tag-der-offenen-Tur.jpg 1312w, https:\/\/v-er.eu\/app\/uploads\/2024\/05\/Tag-der-offenen-Tur-300x165.jpg 300w, https:\/\/v-er.eu\/app\/uploads\/2024\/05\/Tag-der-offenen-Tur-1024x564.jpg 1024w, https:\/\/v-er.eu\/app\/uploads\/2024\/05\/Tag-der-offenen-Tur-768x423.jpg 768w\" sizes=\"(max-width: 1312px) 100vw, 1312px\" \/>\n <\/div> <\/figure>                  <\/div>\n                                  <div class=\"w-full swiper-slide inset-y-1\/2\">\n                      <figure class=\"m-0\">\n <div class=\"ratio ratio-21x9 lg:ratio-4x3\">     <img width=\"2560\" height=\"1708\" src=\"https:\/\/v-er.eu\/app\/uploads\/2023\/11\/Maustag-GKW-Adrian-Muller-4-scaled.jpg\" class=\"object-cover rounded-2xl wp-image\" alt=\"children visiting the geothermal power plant Insheim\" decoding=\"async\" loading=\"lazy\" srcset=\"https:\/\/v-er.eu\/app\/uploads\/2023\/11\/Maustag-GKW-Adrian-Muller-4-scaled.jpg 2560w, https:\/\/v-er.eu\/app\/uploads\/2023\/11\/Maustag-GKW-Adrian-Muller-4-300x200.jpg 300w, https:\/\/v-er.eu\/app\/uploads\/2023\/11\/Maustag-GKW-Adrian-Muller-4-1024x683.jpg 1024w, https:\/\/v-er.eu\/app\/uploads\/2023\/11\/Maustag-GKW-Adrian-Muller-4-768x512.jpg 768w, https:\/\/v-er.eu\/app\/uploads\/2023\/11\/Maustag-GKW-Adrian-Muller-4-1536x1025.jpg 1536w, https:\/\/v-er.eu\/app\/uploads\/2023\/11\/Maustag-GKW-Adrian-Muller-4-2048x1366.jpg 2048w\" sizes=\"(max-width: 2560px) 100vw, 2560px\" \/>\n <\/div> <\/figure>                  <\/div>\n                                  <div class=\"w-full swiper-slide \">\n                      <figure class=\"m-0\">\n <div class=\"ratio ratio-21x9 lg:ratio-4x3\">     <img width=\"1617\" height=\"1080\" src=\"https:\/\/v-er.eu\/app\/uploads\/2025\/01\/Malu-Dreyer-Visit-Gawenda-167.jpg\" class=\"object-cover rounded-2xl wp-image\" alt=\"\" decoding=\"async\" loading=\"lazy\" srcset=\"https:\/\/v-er.eu\/app\/uploads\/2025\/01\/Malu-Dreyer-Visit-Gawenda-167.jpg 1617w, https:\/\/v-er.eu\/app\/uploads\/2025\/01\/Malu-Dreyer-Visit-Gawenda-167-300x200.jpg 300w, https:\/\/v-er.eu\/app\/uploads\/2025\/01\/Malu-Dreyer-Visit-Gawenda-167-1024x684.jpg 1024w, https:\/\/v-er.eu\/app\/uploads\/2025\/01\/Malu-Dreyer-Visit-Gawenda-167-768x513.jpg 768w, https:\/\/v-er.eu\/app\/uploads\/2025\/01\/Malu-Dreyer-Visit-Gawenda-167-1536x1026.jpg 1536w\" sizes=\"(max-width: 1617px) 100vw, 1617px\" \/>\n <\/div> <\/figure>                  <\/div>\n                              <\/div>\n              <!-- Add Pagination -->\n              <div class=\"swiper-pagination md:hidden\"><\/div>\n            <\/div>\n                  <\/div>\n            \n    <\/div>\n  <\/div>\n<\/section>\n\n<section id=\"block_429b817173379d15373a0917b65b222c\" class=\"block__text-media block overflow-x-clip block_margin\">\n      <div>\n  <svg height=\"20\" width=\"100\" class=\"h-8 md:h-12 lg:h-20 w-full  text-gray-50\" viewBox=\"0 0 10 10\" preserveAspectRatio=\"none\">\n  <polygon fill=\"currentColor\" points=\"0 10 10 0 10 10\"><\/polygon>\n  <\/svg>\n<\/div>    <div class=\"bg-gray-50 pt-12 lg:pt-20 pb-20\">\n    <div class=\"container\">\n      <div class=\"row gap-y-10\">\n        <div class=\"col-12 flex items-center lg:col-7 xl:col-6\">\n          <div class=\"w-full flex flex-col flex-nowrap items-end\">\n            <div class=\"mx-auto lg:mx-0 col-12 md:col-10 lg:col-11\">\n                              <h2 >\n          <span class=\"PreHeadline block text-3xl hyphens-auto font-bold font-highlight text-secondary\">W\u00e4rme aus dem Erdinneren<\/span>\n              <span class=\"Headline block hyphens-auto text-primary\"><strong>Tiefengeothermie.<\/strong><\/span>\n      <\/h2>\n                            <div class=\"mx-auto lg:mx-0 \">\n                <div class=\"text-default\">\n                  <p class=\"mb-last-item\">Im Inneren der Erde schlummert ein gro\u00dfes Energiepotenzial. Mit diesem ist es uns m\u00f6glich, bezahlbare grundlastf\u00e4hige Erneuerbare Energie f\u00fcr die Kommunen vor Ort zur Verf\u00fcgung zu stellen. Hei\u00dfe Sole wird dazu aus unterirdischen Reservoiren an die Oberfl\u00e4che gebracht und zur Erzeugung Erneuerbarer Energie genutzt. Das Geothermiekraftwerk \u201eNat\u00fcrlich Insheim\u201c versorgt so bereits seit 2012 zuverl\u00e4ssig Tausende Haushalte mit gr\u00fcnem Strom.<\/p>\n\n                <\/div>\n                                  <div class=\"mt-8\">\n          <a class=\"btn btn-primary   mb-last-item\" href=\"https:\/\/v-er.eu\/de\/tiefengeothermie\/\">\n  Mehr Informationen\n<\/a>          <\/div>\n                              <\/div>\n            <\/div>\n          <\/div>\n        <\/div>\n                  <div class=\"col-12 justify-center lg:col-5 xl:col-6 flex items-center lg:order-first\">\n            <div class=\"relative w-full z-0\">\n      \n    \n    <img decoding=\"async\" class=\"md:block absolute z-[-1] top-8 -right-8 scale-75 xl:scale-90 2xl:scale-100 pointer-events-none\" src=\"https:\/\/v-er.eu\/app\/themes\/vulcan\/public\/images\/icons\/pattern-dots-grid-1.20f1c2.svg\" alt=\"\">\n    <img decoding=\"async\" class=\"md:block absolute z-[-1] bottom-10 -left-12 scale-75 xl:scale-90 2xl:scale-100 pointer-events-none\" src=\"https:\/\/v-er.eu\/app\/themes\/vulcan\/public\/images\/icons\/pattern-dots-grid-2.112ab7.svg\" alt=\"\">\n          <div class=\"absolute inset-0 overflow-hidden rounded-2xl\">\n        <img decoding=\"async\" class=\"md:block absolute z-10 bottom-0 right-0 scale-100 pointer-events-none\" src=\"https:\/\/v-er.eu\/app\/themes\/vulcan\/public\/images\/icons\/pattern-secondary-bottom-1.b4ee56.svg\" alt=\"\">\n      <\/div>\n        <figure class=\"m-0 w-full\">\n <div class=\"ratio ratio-5x3\">     <img width=\"2560\" height=\"1710\" src=\"https:\/\/v-er.eu\/app\/uploads\/2023\/11\/Geothermiekraftwerk-Symbol-Lukas-Gawenda-4-scaled.jpg\" class=\"object-cover rounded-2xl  wp-image\" alt=\"geothermal power plant Insheim, pipes\" decoding=\"async\" loading=\"lazy\" srcset=\"https:\/\/v-er.eu\/app\/uploads\/2023\/11\/Geothermiekraftwerk-Symbol-Lukas-Gawenda-4-scaled.jpg 2560w, https:\/\/v-er.eu\/app\/uploads\/2023\/11\/Geothermiekraftwerk-Symbol-Lukas-Gawenda-4-300x200.jpg 300w, https:\/\/v-er.eu\/app\/uploads\/2023\/11\/Geothermiekraftwerk-Symbol-Lukas-Gawenda-4-1024x684.jpg 1024w, https:\/\/v-er.eu\/app\/uploads\/2023\/11\/Geothermiekraftwerk-Symbol-Lukas-Gawenda-4-768x513.jpg 768w, https:\/\/v-er.eu\/app\/uploads\/2023\/11\/Geothermiekraftwerk-Symbol-Lukas-Gawenda-4-1536x1026.jpg 1536w, https:\/\/v-er.eu\/app\/uploads\/2023\/11\/Geothermiekraftwerk-Symbol-Lukas-Gawenda-4-2048x1368.jpg 2048w\" sizes=\"(max-width: 2560px) 100vw, 2560px\" \/>\n <\/div> <\/figure>\n<\/div>          <\/div>\n              <\/div>\n    <\/div>\n  <\/div>\n      <div>\n  <svg height=\"20\" width=\"100\" class=\"h-8 md:h-12 lg:h-20 w-full rotate-180 text-gray-50\" viewBox=\"0 0 10 10\" preserveAspectRatio=\"none\">\n  <polygon fill=\"currentColor\" points=\"0 10 10 0 10 10\"><\/polygon>\n  <\/svg>\n<\/div>  <\/section>","protected":false},"excerpt":{"rendered":"","protected":false},"author":5,"featured_media":0,"parent":0,"menu_order":0,"comment_status":"closed","ping_status":"closed","template":"","meta":[],"acf":[],"yoast_head":"<!-- This site is optimized with the Yoast SEO plugin v20.13 - https:\/\/yoast.com\/wordpress\/plugins\/seo\/ -->\n<title>Geothermiekraftwerk - VULCAN ENERGY RESOURCES<\/title>\n<meta name=\"description\" content=\"Nat\u00fcrlich Insheim liegt innerhalb des Phase-Eins-Projektgebiets von Vulcan und spielt eine wichtige Rolle bei Vulcans Strategie zur Klima...\" \/>\n<meta name=\"robots\" content=\"index, follow, max-snippet:-1, max-image-preview:large, max-video-preview:-1\" \/>\n<link rel=\"canonical\" href=\"https:\/\/v-er.eu\/de\/natuerlich-insheim5\/\" \/>\n<meta property=\"og:locale\" content=\"de_DE\" \/>\n<meta property=\"og:type\" content=\"article\" \/>\n<meta property=\"og:title\" content=\"Geothermiekraftwerk - VULCAN ENERGY RESOURCES\" \/>\n<meta property=\"og:description\" content=\"Nat\u00fcrlich Insheim liegt innerhalb des Phase-Eins-Projektgebiets von Vulcan und spielt eine wichtige Rolle bei Vulcans Strategie zur Klima...\" \/>\n<meta property=\"og:url\" content=\"https:\/\/v-er.eu\/de\/natuerlich-insheim5\/\" \/>\n<meta property=\"og:site_name\" content=\"VULCAN ENERGY RESOURCES\" \/>\n<meta property=\"article:modified_time\" content=\"2025-02-03T09:19:28+00:00\" \/>\n<meta name=\"twitter:card\" content=\"summary_large_image\" \/>\n<script type=\"application\/ld+json\" class=\"yoast-schema-graph\">{\"@context\":\"https:\/\/schema.org\",\"@graph\":[{\"@type\":\"WebPage\",\"@id\":\"https:\/\/v-er.eu\/de\/natuerlich-insheim5\/\",\"url\":\"https:\/\/v-er.eu\/de\/natuerlich-insheim5\/\",\"name\":\"Geothermiekraftwerk - VULCAN ENERGY RESOURCES\",\"isPartOf\":{\"@id\":\"https:\/\/v-er.eu\/#website\"},\"datePublished\":\"2023-10-30T15:34:14+00:00\",\"dateModified\":\"2025-02-03T09:19:28+00:00\",\"description\":\"Nat\u00fcrlich Insheim liegt innerhalb des Phase-Eins-Projektgebiets von Vulcan und spielt eine wichtige Rolle bei Vulcans Strategie zur Klima...\",\"breadcrumb\":{\"@id\":\"https:\/\/v-er.eu\/de\/natuerlich-insheim5\/#breadcrumb\"},\"inLanguage\":\"de-DE\",\"potentialAction\":[{\"@type\":\"ReadAction\",\"target\":[\"https:\/\/v-er.eu\/de\/natuerlich-insheim5\/\"]}]},{\"@type\":\"BreadcrumbList\",\"@id\":\"https:\/\/v-er.eu\/de\/natuerlich-insheim5\/#breadcrumb\",\"itemListElement\":[{\"@type\":\"ListItem\",\"position\":1,\"name\":\"Home\",\"item\":\"https:\/\/v-er.eu\/de\/\"},{\"@type\":\"ListItem\",\"position\":2,\"name\":\"Geothermiekraftwerk\"}]},{\"@type\":\"WebSite\",\"@id\":\"https:\/\/v-er.eu\/#website\",\"url\":\"https:\/\/v-er.eu\/\",\"name\":\"VULCAN ENERGY RESOURCES\",\"description\":\"Vulcan\u2019s purpose is to empower a net zero carbon future, aiming to supply lithium chemicals and renewable energy from Europe, for Europe from its Zero Carbon Lithium\u2122 Project.\",\"potentialAction\":[{\"@type\":\"SearchAction\",\"target\":{\"@type\":\"EntryPoint\",\"urlTemplate\":\"https:\/\/v-er.eu\/?s={search_term_string}\"},\"query-input\":\"required name=search_term_string\"}],\"inLanguage\":\"de-DE\"}]}<\/script>\n<!-- \/ Yoast SEO plugin. -->","yoast_head_json":{"title":"Geothermiekraftwerk - VULCAN ENERGY RESOURCES","description":"Nat\u00fcrlich Insheim liegt innerhalb des Phase-Eins-Projektgebiets von Vulcan und spielt eine wichtige Rolle bei Vulcans Strategie zur Klima...","robots":{"index":"index","follow":"follow","max-snippet":"max-snippet:-1","max-image-preview":"max-image-preview:large","max-video-preview":"max-video-preview:-1"},"canonical":"https:\/\/v-er.eu\/de\/natuerlich-insheim5\/","og_locale":"de_DE","og_type":"article","og_title":"Geothermiekraftwerk - VULCAN ENERGY RESOURCES","og_description":"Nat\u00fcrlich Insheim liegt innerhalb des Phase-Eins-Projektgebiets von Vulcan und spielt eine wichtige Rolle bei Vulcans Strategie zur Klima...","og_url":"https:\/\/v-er.eu\/de\/natuerlich-insheim5\/","og_site_name":"VULCAN ENERGY RESOURCES","article_modified_time":"2025-02-03T09:19:28+00:00","twitter_card":"summary_large_image","schema":{"@context":"https:\/\/schema.org","@graph":[{"@type":"WebPage","@id":"https:\/\/v-er.eu\/de\/natuerlich-insheim5\/","url":"https:\/\/v-er.eu\/de\/natuerlich-insheim5\/","name":"Geothermiekraftwerk - VULCAN ENERGY RESOURCES","isPartOf":{"@id":"https:\/\/v-er.eu\/#website"},"datePublished":"2023-10-30T15:34:14+00:00","dateModified":"2025-02-03T09:19:28+00:00","description":"Nat\u00fcrlich Insheim liegt innerhalb des Phase-Eins-Projektgebiets von Vulcan und spielt eine wichtige Rolle bei Vulcans Strategie zur Klima...","breadcrumb":{"@id":"https:\/\/v-er.eu\/de\/natuerlich-insheim5\/#breadcrumb"},"inLanguage":"de-DE","potentialAction":[{"@type":"ReadAction","target":["https:\/\/v-er.eu\/de\/natuerlich-insheim5\/"]}]},{"@type":"BreadcrumbList","@id":"https:\/\/v-er.eu\/de\/natuerlich-insheim5\/#breadcrumb","itemListElement":[{"@type":"ListItem","position":1,"name":"Home","item":"https:\/\/v-er.eu\/de\/"},{"@type":"ListItem","position":2,"name":"Geothermiekraftwerk"}]},{"@type":"WebSite","@id":"https:\/\/v-er.eu\/#website","url":"https:\/\/v-er.eu\/","name":"VULCAN ENERGY RESOURCES","description":"Vulcan\u2019s purpose is to empower a net zero carbon future, aiming to supply lithium chemicals and renewable energy from Europe, for Europe from its Zero Carbon Lithium\u2122 Project.","potentialAction":[{"@type":"SearchAction","target":{"@type":"EntryPoint","urlTemplate":"https:\/\/v-er.eu\/?s={search_term_string}"},"query-input":"required name=search_term_string"}],"inLanguage":"de-DE"}]}},"_links":{"self":[{"href":"https:\/\/v-er.eu\/de\/wp-json\/wp\/v2\/pages\/6558"}],"collection":[{"href":"https:\/\/v-er.eu\/de\/wp-json\/wp\/v2\/pages"}],"about":[{"href":"https:\/\/v-er.eu\/de\/wp-json\/wp\/v2\/types\/page"}],"author":[{"embeddable":true,"href":"https:\/\/v-er.eu\/de\/wp-json\/wp\/v2\/users\/5"}],"replies":[{"embeddable":true,"href":"https:\/\/v-er.eu\/de\/wp-json\/wp\/v2\/comments?post=6558"}],"version-history":[{"count":67,"href":"https:\/\/v-er.eu\/de\/wp-json\/wp\/v2\/pages\/6558\/revisions"}],"predecessor-version":[{"id":19334,"href":"https:\/\/v-er.eu\/de\/wp-json\/wp\/v2\/pages\/6558\/revisions\/19334"}],"wp:attachment":[{"href":"https:\/\/v-er.eu\/de\/wp-json\/wp\/v2\/media?parent=6558"}],"curies":[{"name":"wp","href":"https:\/\/api.w.org\/{rel}","templated":true}]}}