{"id":6562,"date":"2023-11-03T08:42:13","date_gmt":"2023-11-03T08:42:13","guid":{"rendered":"https:\/\/v-er.eu\/das-oberrheingraben-solefeld\/"},"modified":"2025-10-29T15:47:37","modified_gmt":"2025-10-29T15:47:37","slug":"das-oberrheingraben-solefeld","status":"publish","type":"page","link":"https:\/\/v-er.eu\/de\/das-oberrheingraben-solefeld\/","title":{"rendered":"Das Solefeld im Oberrheingraben"},"content":{"rendered":"<section id=\"block_73b70d786d09840a0868eb7c64301ac3\" class=\"block__text-media-hero block relative -mt-14 block_margin\">\n\n  <div class=\"relative bg-[url(5985)] bg-cover bg-center bg-no-repeat\">\n\n          <div class=\"absolute inset-0\">\n        <figure class=\"m-0 h-full\">\n <div class=\"ratio no-ratio h-full\">     <img width=\"2560\" height=\"1707\" src=\"https:\/\/v-er.eu\/app\/uploads\/2023\/11\/Community_Engagement_Forestwalk-scaled.jpg\" class=\"object-cover h-full w-full wp-image\" alt=\"Community Engagement Forestwalk\" decoding=\"async\" loading=\"eager\" srcset=\"https:\/\/v-er.eu\/app\/uploads\/2023\/11\/Community_Engagement_Forestwalk-scaled.jpg 2560w, https:\/\/v-er.eu\/app\/uploads\/2023\/11\/Community_Engagement_Forestwalk-300x200.jpg 300w, https:\/\/v-er.eu\/app\/uploads\/2023\/11\/Community_Engagement_Forestwalk-1024x683.jpg 1024w, https:\/\/v-er.eu\/app\/uploads\/2023\/11\/Community_Engagement_Forestwalk-768x512.jpg 768w, https:\/\/v-er.eu\/app\/uploads\/2023\/11\/Community_Engagement_Forestwalk-1536x1024.jpg 1536w, https:\/\/v-er.eu\/app\/uploads\/2023\/11\/Community_Engagement_Forestwalk-2048x1365.jpg 2048w\" sizes=\"(max-width: 2560px) 100vw, 2560px\" \/>\n <\/div> <\/figure>      <\/div>\n    \n    <div class=\"absolute inset-0 bg-gradient-to-l from-transparent to-primary\"><\/div>\n\n    <div class=\"relative container flex flex-col justify-between flex-wrap py-16 min-h-[28rem]\">\n\n      <div class=\"text-white mb-10\">\n                <div id=\"Breadcrumb\">\n            <nav aria-label=\"Breadcrumb\">\n                <ol class=\"flex items-center gap-1 text-sm\">\n                <li class=\"breadcrumb-item \">\n                    <a class=\"breadcrumb-home\" href=\"https:\/\/v-er.eu\/de\/\">\n                        <svg\n    xmlns=\"http:\/\/www.w3.org\/2000\/svg\"\n    class=\"h-4 w-4\"\n    fill=\"none\"\n    viewBox=\"0 0 24 24\"\n    stroke=\"currentColor\"\n    height=\"24\"\n    width=\"24\"\n    >\n    <path\n    stroke-linecap=\"round\"\n    stroke-linejoin=\"round\"\n    stroke-width=\"2\"\n    d=\"M3 12l2-2m0 0l7-7 7 7M5 10v10a1 1 0 001 1h3m10-11l2 2m-2-2v10a1 1 0 01-1 1h-3m-6 0a1 1 0 001-1v-4a1 1 0 011-1h2a1 1 0 011 1v4a1 1 0 001 1m-6 0h6\"\n    \/>\n<\/svg>                    <\/a>\n                <\/li>\n                                                                                        <li class=\"breadcrumb-item flex items-center active\"  aria-current=\"page\">\n                                <span class=\"rotate-[270deg] inline-block\"> <svg xmlns=\"http:\/\/www.w3.org\/2000\/svg\"\nclass=\"h-4 w-4\"\nviewBox=\"0 0 20 20\"\nstroke=\"currentColor\"\nheight=\"24\"\nwidth=\"24\">\n    <path d=\"M9.293 12.95l.707.707L15.657 8l-1.414-1.414L10 10.828 5.757 6.586 4.343 8z\" \/>\n<\/svg> <\/span>\n                                <span class=\"inline-block\">Das Solefeld im Oberrheingraben<\/span>\n                            <\/li>\n                                                                                    <\/ol>\n            <\/nav>\n        <\/div>      <\/div>\n\n      <div class=\"w-full ltr:sm:text-left rtl:sm:text-right\">\n                  <h2 >\n          <span class=\"PreHeadline block text-3xl hyphens-auto font-bold text-secondary font-highlight\">Nachhaltige Wertsch\u00f6pfung generieren<\/span>\n              <span class=\"Headline block hyphens-auto text-white\">Das\u00a0 Solefeld im <strong>Oberrheingraben.<\/strong><\/span>\n      <\/h2>\n        \n        \n        <div class=\"max-w-md text-white\">\n          \n        <\/div>\n \n              <\/div>\n    <\/div>\n  <\/div>\n\n  <div class=\"absolute bottom-0 w-full\">\n    <div>\n  <svg height=\"20\" width=\"100\" class=\"h-8 md:h-12 lg:h-20 w-full  text-white relative z-10\" viewBox=\"0 0 10 10\" preserveAspectRatio=\"none\">\n  <polygon fill=\"currentColor\" points=\"0 10 10 0 10 10\"><\/polygon>\n  <\/svg>\n<\/div>  <\/div>\n\n<\/section>\n\n\n\n<section id=\"block_841a777a7ed928ec5c9ee27459a020e0\" class=\"block__text-media block overflow-x-clip block_margin\">\n    <div class=\"bg-none \">\n    <div class=\"container\">\n      <div class=\"row gap-y-10\">\n        <div class=\"col-12 flex items-center lg:col-7 xl:col-6\">\n          <div class=\"w-full flex flex-col flex-nowrap items-end\">\n            <div class=\"mx-auto lg:mx-0 col-12 md:col-10 lg:col-11\">\n                              <h2 >\n          <span class=\"PreHeadline block text-3xl hyphens-auto font-bold font-highlight text-secondary\">Gr\u00f6\u00dfte unterirdische Lithiumressource Europas<\/span>\n              <span class=\"Headline block hyphens-auto text-primary\">Vulcans <strong>Solefeld.<\/strong><\/span>\n      <\/h2>\n                            <div class=\"mx-auto lg:mx-0 \">\n                <div class=\"text-default\">\n                  <ul>\n<li>Vulcans Lithiumressource im Oberrheingraben-Solefeld umfasst eine Gesamtmenge von 27,7 Mio. Tonnen Lithiumcarbonat-\u00c4quivalent (Mt LCE) bei einer Konzentration von 175 mg\/l im Phase Eins-Gebiet L\u00f6wenherz. Vulcans Lizenzgebiet umfasst 18 Gebiete mit einer Gesamtfl\u00e4che von 2.234 km2, welches schrittweise erweitert werden kann.<\/li>\n<li>Bei dem Solefeld handelt es sich um ein weitverzweigtes Grabensystem von 300 Kilometern L\u00e4nge, das ein konsistentes, im Sedimentgestein befindliches Reservoir f\u00fcr Lithium und Erdw\u00e4rme umfasst.<\/li>\n<li>In Deutschland gibt es derzeit 36 in Betrieb befindliche Geothermiekraftwerke sowie 42 aktive Projekte. Die Bundesregierung hat sich zum Ziel gesetzt bis 2030 100 Kraftwerke in Betrieb zu setzen.<\/li>\n<li>Das Solefeld-Gebiet im Oberrheingraben ist ein ausgereiftes, produktives Feld, in dem bereits mehr als 1.000 \u00d6l- und Gasbohrungen sowie 24 tiefe Geothermiebohrungen durchgef\u00fchrt wurden.<\/li>\n<\/ul>\n\n                <\/div>\n                              <\/div>\n            <\/div>\n          <\/div>\n        <\/div>\n                  <div class=\"col-12 justify-center lg:col-5 xl:col-6 flex items-center lg:order-first\">\n            <div class=\"relative w-full z-0\">\n      \n    \n    <img decoding=\"async\" class=\"md:block absolute z-[-1] top-8 -right-8 scale-75 xl:scale-90 2xl:scale-100 pointer-events-none\" src=\"https:\/\/v-er.eu\/app\/themes\/vulcan\/public\/images\/icons\/pattern-dots-grid-1.20f1c2.svg\" alt=\"\">\n    <img decoding=\"async\" class=\"md:block absolute z-[-1] bottom-10 -left-12 scale-75 xl:scale-90 2xl:scale-100 pointer-events-none\" src=\"https:\/\/v-er.eu\/app\/themes\/vulcan\/public\/images\/icons\/pattern-dots-grid-2.112ab7.svg\" alt=\"\">\n          <div class=\"absolute inset-0 overflow-hidden rounded-2xl\">\n        <img decoding=\"async\" class=\"md:block absolute z-10 bottom-0 right-0 scale-100 pointer-events-none\" src=\"https:\/\/v-er.eu\/app\/themes\/vulcan\/public\/images\/icons\/pattern-secondary-bottom-1.b4ee56.svg\" alt=\"\">\n      <\/div>\n        <figure class=\"m-0 w-full\">\n <div class=\"ratio ratio-5x3\">     <img width=\"2560\" height=\"1707\" src=\"https:\/\/v-er.eu\/app\/uploads\/2023\/11\/Project_Region_Insheim-scaled.jpg\" class=\"object-cover rounded-2xl  wp-image\" alt=\"drone shot landscape, geothermal power plant\" decoding=\"async\" loading=\"lazy\" srcset=\"https:\/\/v-er.eu\/app\/uploads\/2023\/11\/Project_Region_Insheim-scaled.jpg 2560w, https:\/\/v-er.eu\/app\/uploads\/2023\/11\/Project_Region_Insheim-300x200.jpg 300w, https:\/\/v-er.eu\/app\/uploads\/2023\/11\/Project_Region_Insheim-1024x683.jpg 1024w, https:\/\/v-er.eu\/app\/uploads\/2023\/11\/Project_Region_Insheim-768x512.jpg 768w, https:\/\/v-er.eu\/app\/uploads\/2023\/11\/Project_Region_Insheim-1536x1024.jpg 1536w, https:\/\/v-er.eu\/app\/uploads\/2023\/11\/Project_Region_Insheim-2048x1365.jpg 2048w\" sizes=\"(max-width: 2560px) 100vw, 2560px\" \/>\n <\/div> <\/figure>\n<\/div>          <\/div>\n              <\/div>\n    <\/div>\n  <\/div>\n  <\/section>\n\n<section id=\"block_eb7b944030ea34c0999e3be4ee9887f8\" class=\"block__text-media-grid overflow-x-hidden block block_margin\">\n      <div>\n  <svg height=\"20\" width=\"100\" class=\"h-8 md:h-12 lg:h-20 w-full  text-primary\" viewBox=\"0 0 10 10\" preserveAspectRatio=\"none\">\n  <polygon fill=\"currentColor\" points=\"0 10 10 0 10 10\"><\/polygon>\n  <\/svg>\n<\/div>    <div class=\"bg-primary pt-12 lg:pt-20 pb-20\">\n    <div class=\"container space-y-14 text-white\">\n      <div class=\"text-center mx-auto col-12 md:col-10 xl:col-6\">\n  <h2 >\n          <span class=\"PreHeadline block text-3xl hyphens-auto font-bold text-secondary font-highlight\">Produktion im Oberrheingraben<\/span>\n              <span class=\"Headline block hyphens-auto text-white\">Regionale Projektgebiete<\/span>\n      <\/h2>\n\n      <div class=\"block\">\n      <p class=\"mb-last-item\">Der Oberrheingraben befindet sich in einer besonders vorteilhaften geologischen Lage: In etwa 3.600 Metern Tiefe schlummert eine riesige Energiequelle &#8211; in Form von Thermalwasser. Nur wenige Regionen in Deutschland bieten so g\u00fcnstige Bedingungen f\u00fcr die Gewinnung von geothermischer Energie.<\/p>\n    <\/div>\n  \n  \n\n  <div class=\"mt-8\">\n              <a class=\"btn btn-secondary  mb-last-item\" href=\"https:\/\/v-er.eu\/de\/erste-projektphase-lionheart\/\" target=\"_blank\">\n  Projektentwicklungsgebiete\n<\/a>      <\/div>\n<\/div>\n              <div class=\"relative\"\n  x-data=\"getSwiper({&quot;loop&quot;:false,&quot;slidesPerView&quot;:&quot;auto&quot;,&quot;spaceBetween&quot;:0})\"\n  x-init=\"initSwiper(breakpoints.xl)\"\n  x-on:resize.window=\"initSwiper(breakpoints.xl)\">\n\n  <div class=\"swiper overflow-unset\" x-ref=\"container\">\n    <div class=\"swiper-wrapper row xl:gap-y-6 xl:justify-center flex-nowrap xl:flex-wrap \">\n      <div class=\"swiper-slide relative col-10 md:col-6 lg:col-6 h-auto xl:col-3\">\n  <div class=\"singe-tile rounded-2xl overflow-hidden shadow-even hover:scale-[1.01] transition duration-300 h-full flex flex-col\">\n    <div class=\"block relative\">\n      <figure class=\"m-0 w-full\">\n <div class=\"ratio ratio-4x3\">     <img width=\"2560\" height=\"1440\" src=\"https:\/\/v-er.eu\/app\/uploads\/2023\/11\/Ortenau.jpg\" class=\"object-cover wp-image\" alt=\"Ortenau drone shot\" decoding=\"async\" loading=\"lazy\" srcset=\"https:\/\/v-er.eu\/app\/uploads\/2023\/11\/Ortenau.jpg 2560w, https:\/\/v-er.eu\/app\/uploads\/2023\/11\/Ortenau-300x169.jpg 300w, https:\/\/v-er.eu\/app\/uploads\/2023\/11\/Ortenau-1024x576.jpg 1024w, https:\/\/v-er.eu\/app\/uploads\/2023\/11\/Ortenau-768x432.jpg 768w, https:\/\/v-er.eu\/app\/uploads\/2023\/11\/Ortenau-1536x864.jpg 1536w, https:\/\/v-er.eu\/app\/uploads\/2023\/11\/Ortenau-2048x1152.jpg 2048w\" sizes=\"(max-width: 2560px) 100vw, 2560px\" \/>\n <\/div> <\/figure>\n      <div class=\"absolute -bottom-[2rem] left-1\/2 -translate-x-1\/2 bg-white p-4 rounded-full\">\n        <img decoding=\"async\" class=\"w-8 h-8\" src=\"https:\/\/v-er.eu\/app\/themes\/vulcan\/public\/images\/v-signat.d56e6a.svg\" alt=\"vulcan\">\n      <\/div>\n    <\/div>\n    <div class=\"p-6 flex flex-col justify-between flex-1 bg-white text-default\">\n      <div class=\"block\">\n        <h3 class=\"mb-4\">\n          <span class=\"PreHeadline block hyphens-auto font-bold text-secondary font-highlight text-xl\"><\/span>\n              <span class=\"Headline block hyphens-auto text-primary text-2xl font-medium\"><strong>Nat\u00fcrlich Ortenau<\/strong><\/span>\n      <\/h3>\n        <div>\n          Die Projektregion Ortenau ist im S\u00fcdwesten Baden-W\u00fcrttembergs zwischen Schwarzwald und Rhein gelegen.\n\n        <\/div>\n      <\/div>\n      <div class=\"block\">\n        <div class=\"mt-8\">\n          <a class=\"btn textlink   mb-last-item\" href=\"https:\/\/natuerlich-ortenau.de\/\" target=\"_blank\">\n  Zur Projektseite\n<\/a>          <\/div>\n      <\/div>\n    <\/div>\n  <\/div>\n<\/div>                      <div class=\"swiper-slide relative col-10 md:col-6 lg:col-6 h-auto xl:col-3\">\n  <div class=\"singe-tile rounded-2xl overflow-hidden shadow-even hover:scale-[1.01] transition duration-300 h-full flex flex-col\">\n    <div class=\"block relative\">\n      <figure class=\"m-0 w-full\">\n <div class=\"ratio ratio-4x3\">     <img width=\"840\" height=\"560\" src=\"https:\/\/v-er.eu\/app\/uploads\/2023\/10\/Project_Region_Pflaz.jpg\" class=\"object-cover wp-image\" alt=\"drone shot\" decoding=\"async\" loading=\"lazy\" srcset=\"https:\/\/v-er.eu\/app\/uploads\/2023\/10\/Project_Region_Pflaz.jpg 840w, https:\/\/v-er.eu\/app\/uploads\/2023\/10\/Project_Region_Pflaz-300x200.jpg 300w, https:\/\/v-er.eu\/app\/uploads\/2023\/10\/Project_Region_Pflaz-768x512.jpg 768w\" sizes=\"(max-width: 840px) 100vw, 840px\" \/>\n <\/div> <\/figure>\n      <div class=\"absolute -bottom-[2rem] left-1\/2 -translate-x-1\/2 bg-white p-4 rounded-full\">\n        <img decoding=\"async\" class=\"w-8 h-8\" src=\"https:\/\/v-er.eu\/app\/themes\/vulcan\/public\/images\/v-signat.d56e6a.svg\" alt=\"vulcan\">\n      <\/div>\n    <\/div>\n    <div class=\"p-6 flex flex-col justify-between flex-1 bg-white text-default\">\n      <div class=\"block\">\n        <h3 class=\"mb-4\">\n          <span class=\"PreHeadline block hyphens-auto font-bold text-secondary font-highlight text-xl\"><\/span>\n              <span class=\"Headline block hyphens-auto text-primary text-2xl font-medium\"><strong>Nat\u00fcrlich Pfalz<\/strong><\/span>\n      <\/h3>\n        <div>\n          Im S\u00fcden von Rheinland-Pfalz, zwischen dem Pf\u00e4lzerwald im Nordwesten und dem Rhein im S\u00fcdosten, liegt die Projektregion Pfalz.\n\n        <\/div>\n      <\/div>\n      <div class=\"block\">\n        <div class=\"mt-8\">\n          <a class=\"btn textlink   mb-last-item\" href=\"https:\/\/natuerlich-pfalz.eu\/\" target=\"_blank\">\n  Zur Projektseite\n<\/a>          <\/div>\n      <\/div>\n    <\/div>\n  <\/div>\n<\/div>                      <div class=\"swiper-slide relative col-10 md:col-6 lg:col-6 h-auto xl:col-3\">\n  <div class=\"singe-tile rounded-2xl overflow-hidden shadow-even hover:scale-[1.01] transition duration-300 h-full flex flex-col\">\n    <div class=\"block relative\">\n      <figure class=\"m-0 w-full\">\n <div class=\"ratio ratio-4x3\">     <img width=\"1920\" height=\"1080\" src=\"https:\/\/v-er.eu\/app\/uploads\/2023\/11\/mannheim_2_1920x800px.jpg\" class=\"object-cover wp-image\" alt=\"mannheim drone shot\" decoding=\"async\" loading=\"lazy\" srcset=\"https:\/\/v-er.eu\/app\/uploads\/2023\/11\/mannheim_2_1920x800px.jpg 1920w, https:\/\/v-er.eu\/app\/uploads\/2023\/11\/mannheim_2_1920x800px-300x169.jpg 300w, https:\/\/v-er.eu\/app\/uploads\/2023\/11\/mannheim_2_1920x800px-1024x576.jpg 1024w, https:\/\/v-er.eu\/app\/uploads\/2023\/11\/mannheim_2_1920x800px-768x432.jpg 768w, https:\/\/v-er.eu\/app\/uploads\/2023\/11\/mannheim_2_1920x800px-1536x864.jpg 1536w\" sizes=\"(max-width: 1920px) 100vw, 1920px\" \/>\n <\/div> <\/figure>\n      <div class=\"absolute -bottom-[2rem] left-1\/2 -translate-x-1\/2 bg-white p-4 rounded-full\">\n        <img decoding=\"async\" class=\"w-8 h-8\" src=\"https:\/\/v-er.eu\/app\/themes\/vulcan\/public\/images\/v-signat.d56e6a.svg\" alt=\"vulcan\">\n      <\/div>\n    <\/div>\n    <div class=\"p-6 flex flex-col justify-between flex-1 bg-white text-default\">\n      <div class=\"block\">\n        <h3 class=\"mb-4\">\n          <span class=\"PreHeadline block hyphens-auto font-bold text-secondary font-highlight text-xl\"><\/span>\n              <span class=\"Headline block hyphens-auto text-primary text-2xl font-medium\"><strong>Nat\u00fcrlich Kurpfalz<\/strong><\/span>\n      <\/h3>\n        <div>\n          Direkt im Dreil\u00e4ndereck von Baden-W\u00fcrttemberg, Rheinland-Pfalz und Hessen liegt Mannheim und die Projektregion Kurpfalz.\n\n        <\/div>\n      <\/div>\n      <div class=\"block\">\n        <div class=\"mt-8\">\n          <a class=\"btn textlink   mb-last-item\" href=\"https:\/\/natuerlich-kurpfalz.eu\/\" target=\"_blank\">\n  Zur Projektseite\n<\/a>          <\/div>\n      <\/div>\n    <\/div>\n  <\/div>\n<\/div>                      <div class=\"swiper-slide relative col-10 md:col-6 lg:col-6 h-auto xl:col-3\">\n  <div class=\"singe-tile rounded-2xl overflow-hidden shadow-even hover:scale-[1.01] transition duration-300 h-full flex flex-col\">\n    <div class=\"block relative\">\n      <figure class=\"m-0 w-full\">\n <div class=\"ratio ratio-4x3\">     <img width=\"840\" height=\"560\" src=\"https:\/\/v-er.eu\/app\/uploads\/2023\/11\/ts_cl_Hessen-Slider_995x747.jpg\" class=\"object-cover wp-image\" alt=\"Hessen drone shot\" decoding=\"async\" loading=\"lazy\" srcset=\"https:\/\/v-er.eu\/app\/uploads\/2023\/11\/ts_cl_Hessen-Slider_995x747.jpg 840w, https:\/\/v-er.eu\/app\/uploads\/2023\/11\/ts_cl_Hessen-Slider_995x747-300x200.jpg 300w, https:\/\/v-er.eu\/app\/uploads\/2023\/11\/ts_cl_Hessen-Slider_995x747-768x512.jpg 768w\" sizes=\"(max-width: 840px) 100vw, 840px\" \/>\n <\/div> <\/figure>\n      <div class=\"absolute -bottom-[2rem] left-1\/2 -translate-x-1\/2 bg-white p-4 rounded-full\">\n        <img decoding=\"async\" class=\"w-8 h-8\" src=\"https:\/\/v-er.eu\/app\/themes\/vulcan\/public\/images\/v-signat.d56e6a.svg\" alt=\"vulcan\">\n      <\/div>\n    <\/div>\n    <div class=\"p-6 flex flex-col justify-between flex-1 bg-white text-default\">\n      <div class=\"block\">\n        <h3 class=\"mb-4\">\n          <span class=\"PreHeadline block hyphens-auto font-bold text-secondary font-highlight text-xl\"><\/span>\n              <span class=\"Headline block hyphens-auto text-primary text-2xl font-medium\"><strong>Nat\u00fcrlich Hessen<\/strong><\/span>\n      <\/h3>\n        <div>\n          Von Lampertheim bis zur Metropolregion Frankfurt erstreckt sich die Projektregion Hessen.\n\n        <\/div>\n      <\/div>\n      <div class=\"block\">\n        <div class=\"mt-8\">\n          <a class=\"btn textlink   mb-last-item\" href=\"https:\/\/natuerlich-hessen.eu\/\" target=\"_blank\">\n  Zur Projektseite\n<\/a>          <\/div>\n      <\/div>\n    <\/div>\n  <\/div>\n<\/div>\n    <\/div>\n  <\/div>\n<\/div>      \n    <\/div>\n  <\/div>\n      <div>\n  <svg height=\"20\" width=\"100\" class=\"h-8 md:h-12 lg:h-20 w-full rotate-180 text-primary\" viewBox=\"0 0 10 10\" preserveAspectRatio=\"none\">\n  <polygon fill=\"currentColor\" points=\"0 10 10 0 10 10\"><\/polygon>\n  <\/svg>\n<\/div>  <\/section>","protected":false},"excerpt":{"rendered":"","protected":false},"author":4,"featured_media":0,"parent":0,"menu_order":0,"comment_status":"closed","ping_status":"closed","template":"","meta":[],"acf":[],"yoast_head":"<!-- This site is optimized with the Yoast SEO plugin v20.13 - https:\/\/yoast.com\/wordpress\/plugins\/seo\/ -->\n<title>Das Solefeld im Oberrheingraben - VULCAN ENERGY RESOURCES<\/title>\n<meta name=\"description\" content=\"Vulcans Lizenzgebiet am Oberrheingraben umfasst 16 Aufsuchungslizenzen mit einer Gesamtfl\u00e4che von 1.790 km\u00b2.Bei dem Solefeld handelt es ...\" \/>\n<meta name=\"robots\" content=\"index, follow, max-snippet:-1, max-image-preview:large, max-video-preview:-1\" \/>\n<link rel=\"canonical\" href=\"https:\/\/v-er.eu\/de\/das-oberrheingraben-solefeld\/\" \/>\n<meta property=\"og:locale\" content=\"de_DE\" \/>\n<meta property=\"og:type\" content=\"article\" \/>\n<meta property=\"og:title\" content=\"Das Solefeld im Oberrheingraben - VULCAN ENERGY RESOURCES\" \/>\n<meta property=\"og:description\" content=\"Vulcans Lizenzgebiet am Oberrheingraben umfasst 16 Aufsuchungslizenzen mit einer Gesamtfl\u00e4che von 1.790 km\u00b2.Bei dem Solefeld handelt es ...\" \/>\n<meta property=\"og:url\" content=\"https:\/\/v-er.eu\/de\/das-oberrheingraben-solefeld\/\" \/>\n<meta property=\"og:site_name\" content=\"VULCAN ENERGY RESOURCES\" \/>\n<meta property=\"article:modified_time\" content=\"2025-10-29T15:47:37+00:00\" \/>\n<meta name=\"twitter:card\" content=\"summary_large_image\" \/>\n<script type=\"application\/ld+json\" class=\"yoast-schema-graph\">{\"@context\":\"https:\/\/schema.org\",\"@graph\":[{\"@type\":\"WebPage\",\"@id\":\"https:\/\/v-er.eu\/de\/das-oberrheingraben-solefeld\/\",\"url\":\"https:\/\/v-er.eu\/de\/das-oberrheingraben-solefeld\/\",\"name\":\"Das Solefeld im Oberrheingraben - VULCAN ENERGY RESOURCES\",\"isPartOf\":{\"@id\":\"https:\/\/v-er.eu\/#website\"},\"datePublished\":\"2023-11-03T08:42:13+00:00\",\"dateModified\":\"2025-10-29T15:47:37+00:00\",\"description\":\"Vulcans Lizenzgebiet am Oberrheingraben umfasst 16 Aufsuchungslizenzen mit einer Gesamtfl\u00e4che von 1.790 km\u00b2.Bei dem Solefeld handelt es ...\",\"breadcrumb\":{\"@id\":\"https:\/\/v-er.eu\/de\/das-oberrheingraben-solefeld\/#breadcrumb\"},\"inLanguage\":\"de-DE\",\"potentialAction\":[{\"@type\":\"ReadAction\",\"target\":[\"https:\/\/v-er.eu\/de\/das-oberrheingraben-solefeld\/\"]}]},{\"@type\":\"BreadcrumbList\",\"@id\":\"https:\/\/v-er.eu\/de\/das-oberrheingraben-solefeld\/#breadcrumb\",\"itemListElement\":[{\"@type\":\"ListItem\",\"position\":1,\"name\":\"Home\",\"item\":\"https:\/\/v-er.eu\/de\/\"},{\"@type\":\"ListItem\",\"position\":2,\"name\":\"Das Solefeld im Oberrheingraben\"}]},{\"@type\":\"WebSite\",\"@id\":\"https:\/\/v-er.eu\/#website\",\"url\":\"https:\/\/v-er.eu\/\",\"name\":\"VULCAN ENERGY RESOURCES\",\"description\":\"Vulcan\u2019s purpose is to empower a net zero carbon future, aiming to supply lithium chemicals and renewable energy from Europe, for Europe from its Zero Carbon Lithium\u2122 Project.\",\"potentialAction\":[{\"@type\":\"SearchAction\",\"target\":{\"@type\":\"EntryPoint\",\"urlTemplate\":\"https:\/\/v-er.eu\/?s={search_term_string}\"},\"query-input\":\"required name=search_term_string\"}],\"inLanguage\":\"de-DE\"}]}<\/script>\n<!-- \/ Yoast SEO plugin. -->","yoast_head_json":{"title":"Das Solefeld im Oberrheingraben - VULCAN ENERGY RESOURCES","description":"Vulcans Lizenzgebiet am Oberrheingraben umfasst 16 Aufsuchungslizenzen mit einer Gesamtfl\u00e4che von 1.790 km\u00b2.Bei dem Solefeld handelt es ...","robots":{"index":"index","follow":"follow","max-snippet":"max-snippet:-1","max-image-preview":"max-image-preview:large","max-video-preview":"max-video-preview:-1"},"canonical":"https:\/\/v-er.eu\/de\/das-oberrheingraben-solefeld\/","og_locale":"de_DE","og_type":"article","og_title":"Das Solefeld im Oberrheingraben - VULCAN ENERGY RESOURCES","og_description":"Vulcans Lizenzgebiet am Oberrheingraben umfasst 16 Aufsuchungslizenzen mit einer Gesamtfl\u00e4che von 1.790 km\u00b2.Bei dem Solefeld handelt es ...","og_url":"https:\/\/v-er.eu\/de\/das-oberrheingraben-solefeld\/","og_site_name":"VULCAN ENERGY RESOURCES","article_modified_time":"2025-10-29T15:47:37+00:00","twitter_card":"summary_large_image","schema":{"@context":"https:\/\/schema.org","@graph":[{"@type":"WebPage","@id":"https:\/\/v-er.eu\/de\/das-oberrheingraben-solefeld\/","url":"https:\/\/v-er.eu\/de\/das-oberrheingraben-solefeld\/","name":"Das Solefeld im Oberrheingraben - VULCAN ENERGY RESOURCES","isPartOf":{"@id":"https:\/\/v-er.eu\/#website"},"datePublished":"2023-11-03T08:42:13+00:00","dateModified":"2025-10-29T15:47:37+00:00","description":"Vulcans Lizenzgebiet am Oberrheingraben umfasst 16 Aufsuchungslizenzen mit einer Gesamtfl\u00e4che von 1.790 km\u00b2.Bei dem Solefeld handelt es ...","breadcrumb":{"@id":"https:\/\/v-er.eu\/de\/das-oberrheingraben-solefeld\/#breadcrumb"},"inLanguage":"de-DE","potentialAction":[{"@type":"ReadAction","target":["https:\/\/v-er.eu\/de\/das-oberrheingraben-solefeld\/"]}]},{"@type":"BreadcrumbList","@id":"https:\/\/v-er.eu\/de\/das-oberrheingraben-solefeld\/#breadcrumb","itemListElement":[{"@type":"ListItem","position":1,"name":"Home","item":"https:\/\/v-er.eu\/de\/"},{"@type":"ListItem","position":2,"name":"Das Solefeld im Oberrheingraben"}]},{"@type":"WebSite","@id":"https:\/\/v-er.eu\/#website","url":"https:\/\/v-er.eu\/","name":"VULCAN ENERGY RESOURCES","description":"Vulcan\u2019s purpose is to empower a net zero carbon future, aiming to supply lithium chemicals and renewable energy from Europe, for Europe from its Zero Carbon Lithium\u2122 Project.","potentialAction":[{"@type":"SearchAction","target":{"@type":"EntryPoint","urlTemplate":"https:\/\/v-er.eu\/?s={search_term_string}"},"query-input":"required name=search_term_string"}],"inLanguage":"de-DE"}]}},"_links":{"self":[{"href":"https:\/\/v-er.eu\/de\/wp-json\/wp\/v2\/pages\/6562"}],"collection":[{"href":"https:\/\/v-er.eu\/de\/wp-json\/wp\/v2\/pages"}],"about":[{"href":"https:\/\/v-er.eu\/de\/wp-json\/wp\/v2\/types\/page"}],"author":[{"embeddable":true,"href":"https:\/\/v-er.eu\/de\/wp-json\/wp\/v2\/users\/4"}],"replies":[{"embeddable":true,"href":"https:\/\/v-er.eu\/de\/wp-json\/wp\/v2\/comments?post=6562"}],"version-history":[{"count":20,"href":"https:\/\/v-er.eu\/de\/wp-json\/wp\/v2\/pages\/6562\/revisions"}],"predecessor-version":[{"id":21997,"href":"https:\/\/v-er.eu\/de\/wp-json\/wp\/v2\/pages\/6562\/revisions\/21997"}],"wp:attachment":[{"href":"https:\/\/v-er.eu\/de\/wp-json\/wp\/v2\/media?parent=6562"}],"curies":[{"name":"wp","href":"https:\/\/api.w.org\/{rel}","templated":true}]}}