{"id":6596,"date":"2023-10-30T15:32:22","date_gmt":"2023-10-30T15:32:22","guid":{"rendered":"https:\/\/v-er.eu\/vulcan-labs\/"},"modified":"2025-02-04T09:44:20","modified_gmt":"2025-02-04T09:44:20","slug":"vulcan-labs","status":"publish","type":"page","link":"https:\/\/v-er.eu\/de\/vulcan-labs\/","title":{"rendered":"Vulcan Labore"},"content":{"rendered":"<section id=\"block_799331b41291af497d479a502719c94b\" class=\"block__text-media-hero block relative -mt-14 block_margin\">\n\n  <div class=\"relative bg-[url(6597)] bg-cover bg-center bg-no-repeat\">\n\n          <div class=\"absolute inset-0\">\n        <figure class=\"m-0 h-full\">\n <div class=\"ratio no-ratio h-full\">     <img width=\"2560\" height=\"1708\" src=\"https:\/\/v-er.eu\/app\/uploads\/2023\/11\/Labor-Vulcan-Energie-Uli-Deck-20-scaled.jpg\" class=\"object-cover h-full w-full wp-image\" alt=\"Vulcan employee working in a laboratory\" decoding=\"async\" loading=\"eager\" srcset=\"https:\/\/v-er.eu\/app\/uploads\/2023\/11\/Labor-Vulcan-Energie-Uli-Deck-20-scaled.jpg 2560w, https:\/\/v-er.eu\/app\/uploads\/2023\/11\/Labor-Vulcan-Energie-Uli-Deck-20-300x200.jpg 300w, https:\/\/v-er.eu\/app\/uploads\/2023\/11\/Labor-Vulcan-Energie-Uli-Deck-20-1024x683.jpg 1024w, https:\/\/v-er.eu\/app\/uploads\/2023\/11\/Labor-Vulcan-Energie-Uli-Deck-20-768x512.jpg 768w, https:\/\/v-er.eu\/app\/uploads\/2023\/11\/Labor-Vulcan-Energie-Uli-Deck-20-1536x1025.jpg 1536w, https:\/\/v-er.eu\/app\/uploads\/2023\/11\/Labor-Vulcan-Energie-Uli-Deck-20-2048x1366.jpg 2048w\" sizes=\"(max-width: 2560px) 100vw, 2560px\" \/>\n <\/div> <\/figure>      <\/div>\n    \n    <div class=\"absolute inset-0 bg-gradient-to-l from-transparent to-primary\"><\/div>\n\n    <div class=\"relative container flex flex-col justify-between flex-wrap py-16 min-h-[28rem]\">\n\n      <div class=\"text-white mb-10\">\n                <div id=\"Breadcrumb\">\n            <nav aria-label=\"Breadcrumb\">\n                <ol class=\"flex items-center gap-1 text-sm\">\n                <li class=\"breadcrumb-item \">\n                    <a class=\"breadcrumb-home\" href=\"https:\/\/v-er.eu\/de\/\">\n                        <svg\n    xmlns=\"http:\/\/www.w3.org\/2000\/svg\"\n    class=\"h-4 w-4\"\n    fill=\"none\"\n    viewBox=\"0 0 24 24\"\n    stroke=\"currentColor\"\n    height=\"24\"\n    width=\"24\"\n    >\n    <path\n    stroke-linecap=\"round\"\n    stroke-linejoin=\"round\"\n    stroke-width=\"2\"\n    d=\"M3 12l2-2m0 0l7-7 7 7M5 10v10a1 1 0 001 1h3m10-11l2 2m-2-2v10a1 1 0 01-1 1h-3m-6 0a1 1 0 001-1v-4a1 1 0 011-1h2a1 1 0 011 1v4a1 1 0 001 1m-6 0h6\"\n    \/>\n<\/svg>                    <\/a>\n                <\/li>\n                                                                                        <li class=\"breadcrumb-item flex items-center active\"  aria-current=\"page\">\n                                <span class=\"rotate-[270deg] inline-block\"> <svg xmlns=\"http:\/\/www.w3.org\/2000\/svg\"\nclass=\"h-4 w-4\"\nviewBox=\"0 0 20 20\"\nstroke=\"currentColor\"\nheight=\"24\"\nwidth=\"24\">\n    <path d=\"M9.293 12.95l.707.707L15.657 8l-1.414-1.414L10 10.828 5.757 6.586 4.343 8z\" \/>\n<\/svg> <\/span>\n                                <span class=\"inline-block\">Vulcan Labore<\/span>\n                            <\/li>\n                                                                                    <\/ol>\n            <\/nav>\n        <\/div>      <\/div>\n\n      <div class=\"w-full ltr:sm:text-left rtl:sm:text-right\">\n                  <h2 >\n          <span class=\"PreHeadline block text-3xl hyphens-auto font-bold text-secondary font-highlight\">Verbesserung und Optimierung<\/span>\n              <span class=\"Headline block hyphens-auto text-white\">Vulcan <strong>Labore.<\/strong><\/span>\n      <\/h2>\n        \n        \n        <div class=\"max-w-md text-white\">\n          <p>Vulcans Ansatz wurde strengen Tests und Validierungen unterzogen, um die technische und wirtschaftliche Machbarkeit zu best\u00e4tigen. Vulcan produziert bereits im Pilotma\u00dfstab Lithium, das in Erneuerbarer hei\u00dfer Sole im tiefen Untergrund gel\u00f6st ist. Ab Ende 2023 wird Vulcan im Ma\u00dfstab einer Demonstrationsanlage Lithium extrahieren &#8211; mithilfe der Direkten Lithiumextraktion durch Adsorption (<a href=\"https:\/\/v-er.eu\/de\/a-dle\/\">A-DLE<\/a>).<\/p>\n\n        <\/div>\n \n              <\/div>\n    <\/div>\n  <\/div>\n\n  <div class=\"absolute bottom-0 w-full\">\n    <div>\n  <svg height=\"20\" width=\"100\" class=\"h-8 md:h-12 lg:h-20 w-full  text-white relative z-10\" viewBox=\"0 0 10 10\" preserveAspectRatio=\"none\">\n  <polygon fill=\"currentColor\" points=\"0 10 10 0 10 10\"><\/polygon>\n  <\/svg>\n<\/div>  <\/div>\n\n<\/section>\n\n\n\n<section id=\"block_e71756536f2ec36ba47b7c307480e3b3\" class=\"block__text-media block overflow-x-clip block_margin\">\n    <div class=\"bg-none \">\n    <div class=\"container\">\n      <div class=\"row gap-y-10\">\n        <div class=\"col-12 flex items-center lg:col-7 xl:col-6\">\n          <div class=\"w-full\">\n            <div class=\"mx-auto lg:mx-0 col-12 md:col-10 lg:col-11\">\n                              <h2 >\n          <span class=\"PreHeadline block text-3xl hyphens-auto font-bold font-highlight text-secondary\">Forschung und Entwicklung gehen Hand in Hand<\/span>\n              <span class=\"Headline block hyphens-auto text-primary\">Forschung und <strong>Entwicklung.<\/strong><\/span>\n      <\/h2>\n                            <div class=\"mx-auto lg:mx-0 \">\n                <div class=\"text-default\">\n                  <p class=\"mb-last-item\">Forschung und Entwicklung sind in der DNA von Vulcan fest verankert. Das Forschungsteam von Vulcan besteht aus 30 Experten. Das Team im Forschungslabor von Vulcan verf\u00fcgt nicht nur \u00fcber wissenschaftliche Expertise, sondern ebenso \u00fcber gro\u00dfe Fachkenntnis im Bereich Analyse, Datenwissenschaft und Technik.<\/p>\n<p class=\"mb-last-item\">Die Hauptaufgabe des Teams besteht darin, im Labor Experimente zu den einzelnen Verfahrensschritten des Projekts durchzuf\u00fchren. Dabei geht es vor allem darum, fundierte und umfassende Kenntnisse \u00fcber jeden einzelnen Schritt zu erlangen, Prozesse schnell zu optimieren und m\u00f6gliche Fehler zu beheben, bevor sie auftreten.<\/p>\n\n                <\/div>\n                              <\/div>\n            <\/div>\n          <\/div>\n        <\/div>\n                  <div class=\"col-12 justify-center lg:col-5 xl:col-6 flex items-center lg:order-last\">\n            <div class=\"relative w-full z-0\">\n      \n    \n    <img decoding=\"async\" class=\"md:block absolute z-[-1] top-8 -right-8 scale-75 xl:scale-90 2xl:scale-100 pointer-events-none\" src=\"https:\/\/v-er.eu\/app\/themes\/vulcan\/public\/images\/icons\/pattern-dots-grid-1.20f1c2.svg\" alt=\"\">\n    <img decoding=\"async\" class=\"md:block absolute z-[-1] bottom-10 -left-12 scale-75 xl:scale-90 2xl:scale-100 pointer-events-none\" src=\"https:\/\/v-er.eu\/app\/themes\/vulcan\/public\/images\/icons\/pattern-dots-grid-2.112ab7.svg\" alt=\"\">\n          <div class=\"absolute inset-0 overflow-hidden rounded-2xl\">\n        <img decoding=\"async\" class=\"md:block absolute z-10 bottom-0 right-0 scale-100 pointer-events-none\" src=\"https:\/\/v-er.eu\/app\/themes\/vulcan\/public\/images\/icons\/pattern-secondary-bottom-1.b4ee56.svg\" alt=\"\">\n      <\/div>\n        <figure class=\"m-0 w-full\">\n <div class=\"ratio ratio-5x3\">     <img width=\"750\" height=\"500\" src=\"https:\/\/v-er.eu\/app\/uploads\/2023\/11\/Website-in-the-news-3-750x500-1.png\" class=\"object-cover rounded-2xl  wp-image\" alt=\"Vulcan laboratory\" decoding=\"async\" loading=\"lazy\" srcset=\"https:\/\/v-er.eu\/app\/uploads\/2023\/11\/Website-in-the-news-3-750x500-1.png 750w, https:\/\/v-er.eu\/app\/uploads\/2023\/11\/Website-in-the-news-3-750x500-1-300x200.png 300w\" sizes=\"(max-width: 750px) 100vw, 750px\" \/>\n <\/div> <\/figure>\n<\/div>          <\/div>\n              <\/div>\n    <\/div>\n  <\/div>\n  <\/section>\n\n<section id=\"block_ec16ff646af48894a29d754e086db989\" class=\"block__text-only block block_margin\">\n      <div>\n  <svg height=\"20\" width=\"100\" class=\"h-8 md:h-12 lg:h-20 w-full  text-gray-50\" viewBox=\"0 0 10 10\" preserveAspectRatio=\"none\">\n  <polygon fill=\"currentColor\" points=\"0 10 10 0 10 10\"><\/polygon>\n  <\/svg>\n<\/div>    <div class=\"bg-gray-50 pt-12 lg:pt-20 pb-20\">\n    <div class=\"container\">\n      <div class=\"block\">\n  <h2 >\n          <span class=\"PreHeadline block text-3xl hyphens-auto font-bold text-secondary font-highlight\">Unser Fokus<\/span>\n              <span class=\"Headline block hyphens-auto text-primary\">Stetige <strong>Weiterentwicklung.<\/strong><\/span>\n      <\/h2>\n\n  \n  <div x-data=\"{ expanded: false }\">\n            <div class=\"row\" >\n                              <div class=\"col-12 md:col-6 space-y-6\">\n                                    <div>\n                    <p class=\"mb-last-item\">&nbsp;<\/p>\n<p class=\"mb-last-item\"><strong>Optimierung der DLE <\/strong><\/p>\n<p class=\"mb-last-item\">Entwicklung neuer Sorbentia und Synthese von VULSORB\u00ae<\/p>\n<p class=\"mb-last-item\">Durchf\u00fchrung von nasschemischen Analysen und Feststoffanalysen mit modernen Analysemethoden:<\/p>\n<ul>\n<li>Atomemissionsspektroskopie mit induktiv gekoppeltem Plasma (ICP-OES)<\/li>\n<li>Ionenchromatographie (IC)<\/li>\n<li>Titrator<\/li>\n<li>Fotometer<\/li>\n<li>Partikelgr\u00f6\u00dfen-Analysator<\/li>\n<li>R\u00f6ntgenbeugung (XRD)<\/li>\n<\/ul>\n<p class=\"mb-last-item\">&nbsp;<\/p>\n<p class=\"mb-last-item\">&nbsp;<\/p>\n\n                  <\/div>\n                <\/div>\n                              <div class=\"col-12 md:col-6 space-y-6\">\n                                    <div>\n                    <p class=\"mb-last-item\">&nbsp;<\/p>\n<p class=\"mb-last-item\"><strong>Datenanalyse und Datenverarbeitung<\/strong><\/p>\n<ul>\n<li>Aufbau interner Datenbanken zur automatisierten, strukturierten Erfassung aller Messdaten<\/li>\n<li>Big-Data-Methoden zur Analyse von Messdaten und Erkennung von Trends und Mustern<\/li>\n<li>Prognosemodelle und Algorithmen des maschinellen Lernens<\/li>\n<\/ul>\n\n                  <\/div>\n                <\/div>\n                          <\/div>\n                      <\/div>\n\n  \n<\/div>    <\/div>\n  <\/div>\n      <div>\n  <svg height=\"20\" width=\"100\" class=\"h-8 md:h-12 lg:h-20 w-full rotate-180 text-gray-50\" viewBox=\"0 0 10 10\" preserveAspectRatio=\"none\">\n  <polygon fill=\"currentColor\" points=\"0 10 10 0 10 10\"><\/polygon>\n  <\/svg>\n<\/div>  <\/section>","protected":false},"excerpt":{"rendered":"","protected":false},"author":5,"featured_media":0,"parent":0,"menu_order":0,"comment_status":"closed","ping_status":"closed","template":"","meta":[],"acf":[],"yoast_head":"<!-- This site is optimized with the Yoast SEO plugin v20.13 - https:\/\/yoast.com\/wordpress\/plugins\/seo\/ -->\n<title>Vulcan Labore - VULCAN ENERGY RESOURCES<\/title>\n<meta name=\"description\" content=\"Forschung und Entwicklung sind in der DNA von Vulcan fest verankert. Das Team in den Vulcan Laboren verf\u00fcgt nicht nur \u00fcber wissenschaftli...\" \/>\n<meta name=\"robots\" content=\"index, follow, max-snippet:-1, max-image-preview:large, max-video-preview:-1\" \/>\n<link rel=\"canonical\" href=\"https:\/\/v-er.eu\/de\/vulcan-labs\/\" \/>\n<meta property=\"og:locale\" content=\"de_DE\" \/>\n<meta property=\"og:type\" content=\"article\" \/>\n<meta property=\"og:title\" content=\"Vulcan Labore - VULCAN ENERGY RESOURCES\" \/>\n<meta property=\"og:description\" content=\"Forschung und Entwicklung sind in der DNA von Vulcan fest verankert. Das Team in den Vulcan Laboren verf\u00fcgt nicht nur \u00fcber wissenschaftli...\" \/>\n<meta property=\"og:url\" content=\"https:\/\/v-er.eu\/de\/vulcan-labs\/\" \/>\n<meta property=\"og:site_name\" content=\"VULCAN ENERGY RESOURCES\" \/>\n<meta property=\"article:modified_time\" content=\"2025-02-04T09:44:20+00:00\" \/>\n<meta name=\"twitter:card\" content=\"summary_large_image\" \/>\n<script type=\"application\/ld+json\" class=\"yoast-schema-graph\">{\"@context\":\"https:\/\/schema.org\",\"@graph\":[{\"@type\":\"WebPage\",\"@id\":\"https:\/\/v-er.eu\/de\/vulcan-labs\/\",\"url\":\"https:\/\/v-er.eu\/de\/vulcan-labs\/\",\"name\":\"Vulcan Labore - VULCAN ENERGY RESOURCES\",\"isPartOf\":{\"@id\":\"https:\/\/v-er.eu\/#website\"},\"datePublished\":\"2023-10-30T15:32:22+00:00\",\"dateModified\":\"2025-02-04T09:44:20+00:00\",\"description\":\"Forschung und Entwicklung sind in der DNA von Vulcan fest verankert. Das Team in den Vulcan Laboren verf\u00fcgt nicht nur \u00fcber wissenschaftli...\",\"breadcrumb\":{\"@id\":\"https:\/\/v-er.eu\/de\/vulcan-labs\/#breadcrumb\"},\"inLanguage\":\"de-DE\",\"potentialAction\":[{\"@type\":\"ReadAction\",\"target\":[\"https:\/\/v-er.eu\/de\/vulcan-labs\/\"]}]},{\"@type\":\"BreadcrumbList\",\"@id\":\"https:\/\/v-er.eu\/de\/vulcan-labs\/#breadcrumb\",\"itemListElement\":[{\"@type\":\"ListItem\",\"position\":1,\"name\":\"Home\",\"item\":\"https:\/\/v-er.eu\/de\/\"},{\"@type\":\"ListItem\",\"position\":2,\"name\":\"Vulcan Labore\"}]},{\"@type\":\"WebSite\",\"@id\":\"https:\/\/v-er.eu\/#website\",\"url\":\"https:\/\/v-er.eu\/\",\"name\":\"VULCAN ENERGY RESOURCES\",\"description\":\"Vulcan\u2019s purpose is to empower a net zero carbon future, aiming to supply lithium chemicals and renewable energy from Europe, for Europe from its Zero Carbon Lithium\u2122 Project.\",\"potentialAction\":[{\"@type\":\"SearchAction\",\"target\":{\"@type\":\"EntryPoint\",\"urlTemplate\":\"https:\/\/v-er.eu\/?s={search_term_string}\"},\"query-input\":\"required name=search_term_string\"}],\"inLanguage\":\"de-DE\"}]}<\/script>\n<!-- \/ Yoast SEO plugin. -->","yoast_head_json":{"title":"Vulcan Labore - VULCAN ENERGY RESOURCES","description":"Forschung und Entwicklung sind in der DNA von Vulcan fest verankert. Das Team in den Vulcan Laboren verf\u00fcgt nicht nur \u00fcber wissenschaftli...","robots":{"index":"index","follow":"follow","max-snippet":"max-snippet:-1","max-image-preview":"max-image-preview:large","max-video-preview":"max-video-preview:-1"},"canonical":"https:\/\/v-er.eu\/de\/vulcan-labs\/","og_locale":"de_DE","og_type":"article","og_title":"Vulcan Labore - VULCAN ENERGY RESOURCES","og_description":"Forschung und Entwicklung sind in der DNA von Vulcan fest verankert. Das Team in den Vulcan Laboren verf\u00fcgt nicht nur \u00fcber wissenschaftli...","og_url":"https:\/\/v-er.eu\/de\/vulcan-labs\/","og_site_name":"VULCAN ENERGY RESOURCES","article_modified_time":"2025-02-04T09:44:20+00:00","twitter_card":"summary_large_image","schema":{"@context":"https:\/\/schema.org","@graph":[{"@type":"WebPage","@id":"https:\/\/v-er.eu\/de\/vulcan-labs\/","url":"https:\/\/v-er.eu\/de\/vulcan-labs\/","name":"Vulcan Labore - VULCAN ENERGY RESOURCES","isPartOf":{"@id":"https:\/\/v-er.eu\/#website"},"datePublished":"2023-10-30T15:32:22+00:00","dateModified":"2025-02-04T09:44:20+00:00","description":"Forschung und Entwicklung sind in der DNA von Vulcan fest verankert. Das Team in den Vulcan Laboren verf\u00fcgt nicht nur \u00fcber wissenschaftli...","breadcrumb":{"@id":"https:\/\/v-er.eu\/de\/vulcan-labs\/#breadcrumb"},"inLanguage":"de-DE","potentialAction":[{"@type":"ReadAction","target":["https:\/\/v-er.eu\/de\/vulcan-labs\/"]}]},{"@type":"BreadcrumbList","@id":"https:\/\/v-er.eu\/de\/vulcan-labs\/#breadcrumb","itemListElement":[{"@type":"ListItem","position":1,"name":"Home","item":"https:\/\/v-er.eu\/de\/"},{"@type":"ListItem","position":2,"name":"Vulcan Labore"}]},{"@type":"WebSite","@id":"https:\/\/v-er.eu\/#website","url":"https:\/\/v-er.eu\/","name":"VULCAN ENERGY RESOURCES","description":"Vulcan\u2019s purpose is to empower a net zero carbon future, aiming to supply lithium chemicals and renewable energy from Europe, for Europe from its Zero Carbon Lithium\u2122 Project.","potentialAction":[{"@type":"SearchAction","target":{"@type":"EntryPoint","urlTemplate":"https:\/\/v-er.eu\/?s={search_term_string}"},"query-input":"required name=search_term_string"}],"inLanguage":"de-DE"}]}},"_links":{"self":[{"href":"https:\/\/v-er.eu\/de\/wp-json\/wp\/v2\/pages\/6596"}],"collection":[{"href":"https:\/\/v-er.eu\/de\/wp-json\/wp\/v2\/pages"}],"about":[{"href":"https:\/\/v-er.eu\/de\/wp-json\/wp\/v2\/types\/page"}],"author":[{"embeddable":true,"href":"https:\/\/v-er.eu\/de\/wp-json\/wp\/v2\/users\/5"}],"replies":[{"embeddable":true,"href":"https:\/\/v-er.eu\/de\/wp-json\/wp\/v2\/comments?post=6596"}],"version-history":[{"count":44,"href":"https:\/\/v-er.eu\/de\/wp-json\/wp\/v2\/pages\/6596\/revisions"}],"predecessor-version":[{"id":19499,"href":"https:\/\/v-er.eu\/de\/wp-json\/wp\/v2\/pages\/6596\/revisions\/19499"}],"wp:attachment":[{"href":"https:\/\/v-er.eu\/de\/wp-json\/wp\/v2\/media?parent=6596"}],"curies":[{"name":"wp","href":"https:\/\/api.w.org\/{rel}","templated":true}]}}