{"id":7993,"date":"2023-11-16T14:37:30","date_gmt":"2023-11-16T14:37:30","guid":{"rendered":"https:\/\/v-er.eu\/imprint\/"},"modified":"2026-02-09T10:47:55","modified_gmt":"2026-02-09T10:47:55","slug":"impressum","status":"publish","type":"page","link":"https:\/\/v-er.eu\/de\/impressum\/","title":{"rendered":"Impressum"},"content":{"rendered":"<section id=\"block_021d5ac7e0e0cf7bf38e7a231e88ea25\" class=\"block__text-only block block_margin\">\n\n  <div class=\"bg-none\">\n    <div class=\"container\">\n      <div class=\"row\">\n        <div class=\"col-12 lg:col-10 lg:offset-1 2xl:col-8 2xl:offset-2\">\n          <div class=\"block\">\n  <h2 >\n          <span class=\"PreHeadline block text-3xl hyphens-auto font-bold text-secondary font-highlight\">Vulcan<\/span>\n              <span class=\"Headline block hyphens-auto text-primary\"><strong>Impressum.<\/strong><\/span>\n      <\/h2>\n\n  \n  <div class=\"row gap-y-6\">\n                                  <div class=\"col-12\">\n                                          <h5 >\n              <span class=\"Headline block hyphens-auto font-bold text-primary\">Vulcan Energie Ressourcen GmbH<\/span>\n      <\/h5>\n                                                              <p class=\"mb-last-item\"><strong>Verantwortlicher<\/strong><br \/>\nVulcan Energie Ressourcen GmbH (im Folgenden: Vulcan)<br \/>\nAmalienbadstr. 41, Geb\u00e4ude 54, 76227 Karlsruhe<br \/>\nE-Mail: <a href=\"mailto:kontakt@v-er.eu\">kontakt@v-er.eu<\/a><br \/>\nTelefon: <a href=\"http:\/\/+4972157044680\">+49 721 \u2013 570 44680<\/a><br \/>\nVertreten durch: Carsten Bachg, Felicity Gooding, Thorsten Weimann<\/p>\n<p class=\"mb-last-item\"><strong>Bestellter Datenschutzbeauftragter ist:<br \/>\n<\/strong>Rechtsanwalt Dr. Karsten Kinast, LL.M.<br \/>\nKINAST Rechtsanwaltsgesellschaft mbH<br \/>\nNordstra\u00dfe 17a<br \/>\nD-50733 K\u00f6ln<\/p>\n<p class=\"mb-last-item\">Telefon: <a href=\"http:\/\/+492212221830\">+49 (0)221 \u2013 222 183 \u2013 0<\/a><br \/>\nE-Mail: <a href=\"mailto:mail@kinast.eu\">mail@kinast.eu<\/a><br \/>\nInternet: <a href=\"https:\/\/www.kinast.eu\">https:\/\/www.kinast.eu<\/a><\/p>\n<p class=\"mb-last-item\">Der Ansprechpartner f\u00fcr datenschutzrechtliche Fragen bei Vulcan ist:<br \/>\nHerr Dr. Meinhard Grodde (<a href=\"mailto:datenschutz@v-er.eu\">datenschutz@v-er.eu<\/a>)<\/p>\n\n                                      <\/div>\n                                  <div class=\"col-12\">\n                                          <h5 >\n              <span class=\"Headline block hyphens-auto font-bold text-primary\">Rechtliche Hinweise \/ Disclaimer:<\/span>\n      <\/h5>\n                                                              <p class=\"mb-last-item\">Die Informationen auf dieser Homepage werden mit Sorgfalt zusammengestellt und regelm\u00e4\u00dfig aktualisiert. Vulcan \u00fcbernimmt jedoch keine Haftung oder Garantie f\u00fcr die Aktualit\u00e4t, Richtigkeit und Vollst\u00e4ndigkeit der Angaben.<\/p>\n\n                                      <\/div>\n                                  <div class=\"col-12\">\n                                          <h5 >\n              <span class=\"Headline block hyphens-auto font-bold text-primary\">Links<\/span>\n      <\/h5>\n                                                              <p class=\"mb-last-item\">F\u00fcr die Inhalte der Internetseiten, auf die wir direkt oder indirekt verweisen, kann Vulcan keine Haftung oder Garantie \u00fcbernehmen. Ein Besuch dieser Websites erfolgt auf eigene Gefahr.<\/p>\n\n                                      <\/div>\n                                  <div class=\"col-12\">\n                                          <h5 >\n              <span class=\"Headline block hyphens-auto font-bold text-primary\">Copyright<\/span>\n      <\/h5>\n                                                              <p class=\"mb-last-item\">Vulcan beh\u00e4lt sich alle Rechte an den auf dieser Homepage zur Verf\u00fcgung gestellten Informationen vor (Texte, Bilder, Grafiken, Marken, usw.). Sie unterliegen dem Schutz des Urheberrechts und anderer Schutzgesetze. Die Wiedergabe, Vervielf\u00e4ltigung oder sonstige Verbreitung der Inhalte unserer Homepage bed\u00fcrfen der vorherigen schriftlichen Genehmigung durch Vulcan.<\/p>\n\n                                      <\/div>\n                              <\/div>\n\n  \n<\/div>        <\/div>\n      <\/div>\n    <\/div>\n  <\/div>\n\n<\/section>","protected":false},"excerpt":{"rendered":"","protected":false},"author":1,"featured_media":0,"parent":0,"menu_order":0,"comment_status":"closed","ping_status":"closed","template":"","meta":[],"acf":[],"yoast_head":"<!-- This site is optimized with the Yoast SEO plugin v20.13 - https:\/\/yoast.com\/wordpress\/plugins\/seo\/ -->\n<title>Impressum - VULCAN ENERGY RESOURCES<\/title>\n<meta name=\"description\" content=\"Die Informationen auf dieser Homepage werden mit Sorgfalt zusammengestellt und regelm\u00e4\u00dfig aktualisiert. In diesem Impressum ...\" \/>\n<meta name=\"robots\" content=\"index, follow, max-snippet:-1, max-image-preview:large, max-video-preview:-1\" \/>\n<link rel=\"canonical\" href=\"https:\/\/v-er.eu\/de\/impressum\/\" \/>\n<meta property=\"og:locale\" content=\"de_DE\" \/>\n<meta property=\"og:type\" content=\"article\" \/>\n<meta property=\"og:title\" content=\"Impressum - VULCAN ENERGY RESOURCES\" \/>\n<meta property=\"og:description\" content=\"Die Informationen auf dieser Homepage werden mit Sorgfalt zusammengestellt und regelm\u00e4\u00dfig aktualisiert. In diesem Impressum ...\" \/>\n<meta property=\"og:url\" content=\"https:\/\/v-er.eu\/de\/impressum\/\" \/>\n<meta property=\"og:site_name\" content=\"VULCAN ENERGY RESOURCES\" \/>\n<meta property=\"article:modified_time\" content=\"2026-02-09T10:47:55+00:00\" \/>\n<meta name=\"twitter:card\" content=\"summary_large_image\" \/>\n<script type=\"application\/ld+json\" class=\"yoast-schema-graph\">{\"@context\":\"https:\/\/schema.org\",\"@graph\":[{\"@type\":\"WebPage\",\"@id\":\"https:\/\/v-er.eu\/de\/impressum\/\",\"url\":\"https:\/\/v-er.eu\/de\/impressum\/\",\"name\":\"Impressum - VULCAN ENERGY RESOURCES\",\"isPartOf\":{\"@id\":\"https:\/\/v-er.eu\/#website\"},\"datePublished\":\"2023-11-16T14:37:30+00:00\",\"dateModified\":\"2026-02-09T10:47:55+00:00\",\"description\":\"Die Informationen auf dieser Homepage werden mit Sorgfalt zusammengestellt und regelm\u00e4\u00dfig aktualisiert. In diesem Impressum ...\",\"breadcrumb\":{\"@id\":\"https:\/\/v-er.eu\/de\/impressum\/#breadcrumb\"},\"inLanguage\":\"de-DE\",\"potentialAction\":[{\"@type\":\"ReadAction\",\"target\":[\"https:\/\/v-er.eu\/de\/impressum\/\"]}]},{\"@type\":\"BreadcrumbList\",\"@id\":\"https:\/\/v-er.eu\/de\/impressum\/#breadcrumb\",\"itemListElement\":[{\"@type\":\"ListItem\",\"position\":1,\"name\":\"Home\",\"item\":\"https:\/\/v-er.eu\/de\/\"},{\"@type\":\"ListItem\",\"position\":2,\"name\":\"Impressum\"}]},{\"@type\":\"WebSite\",\"@id\":\"https:\/\/v-er.eu\/#website\",\"url\":\"https:\/\/v-er.eu\/\",\"name\":\"VULCAN ENERGY RESOURCES\",\"description\":\"Vulcan\u2019s purpose is to empower a net zero carbon future, aiming to supply lithium chemicals and renewable energy from Europe, for Europe from its Zero Carbon Lithium\u2122 Project.\",\"potentialAction\":[{\"@type\":\"SearchAction\",\"target\":{\"@type\":\"EntryPoint\",\"urlTemplate\":\"https:\/\/v-er.eu\/?s={search_term_string}\"},\"query-input\":\"required name=search_term_string\"}],\"inLanguage\":\"de-DE\"}]}<\/script>\n<!-- \/ Yoast SEO plugin. -->","yoast_head_json":{"title":"Impressum - VULCAN ENERGY RESOURCES","description":"Die Informationen auf dieser Homepage werden mit Sorgfalt zusammengestellt und regelm\u00e4\u00dfig aktualisiert. In diesem Impressum ...","robots":{"index":"index","follow":"follow","max-snippet":"max-snippet:-1","max-image-preview":"max-image-preview:large","max-video-preview":"max-video-preview:-1"},"canonical":"https:\/\/v-er.eu\/de\/impressum\/","og_locale":"de_DE","og_type":"article","og_title":"Impressum - VULCAN ENERGY RESOURCES","og_description":"Die Informationen auf dieser Homepage werden mit Sorgfalt zusammengestellt und regelm\u00e4\u00dfig aktualisiert. In diesem Impressum ...","og_url":"https:\/\/v-er.eu\/de\/impressum\/","og_site_name":"VULCAN ENERGY RESOURCES","article_modified_time":"2026-02-09T10:47:55+00:00","twitter_card":"summary_large_image","schema":{"@context":"https:\/\/schema.org","@graph":[{"@type":"WebPage","@id":"https:\/\/v-er.eu\/de\/impressum\/","url":"https:\/\/v-er.eu\/de\/impressum\/","name":"Impressum - VULCAN ENERGY RESOURCES","isPartOf":{"@id":"https:\/\/v-er.eu\/#website"},"datePublished":"2023-11-16T14:37:30+00:00","dateModified":"2026-02-09T10:47:55+00:00","description":"Die Informationen auf dieser Homepage werden mit Sorgfalt zusammengestellt und regelm\u00e4\u00dfig aktualisiert. In diesem Impressum ...","breadcrumb":{"@id":"https:\/\/v-er.eu\/de\/impressum\/#breadcrumb"},"inLanguage":"de-DE","potentialAction":[{"@type":"ReadAction","target":["https:\/\/v-er.eu\/de\/impressum\/"]}]},{"@type":"BreadcrumbList","@id":"https:\/\/v-er.eu\/de\/impressum\/#breadcrumb","itemListElement":[{"@type":"ListItem","position":1,"name":"Home","item":"https:\/\/v-er.eu\/de\/"},{"@type":"ListItem","position":2,"name":"Impressum"}]},{"@type":"WebSite","@id":"https:\/\/v-er.eu\/#website","url":"https:\/\/v-er.eu\/","name":"VULCAN ENERGY RESOURCES","description":"Vulcan\u2019s purpose is to empower a net zero carbon future, aiming to supply lithium chemicals and renewable energy from Europe, for Europe from its Zero Carbon Lithium\u2122 Project.","potentialAction":[{"@type":"SearchAction","target":{"@type":"EntryPoint","urlTemplate":"https:\/\/v-er.eu\/?s={search_term_string}"},"query-input":"required name=search_term_string"}],"inLanguage":"de-DE"}]}},"_links":{"self":[{"href":"https:\/\/v-er.eu\/de\/wp-json\/wp\/v2\/pages\/7993"}],"collection":[{"href":"https:\/\/v-er.eu\/de\/wp-json\/wp\/v2\/pages"}],"about":[{"href":"https:\/\/v-er.eu\/de\/wp-json\/wp\/v2\/types\/page"}],"author":[{"embeddable":true,"href":"https:\/\/v-er.eu\/de\/wp-json\/wp\/v2\/users\/1"}],"replies":[{"embeddable":true,"href":"https:\/\/v-er.eu\/de\/wp-json\/wp\/v2\/comments?post=7993"}],"version-history":[{"count":17,"href":"https:\/\/v-er.eu\/de\/wp-json\/wp\/v2\/pages\/7993\/revisions"}],"predecessor-version":[{"id":22369,"href":"https:\/\/v-er.eu\/de\/wp-json\/wp\/v2\/pages\/7993\/revisions\/22369"}],"wp:attachment":[{"href":"https:\/\/v-er.eu\/de\/wp-json\/wp\/v2\/media?parent=7993"}],"curies":[{"name":"wp","href":"https:\/\/api.w.org\/{rel}","templated":true}]}}