{"id":8225,"date":"2023-10-26T09:58:53","date_gmt":"2023-10-26T09:58:53","guid":{"rendered":"https:\/\/v-er.eu\/privacy-policy\/"},"modified":"2026-02-10T13:24:55","modified_gmt":"2026-02-10T13:24:55","slug":"datenschutz","status":"publish","type":"page","link":"https:\/\/v-er.eu\/de\/datenschutz\/","title":{"rendered":"Privacy Policy"},"content":{"rendered":"<section id=\"block_b2abffb2f024119571dc2f340ba9d6f1\" class=\"block__text-only block block_margin\">\n\n  <div class=\"bg-none\">\n    <div class=\"container\">\n      <div class=\"row\">\n        <div class=\"col-12 lg:col-10 lg:offset-1 2xl:col-8 2xl:offset-2\">\n          <div class=\"block\">\n  <h2 >\n          <span class=\"PreHeadline block text-3xl hyphens-auto font-bold text-secondary font-highlight\">Vulcan<\/span>\n              <span class=\"Headline block hyphens-auto text-primary\"><strong>Datenschutz.<\/strong><\/span>\n      <\/h2>\n\n  \n  <div class=\"row gap-y-6\">\n                                  <div class=\"col-12\">\n                                          <h5 >\n              <span class=\"Headline block hyphens-auto font-bold text-primary\">Ihre Privatsph\u00e4re ist uns wichtig<\/span>\n      <\/h5>\n                                                              <p class=\"mb-last-item\">Die Vulcan Energie Ressourcen GmbH, im nachfolgenden \u201eVulcan\u201c genannt, nimmt den Schutz Ihrer pers\u00f6nlichen Daten sehr ernst. Wir m\u00f6chten, dass Sie sich beim Besuch unserer Internetseiten sicher und wohl f\u00fchlen.<\/p>\n<p class=\"mb-last-item\">Der Schutz Ihrer Privatsph\u00e4re bei der Verarbeitung personenbezogener Daten sowie die Sicherheit aller Gesch\u00e4ftsdaten ist uns ein wichtiges Anliegen, das wir in unseren Gesch\u00e4ftsprozessen ber\u00fccksichtigen. Wir verarbeiten personenbezogene Daten, die bei Ihrem Besuch unserer Website erhoben werden, vertraulich und nur gem\u00e4\u00df den gesetzlichen Bestimmungen.<\/p>\n<p class=\"mb-last-item\">Wir bem\u00fchen uns stets um Datenrichtigkeit und Aktualit\u00e4t. Sollten trotzdem falsche Informationen gespeichert sein, bitten wir Sie uns dies mitzuteilen. Wir werden diese auf Ihre Aufforderung hin umgehend berichtigen.<\/p>\n<p class=\"mb-last-item\">Sie haben Fragen zum Datenschutz oder m\u00f6chten der Verwendung Ihrer Daten widersprechen? Senden Sie uns eine E-Mail unter: datenschutz@v-er.eu<\/p>\n\n                                      <\/div>\n                                  <div class=\"col-12\">\n                                          <h5 >\n              <span class=\"Headline block hyphens-auto font-bold text-primary\">1)\u00a0Name und Kontaktdaten des f\u00fcr die Verarbeitung Verantwortlichen sowie des betrieblichen Datenschutzbeauftragten<\/span>\n      <\/h5>\n                                                              <p class=\"mb-last-item\"><strong>Verantwortlicher<\/strong><br \/>\nVulcan Energie Ressourcen GmbH (im Folgenden: Vulcan)<br \/>\nAmalienbadstr. 41, Geb\u00e4ude 54, 76227 Karlsruhe<br \/>\nE-Mail: kontakt@v-er.eu<br \/>\nTelefon: +49 721 \u2013 570 44680<br \/>\nVertreten durch: Carsten Bachg, Felicity Gooding, Thorsten Weimann<\/p>\n<p class=\"mb-last-item\">Bestellter Datenschutzbeauftragter ist:<br \/>\nRechtsanwalt Dr. Karsten Kinast, LL.M.<br \/>\nKINAST Rechtsanwaltsgesellschaft mbH<br \/>\nNordstra\u00dfe 17a<br \/>\nD-50733 K\u00f6ln<\/p>\n<p class=\"mb-last-item\">Telefon: +49 (0)221 \u2013 222 183 \u2013 0<br \/>\nE-Mail: mail@kinast.eu<br \/>\nInternet: https:\/\/www.kinast.eu<\/p>\n<p class=\"mb-last-item\">Der Ansprechpartner f\u00fcr datenschutzrechtliche Fragen bei Vulcan ist:<br \/>\nHerr Dr. Meinhard Grodde (datenschutz@v-er.eu)<\/p>\n\n                                      <\/div>\n                                  <div class=\"col-12\">\n                                          <h5 >\n              <span class=\"Headline block hyphens-auto font-bold text-primary\">2) Allgemeines beim Besuch der Webseite<\/span>\n      <\/h5>\n                                                              <p class=\"mb-last-item\">Bei jedem Aufruf unserer Webseite erfasst unser System automatisiert Daten und Informationen vom Computersystem des aufrufenden Rechners.<\/p>\n<p class=\"mb-last-item\">Folgende Daten werden hierbei abgerufen, um die Webseiten korrekt zu laden:<\/p>\n<ul>\n<li>Request (Dateiname der angeforderten Datei) (Bsp. www.beispiel.de\/index.html)<\/li>\n<li>Browsertyp \/ -version<\/li>\n<li>Browsersprache (Bsp.: Deutsch)<\/li>\n<li>verwendetes Betriebssystem<\/li>\n<li>innere Aufl\u00f6sung des Browserfensters<\/li>\n<li>Bildschirmaufl\u00f6sung<\/li>\n<li>Javascriptaktivierung<\/li>\n<li>Java An \/ Aus<\/li>\n<li>Cookies An \/ Aus<\/li>\n<li>Farbtiefe<\/li>\n<li>Referrer URL (die zuvor besuchte Seite)<\/li>\n<li>IP Adresse \u2013 wird anonymisiert<\/li>\n<li>Uhrzeit des Zugriffs<\/li>\n<li>Klicks<\/li>\n<li>Ggf. Formularinhalte (bei Freitextfeldern, z.B. Name und Passwort, wird nur die Information &#8220;ausgef\u00fcllt&#8221; oder &#8220;nicht ausgef\u00fcllt&#8221; \u00fcbertragen).<\/li>\n<\/ul>\n<p class=\"mb-last-item\">Die Daten werden allerdings nicht in den Logfiles unseres Systems gespeichert.<\/p>\n\n                                      <\/div>\n                                  <div class=\"col-12\">\n                                          <h5 >\n              <span class=\"Headline block hyphens-auto font-bold text-primary\">3) Kontaktformulare<\/span>\n      <\/h5>\n                                                              <p class=\"mb-last-item\">Bei Fragen jeglicher Art bieten wir Ihnen die M\u00f6glichkeit, mit uns \u00fcber ein auf der Website bereitgestelltes Formular Kontakt aufzunehmen. Dabei ist die Angabe einer g\u00fcltigen E-Mail-Adresse sowie Ihres Namens erforderlich, damit wir wissen, von wem die Anfrage stammt und um diese beantworten zu k\u00f6nnen. Weitere Angaben k\u00f6nnen freiwillig get\u00e4tigt werden. Alternativ k\u00f6nnen Sie sich jederzeit per E-Mail an uns wenden. Bitte beachten Sie, dass unsere E-Mailkorrespondenz zu Ihrem Anliegen zun\u00e4chst unverschl\u00fcsselt erfolgt.<\/p>\n<p class=\"mb-last-item\">Sofern Sie diese M\u00f6glichkeiten nutzen und mit uns in Kontakt treten, verwenden wir Ihre Daten, um Ihre Anfragen zu beantworten, Sie ggf. zu identifizieren und mit Ihnen zu korrespondieren sowie ggf. zur Abwicklung des Anmeldeprozesses bei Veranstaltungen.<\/p>\n<p class=\"mb-last-item\">Rechtsgrundlage f\u00fcr die hiermit verbundene Datenverarbeitung ist bei vertragsbezogenen Anfragen Art. 6 Abs. 1 b) DSGVO. Im \u00dcbrigen Art. 6 Abs. 1 f) DSGVO, basierend auf unserem \u00fcberwiegenden berechtigten Interesse, eingehende Anfragen effizient zu bearbeiten und das Ergebnis der Bearbeitung f\u00fcr den Fall von R\u00fcckfragen sowie zur Erf\u00fcllung von Rechenschaftspflichten zu dokumentieren.<\/p>\n<p class=\"mb-last-item\">Die f\u00fcr die Benutzung des Kontaktformulars von uns erhobenen personenbezogenen Daten werden nach Erledigung der von Ihnen gestellten Anfrage automatisch gel\u00f6scht, sofern nicht andere Aufbewahrungsfristen, bspw. handels-\/steuerrechtliche Verpflichtungen, eine l\u00e4ngere Aufbewahrungsdauer bedingen.<\/p>\n<p class=\"mb-last-item\">&nbsp;<\/p>\n\n                                      <\/div>\n                                  <div class=\"col-12\">\n                                          <h5 >\n              <span class=\"Headline block hyphens-auto font-bold text-primary\">4)\u00a0Cookies<\/span>\n      <\/h5>\n                                                              <p class=\"mb-last-item\">Wir setzen auf unserer Seite Cookies ein. Hierbei handelt es sich um kleine Textdateien, die Ihr Browser automatisch erstellt und die auf Ihrem Endger\u00e4t (Laptop, Tablet, Smartphone o.\u00e4.) gespeichert werden, wenn Sie unsere Seite besuchen. Cookies richten auf Ihrem Endger\u00e4t keinen Schaden an, enthalten keine Viren, Trojaner oder sonstige Schadsoftware.<\/p>\n<p class=\"mb-last-item\">In dem Cookie werden Informationen abgelegt, die sich jeweils im Zusammenhang mit dem spezifisch eingesetzten Endger\u00e4t ergeben. Dies bedeutet jedoch nicht, dass wir dadurch unmittelbar Kenntnis von Ihrer Identit\u00e4t erhalten.<\/p>\n<p class=\"mb-last-item\">Der Einsatz von Cookies dient einerseits dazu, die Nutzung unseres Angebots f\u00fcr Sie angenehmer zu gestalten. So setzen wir sogenannte Session-Cookies ein, um zu erkennen, dass Sie einzelne Seiten unserer Website bereits besucht haben. Diese werden nach Verlassen unserer Seite automatisch gel\u00f6scht.<\/p>\n<p class=\"mb-last-item\">Dar\u00fcber hinaus setzen wir ebenfalls zur Optimierung der Benutzerfreundlichkeit tempor\u00e4re Cookies ein, die f\u00fcr einen bestimmten festgelegten Zeitraum auf Ihrem Endger\u00e4t gespeichert werden. Besuchen Sie unsere Seite erneut, um unsere Dienste in Anspruch zu nehmen, wird automatisch erkannt, dass Sie bereits bei uns waren und welche Eingaben und Einstellungen sie get\u00e4tigt haben, um diese nicht noch einmal eingeben zu m\u00fcssen.<\/p>\n<p class=\"mb-last-item\">Zum anderen setzten wir Cookies ein, um die Nutzung unserer Website statistisch zu erfassen und zum Zwecke der Optimierung unseres Angebotes f\u00fcr Sie auszuwerten (siehe \u201eAnalyse-Tool Matomo\u201c). Diese Cookies erm\u00f6glichen es uns, bei einem erneuten Besuch unserer Seite automatisch zu erkennen, dass Sie bereits bei uns waren. Diese Cookies werden nach einer jeweils definierten Zeit automatisch gel\u00f6scht.<\/p>\n<p class=\"mb-last-item\">Die durch Cookies verarbeiteten Daten sind f\u00fcr die genannten Zwecke zur Wahrung unserer berechtigten Interessen sowie nach Art. 6 Abs. 1 S. 1 lit. f DSGVO erforderlich.<\/p>\n<p class=\"mb-last-item\">Die meisten Browser akzeptieren Cookies automatisch. Sie k\u00f6nnen Ihren Browser jedoch so konfigurieren, dass keine Cookies auf Ihrem Computer gespeichert werden oder stets ein Hinweis erscheint, bevor ein neuer Cookie angelegt wird. Die vollst\u00e4ndige Deaktivierung von Cookies kann jedoch dazu f\u00fchren, dass Sie nicht alle Funktionen unserer Website nutzen k\u00f6nnen.<\/p>\n<p class=\"mb-last-item\">&nbsp;<\/p>\n\n                                      <\/div>\n                                  <div class=\"col-12\">\n                                          <h5 >\n              <span class=\"Headline block hyphens-auto font-bold text-primary\">5) Analyse-Tool Matomo<\/span>\n      <\/h5>\n                                                              <p class=\"mb-last-item\">F\u00fcr unsere Webseite benutzen wir das Webanalyse-Tool Matomo. Mit Hilfe von Matomo sind wir in der Lage, Daten \u00fcber die Nutzung unserer Website durch die Websitebesucher zu erfassen und zu analysieren.<\/p>\n<p class=\"mb-last-item\">Bei der Analyse mit Matomo setzen wir IP-Anonymisierung ein. Hierbei wird Ihre IP-Adresse vor der Analyse gek\u00fcrzt, sodass Sie Ihnen nicht mehr eindeutig zuordenbar ist.<\/p>\n<p class=\"mb-last-item\">Sofern Sie eine entsprechende Einwilligung \u00fcber das Cookie-Banner abgegeben haben, erfolgt die Verarbeitung ausschlie\u00dflich auf Grundlage von Art. 6 Abs. 1 a) DSGVO bzw. \u00a7 25 Abs. 1 TTDSG, soweit die Einwilligung die Speicherung von Cookies oder den Zugriff auf Informationen im Endger\u00e4t des Nutzers (z. B. Device-Fingerprinting) im Sinne des TTDSG umfasst. Sie k\u00f6nnen Ihre Einwilligung jederzeit widerrufen.<\/p>\n<p class=\"mb-last-item\">Weitere Informationen zu den Nutzungsbedingungen von Matomo und den datenschutzrechtlichen Regelungen finden Sie unter: https:\/\/matomo.org\/privacy\/<\/p>\n<p class=\"mb-last-item\">&nbsp;<\/p>\n\n                                      <\/div>\n                                  <div class=\"col-12\">\n                                          <h5 >\n              <span class=\"Headline block hyphens-auto font-bold text-primary\">6) Vorvertragliche Anbahnung bzw. Vertragsverh\u00e4ltnis<\/span>\n      <\/h5>\n                                                              <p class=\"mb-last-item\">Wir verarbeiten ggfs. dar\u00fcber hinaus Ihre Daten im Rahmen des mit Ihnen anbahnenden oder bestehenden Vertragsverh\u00e4ltnisses. Hierf\u00fcr erfassen und verarbeiten wir standardgem\u00e4\u00df folgende Daten:<\/p>\n<ul>\n<li>Anrede, Vorname, Nachname,<\/li>\n<li>eine g\u00fcltige E-Mail-Adresse,<\/li>\n<li>Anschrift,<\/li>\n<li>Telefonnummer (Festnetz und\/oder Mobilfunk)<\/li>\n<li>Informationen, die f\u00fcr die Durchf\u00fchrung des Vertrages erforderlich sind.<\/li>\n<\/ul>\n<p class=\"mb-last-item\">Die Erhebung dieser Daten erfolgt,<\/p>\n<ul>\n<li>um Sie als unseren Vertragspartner identifizieren und mit Ihnen kommunizieren zu k\u00f6nnen;<\/li>\n<li>zur Rechnungsstellung;<\/li>\n<li>sonstigen Durchf\u00fchrung in Zusammenhang mit unserer Gesch\u00e4ftsbeziehung<\/li>\n<\/ul>\n<p class=\"mb-last-item\">Die Datenverarbeitung ist nach Art. 6 Abs. 1 b) DSGVO zu den genannten Zwecken f\u00fcr die beidseitige Erf\u00fcllung von Verpflichtungen aus dem Mandatsvertrag erforderlich.<\/p>\n<p class=\"mb-last-item\">Die von uns erhobenen personenbezogenen Daten werden bis zum Ablauf der gesetzlichen Aufbewahrungspflicht gespeichert und danach gel\u00f6scht, es sei denn, dass wir nach Artikel 6 Abs. 1 c) DSGVO aufgrund von steuer- und handelsrechtlichen Aufbewahrungs- und Dokumentationspflichten (aus HGB, StGB oder AO) zu einer l\u00e4ngeren Speicherung verpflichtet sind oder Sie in eine dar\u00fcber hinausgehende Speicherung nach Art. 6 Abs. 1 a) DSGVO eingewilligt haben. Die Frist zur Aufbewahrung beginnt zum 1.1. des auf die Beendigung der gesch\u00e4ftlichen\u00a0 Beziehung folgenden Jahres.<\/p>\n<p class=\"mb-last-item\">&nbsp;<\/p>\n\n                                      <\/div>\n                                  <div class=\"col-12\">\n                                          <h5 >\n              <span class=\"Headline block hyphens-auto font-bold text-primary\">7) Sicherheit<\/span>\n      <\/h5>\n                                                              <p class=\"mb-last-item\">Vulcan trifft Sicherheitsvorkehrungen, um Ihre durch uns verwalteten Daten gegen Manipulation, Verlust, Zerst\u00f6rung oder gegen Zugriff unberechtigter Personen oder unberechtigte Offenlegung zu sch\u00fctzen. Die Sicherheit Ihrer personenbezogenen Daten bei der Daten\u00fcbertragung ist durch eine SSL-Verschl\u00fcsselung gew\u00e4hrleistet.<\/p>\n<p class=\"mb-last-item\">Unsere Sicherheitsma\u00dfnahmen werden entsprechend der technologischen Entwicklung st\u00e4ndig verbessert.<\/p>\n<p class=\"mb-last-item\">&nbsp;<\/p>\n\n                                      <\/div>\n                                  <div class=\"col-12\">\n                                          <h5 >\n              <span class=\"Headline block hyphens-auto font-bold text-primary\">8) Widerspruch<\/span>\n      <\/h5>\n                                                              <p class=\"mb-last-item\">Gem\u00e4\u00df Art. 21 DSGVO k\u00f6nnen Sie der Erhebung, Verarbeitung und Nutzung Ihrer personenbezogenen Daten aufgrund einer Datenerhebung nach Art. 6 Abs. 1 f) DSGVO jederzeit widersprechen. Daten, die f\u00fcr die Erf\u00fcllung von Vertragspflichten, Abrechnungs- und Buchhaltungszwecke erforderlich sind oder der gesetzlichen Aufbewahrungspflicht unterliegen, sind davon nicht ber\u00fchrt.<\/p>\n<p class=\"mb-last-item\">&nbsp;<\/p>\n\n                                      <\/div>\n                                  <div class=\"col-12\">\n                                          <h5 >\n              <span class=\"Headline block hyphens-auto font-bold text-primary\">9) Betroffenenrechte (Auskunft, L\u00f6schung, Sperrung etc.)<\/span>\n      <\/h5>\n                                                              <p class=\"mb-last-item\">Sie haben jederzeit das Recht auf unentgeltliche Auskunft \u00fcber Ihre gespeicherten personenbezogenen Daten, deren Herkunft und Empf\u00e4nger und den Zweck der Datenverarbeitung sowie ein Recht auf Berichtigung, Sperrung oder L\u00f6schung dieser Daten. Hierzu sowie zu weiteren Fragen zum Thema personenbezogene Daten k\u00f6nnen Sie sich jederzeit per E-Mail an uns wenden.<\/p>\n<p class=\"mb-last-item\">Sie haben insbesondere das Recht:<\/p>\n<p class=\"mb-last-item\">gem\u00e4\u00df Art. 15 DSGVO Auskunft \u00fcber Ihre von uns verarbeiteten personenbezogenen Daten zu verlangen. Insbesondere k\u00f6nnen Sie Auskunft \u00fcber die Verarbeitungszwecke, die Kategorie der personenbezogenen Daten, die Kategorien von Empf\u00e4ngern, gegen\u00fcber denen Ihre Daten offengelegt wurden oder werden, die geplante Speicherdauer, das Bestehen eines Rechts auf Berichtigung, L\u00f6schung, Einschr\u00e4nkung der Verarbeitung oder Widerspruch, das Bestehen eines Beschwerderechts, die Herkunft ihrer Daten, sofern diese nicht bei uns erhoben wurden, sowie \u00fcber das Bestehen einer automatisierten Entscheidungsfindung einschlie\u00dflich Profiling und ggf. aussagekr\u00e4ftigen Informationen zu deren Einzelheiten verlangen<br \/>\ngem\u00e4\u00df Art. 16 DSGVO unverz\u00fcglich die Berichtigung unrichtiger oder Vervollst\u00e4ndigung Ihrer bei uns gespeicherten personenbezogenen Daten zu verlangen<br \/>\ngem\u00e4\u00df Art. 17 DSGVO die L\u00f6schung Ihrer bei uns gespeicherten personenbezogenen Daten zu verlangen, soweit nicht die Verarbeitung zur Aus\u00fcbung des Rechts auf freie Meinungs\u00e4u\u00dferung und Information, zur Erf\u00fcllung einer rechtlichen Verpflichtung, aus Gr\u00fcnden des \u00f6ffentlichen Interesses oder zur Geltendmachung, Aus\u00fcbung oder Verteidigung von Rechtsanspr\u00fcchen erforderlich ist<br \/>\ngem\u00e4\u00df Art. 18 DSGVO die Einschr\u00e4nkung der Verarbeitung Ihrer personenbezogenen Daten zu verlangen, soweit die Richtigkeit der Daten von Ihnen bestritten wird, die Verarbeitung unrechtm\u00e4\u00dfig ist, Sie aber deren L\u00f6schung ablehnen und wir die Daten nicht mehr ben\u00f6tigen, Sie jedoch diese zur Geltendmachung, Aus\u00fcbung oder Verteidigung von Rechtsanspr\u00fcchen ben\u00f6tigen oder Sie gem\u00e4\u00df Art. 21 DSGVO Widerspruch gegen die Verarbeitung eingelegt haben<br \/>\ngem\u00e4\u00df Art. 20 DSGVO Ihre personenbezogenen Daten, die Sie uns bereitgestellt haben, in einem strukturierten, g\u00e4ngigen und maschinenlesebaren Format zu erhalten oder die \u00dcbermittlung an einen anderen Verantwortlichen zu verlangen<br \/>\ngem\u00e4\u00df Art. 7 Abs. 3 DSGVO Ihre einmal erteilte Einwilligung jederzeit gegen\u00fcber uns zu widerrufen. Dies hat zur Folge, dass wir die Datenverarbeitung, die auf dieser Einwilligung beruhte, f\u00fcr die Zukunft nicht mehr fortf\u00fchren d\u00fcrfen<br \/>\ngem\u00e4\u00df Art. 77 DSGVO sich bei einer Aufsichtsbeh\u00f6rde zu beschweren. In der Regel k\u00f6nnen Sie sich hierf\u00fcr an die Aufsichtsbeh\u00f6rde Ihres \u00fcblichen Aufenthaltsortes oder Arbeitsplatzes oder unseres Kanzleisitzes wenden.<\/p>\n<p class=\"mb-last-item\">&nbsp;<\/p>\n\n                                      <\/div>\n                                  <div class=\"col-12\">\n                                          <h5 >\n              <span class=\"Headline block hyphens-auto font-bold text-primary\">10) Kategorien von Empf\u00e4nger, \u00dcbermittlung in Drittstaaten<\/span>\n      <\/h5>\n                                                              <p class=\"mb-last-item\">Wir \u00fcbermitteln Ihre Daten grunds\u00e4tzlich nicht an Dritte, es sei denn, wir ben\u00f6tigen diese zur Durchf\u00fchrung von Gesch\u00e4ftsprozessen oder bedienen uns dieser im Rahmen einer Auftragsverarbeitungsvereinbarung. Dies sind bspw. Versanddienstleister, Zahlungsdienstleister, Warenwirtschaftsdienstleister, Diensteanbieter f\u00fcr die Bestellabwicklung, Webhoster oder auch IT-Dienstleister. In allen F\u00e4llen beachten wir strikt die gesetzlichen Vorgaben.<\/p>\n<p class=\"mb-last-item\">&nbsp;<\/p>\n<p class=\"mb-last-item\">&nbsp;<\/p>\n\n                                      <\/div>\n                                  <div class=\"col-12\">\n                                          <h5 >\n              <span class=\"Headline block hyphens-auto font-bold text-primary\">11) Aktualit\u00e4t und \u00c4nderung dieser Datenschutzerkl\u00e4rung<\/span>\n      <\/h5>\n                                                              <p class=\"mb-last-item\">Diese Datenschutzerkl\u00e4rung ist aktuell g\u00fcltig und hat den Stand Juli 2023.<\/p>\n<p class=\"mb-last-item\">Durch die Weiterentwicklung unserer Website und Angebote dar\u00fcber oder aufgrund ge\u00e4nderter gesetzlicher beziehungsweise beh\u00f6rdlicher Vorgaben kann es notwendig werden, diese Datenschutzerkl\u00e4rung zu \u00e4ndern.<\/p>\n\n                                      <\/div>\n                              <\/div>\n\n  \n<\/div>        <\/div>\n      <\/div>\n    <\/div>\n  <\/div>\n\n<\/section>","protected":false},"excerpt":{"rendered":"","protected":false},"author":1,"featured_media":0,"parent":0,"menu_order":0,"comment_status":"closed","ping_status":"open","template":"","meta":[],"acf":[],"yoast_head":"<!-- This site is optimized with the Yoast SEO plugin v20.13 - https:\/\/yoast.com\/wordpress\/plugins\/seo\/ -->\n<title>Privacy Policy - VULCAN ENERGY RESOURCES<\/title>\n<meta name=\"description\" content=\"Die Vulcan Energie Ressourcen GmbH, im folgenden \u201eVulcan\u201c genannt, nimmt den Schutz Ihrer pers\u00f6nlichen Daten sehr ernst. Der Datenschutz ...\" \/>\n<meta name=\"robots\" content=\"index, follow, max-snippet:-1, max-image-preview:large, max-video-preview:-1\" \/>\n<link rel=\"canonical\" href=\"https:\/\/v-er.eu\/de\/datenschutz\/\" \/>\n<meta property=\"og:locale\" content=\"de_DE\" \/>\n<meta property=\"og:type\" content=\"article\" \/>\n<meta property=\"og:title\" content=\"Privacy Policy - VULCAN ENERGY RESOURCES\" \/>\n<meta property=\"og:description\" content=\"Die Vulcan Energie Ressourcen GmbH, im folgenden \u201eVulcan\u201c genannt, nimmt den Schutz Ihrer pers\u00f6nlichen Daten sehr ernst. Der Datenschutz ...\" \/>\n<meta property=\"og:url\" content=\"https:\/\/v-er.eu\/de\/datenschutz\/\" \/>\n<meta property=\"og:site_name\" content=\"VULCAN ENERGY RESOURCES\" \/>\n<meta property=\"article:modified_time\" content=\"2026-02-10T13:24:55+00:00\" \/>\n<meta name=\"twitter:card\" content=\"summary_large_image\" \/>\n<script type=\"application\/ld+json\" class=\"yoast-schema-graph\">{\"@context\":\"https:\/\/schema.org\",\"@graph\":[{\"@type\":\"WebPage\",\"@id\":\"https:\/\/v-er.eu\/de\/datenschutz\/\",\"url\":\"https:\/\/v-er.eu\/de\/datenschutz\/\",\"name\":\"Privacy Policy - VULCAN ENERGY RESOURCES\",\"isPartOf\":{\"@id\":\"https:\/\/v-er.eu\/#website\"},\"datePublished\":\"2023-10-26T09:58:53+00:00\",\"dateModified\":\"2026-02-10T13:24:55+00:00\",\"description\":\"Die Vulcan Energie Ressourcen GmbH, im folgenden \u201eVulcan\u201c genannt, nimmt den Schutz Ihrer pers\u00f6nlichen Daten sehr ernst. Der Datenschutz ...\",\"breadcrumb\":{\"@id\":\"https:\/\/v-er.eu\/de\/datenschutz\/#breadcrumb\"},\"inLanguage\":\"de-DE\",\"potentialAction\":[{\"@type\":\"ReadAction\",\"target\":[\"https:\/\/v-er.eu\/de\/datenschutz\/\"]}]},{\"@type\":\"BreadcrumbList\",\"@id\":\"https:\/\/v-er.eu\/de\/datenschutz\/#breadcrumb\",\"itemListElement\":[{\"@type\":\"ListItem\",\"position\":1,\"name\":\"Home\",\"item\":\"https:\/\/v-er.eu\/de\/\"},{\"@type\":\"ListItem\",\"position\":2,\"name\":\"Privacy Policy\"}]},{\"@type\":\"WebSite\",\"@id\":\"https:\/\/v-er.eu\/#website\",\"url\":\"https:\/\/v-er.eu\/\",\"name\":\"VULCAN ENERGY RESOURCES\",\"description\":\"Vulcan\u2019s purpose is to empower a net zero carbon future, aiming to supply lithium chemicals and renewable energy from Europe, for Europe from its Zero Carbon Lithium\u2122 Project.\",\"potentialAction\":[{\"@type\":\"SearchAction\",\"target\":{\"@type\":\"EntryPoint\",\"urlTemplate\":\"https:\/\/v-er.eu\/?s={search_term_string}\"},\"query-input\":\"required name=search_term_string\"}],\"inLanguage\":\"de-DE\"}]}<\/script>\n<!-- \/ Yoast SEO plugin. -->","yoast_head_json":{"title":"Privacy Policy - VULCAN ENERGY RESOURCES","description":"Die Vulcan Energie Ressourcen GmbH, im folgenden \u201eVulcan\u201c genannt, nimmt den Schutz Ihrer pers\u00f6nlichen Daten sehr ernst. Der Datenschutz ...","robots":{"index":"index","follow":"follow","max-snippet":"max-snippet:-1","max-image-preview":"max-image-preview:large","max-video-preview":"max-video-preview:-1"},"canonical":"https:\/\/v-er.eu\/de\/datenschutz\/","og_locale":"de_DE","og_type":"article","og_title":"Privacy Policy - VULCAN ENERGY RESOURCES","og_description":"Die Vulcan Energie Ressourcen GmbH, im folgenden \u201eVulcan\u201c genannt, nimmt den Schutz Ihrer pers\u00f6nlichen Daten sehr ernst. Der Datenschutz ...","og_url":"https:\/\/v-er.eu\/de\/datenschutz\/","og_site_name":"VULCAN ENERGY RESOURCES","article_modified_time":"2026-02-10T13:24:55+00:00","twitter_card":"summary_large_image","schema":{"@context":"https:\/\/schema.org","@graph":[{"@type":"WebPage","@id":"https:\/\/v-er.eu\/de\/datenschutz\/","url":"https:\/\/v-er.eu\/de\/datenschutz\/","name":"Privacy Policy - VULCAN ENERGY RESOURCES","isPartOf":{"@id":"https:\/\/v-er.eu\/#website"},"datePublished":"2023-10-26T09:58:53+00:00","dateModified":"2026-02-10T13:24:55+00:00","description":"Die Vulcan Energie Ressourcen GmbH, im folgenden \u201eVulcan\u201c genannt, nimmt den Schutz Ihrer pers\u00f6nlichen Daten sehr ernst. Der Datenschutz ...","breadcrumb":{"@id":"https:\/\/v-er.eu\/de\/datenschutz\/#breadcrumb"},"inLanguage":"de-DE","potentialAction":[{"@type":"ReadAction","target":["https:\/\/v-er.eu\/de\/datenschutz\/"]}]},{"@type":"BreadcrumbList","@id":"https:\/\/v-er.eu\/de\/datenschutz\/#breadcrumb","itemListElement":[{"@type":"ListItem","position":1,"name":"Home","item":"https:\/\/v-er.eu\/de\/"},{"@type":"ListItem","position":2,"name":"Privacy Policy"}]},{"@type":"WebSite","@id":"https:\/\/v-er.eu\/#website","url":"https:\/\/v-er.eu\/","name":"VULCAN ENERGY RESOURCES","description":"Vulcan\u2019s purpose is to empower a net zero carbon future, aiming to supply lithium chemicals and renewable energy from Europe, for Europe from its Zero Carbon Lithium\u2122 Project.","potentialAction":[{"@type":"SearchAction","target":{"@type":"EntryPoint","urlTemplate":"https:\/\/v-er.eu\/?s={search_term_string}"},"query-input":"required name=search_term_string"}],"inLanguage":"de-DE"}]}},"_links":{"self":[{"href":"https:\/\/v-er.eu\/de\/wp-json\/wp\/v2\/pages\/8225"}],"collection":[{"href":"https:\/\/v-er.eu\/de\/wp-json\/wp\/v2\/pages"}],"about":[{"href":"https:\/\/v-er.eu\/de\/wp-json\/wp\/v2\/types\/page"}],"author":[{"embeddable":true,"href":"https:\/\/v-er.eu\/de\/wp-json\/wp\/v2\/users\/1"}],"replies":[{"embeddable":true,"href":"https:\/\/v-er.eu\/de\/wp-json\/wp\/v2\/comments?post=8225"}],"version-history":[{"count":39,"href":"https:\/\/v-er.eu\/de\/wp-json\/wp\/v2\/pages\/8225\/revisions"}],"predecessor-version":[{"id":22416,"href":"https:\/\/v-er.eu\/de\/wp-json\/wp\/v2\/pages\/8225\/revisions\/22416"}],"wp:attachment":[{"href":"https:\/\/v-er.eu\/de\/wp-json\/wp\/v2\/media?parent=8225"}],"curies":[{"name":"wp","href":"https:\/\/api.w.org\/{rel}","templated":true}]}}