{"id":14608,"date":"2024-01-08T08:23:00","date_gmt":"2024-01-08T08:23:00","guid":{"rendered":"https:\/\/v-er.eu\/repertoire-institutionnel-et-gouvernance\/"},"modified":"2025-05-27T13:25:05","modified_gmt":"2025-05-27T13:25:05","slug":"repertoire-institutionnel-et-gouvernance","status":"publish","type":"page","link":"https:\/\/v-er.eu\/fr\/repertoire-institutionnel-et-gouvernance\/","title":{"rendered":"R\u00e9pertoire institutionnel et gouvernance"},"content":{"rendered":"<section id=\"block_5f59dd7d007810f97dc799846d8665cf\" class=\"block__text-media-hero block relative -mt-14 block_margin\">\n\n  <div class=\"relative bg-[url(18676)] bg-cover bg-center bg-no-repeat\">\n\n          <div class=\"absolute inset-0\">\n        <figure class=\"m-0 h-full\">\n <div class=\"ratio no-ratio h-full\">     <img width=\"2560\" height=\"1709\" src=\"https:\/\/v-er.eu\/app\/uploads\/2025\/01\/iStock-1088224536-1-scaled.jpg\" class=\"object-cover h-full w-full wp-image\" alt=\"\" decoding=\"async\" loading=\"eager\" srcset=\"https:\/\/v-er.eu\/app\/uploads\/2025\/01\/iStock-1088224536-1-scaled.jpg 2560w, https:\/\/v-er.eu\/app\/uploads\/2025\/01\/iStock-1088224536-1-300x200.jpg 300w, https:\/\/v-er.eu\/app\/uploads\/2025\/01\/iStock-1088224536-1-1024x683.jpg 1024w, https:\/\/v-er.eu\/app\/uploads\/2025\/01\/iStock-1088224536-1-768x513.jpg 768w, https:\/\/v-er.eu\/app\/uploads\/2025\/01\/iStock-1088224536-1-1536x1025.jpg 1536w, https:\/\/v-er.eu\/app\/uploads\/2025\/01\/iStock-1088224536-1-2048x1367.jpg 2048w\" sizes=\"(max-width: 2560px) 100vw, 2560px\" \/>\n <\/div> <\/figure>      <\/div>\n    \n    <div class=\"absolute inset-0 bg-gradient-to-l from-transparent to-primary\"><\/div>\n\n    <div class=\"relative container flex flex-col justify-between flex-wrap py-16 min-h-[28rem]\">\n\n      <div class=\"text-white mb-10\">\n                <div id=\"Breadcrumb\">\n            <nav aria-label=\"Breadcrumb\">\n                <ol class=\"flex items-center gap-1 text-sm\">\n                <li class=\"breadcrumb-item \">\n                    <a class=\"breadcrumb-home\" href=\"https:\/\/v-er.eu\/fr\/\">\n                        <svg\n    xmlns=\"http:\/\/www.w3.org\/2000\/svg\"\n    class=\"h-4 w-4\"\n    fill=\"none\"\n    viewBox=\"0 0 24 24\"\n    stroke=\"currentColor\"\n    height=\"24\"\n    width=\"24\"\n    >\n    <path\n    stroke-linecap=\"round\"\n    stroke-linejoin=\"round\"\n    stroke-width=\"2\"\n    d=\"M3 12l2-2m0 0l7-7 7 7M5 10v10a1 1 0 001 1h3m10-11l2 2m-2-2v10a1 1 0 01-1 1h-3m-6 0a1 1 0 001-1v-4a1 1 0 011-1h2a1 1 0 011 1v4a1 1 0 001 1m-6 0h6\"\n    \/>\n<\/svg>                    <\/a>\n                <\/li>\n                                                                                        <li class=\"breadcrumb-item flex items-center active\"  aria-current=\"page\">\n                                <span class=\"rotate-[270deg] inline-block\"> <svg xmlns=\"http:\/\/www.w3.org\/2000\/svg\"\nclass=\"h-4 w-4\"\nviewBox=\"0 0 20 20\"\nstroke=\"currentColor\"\nheight=\"24\"\nwidth=\"24\">\n    <path d=\"M9.293 12.95l.707.707L15.657 8l-1.414-1.414L10 10.828 5.757 6.586 4.343 8z\" \/>\n<\/svg> <\/span>\n                                <span class=\"inline-block\">R\u00e9pertoire institutionnel et gouvernance<\/span>\n                            <\/li>\n                                                                                    <\/ol>\n            <\/nav>\n        <\/div>      <\/div>\n\n      <div class=\"w-full ltr:sm:text-left rtl:sm:text-right\">\n                  <h2 >\n          <span class=\"PreHeadline block text-3xl hyphens-auto font-bold text-secondary font-highlight\">De mani\u00e8re \u00e9quitable, honn\u00eate et int\u00e8gre<\/span>\n              <span class=\"Headline block hyphens-auto text-white\">Gouvernance<strong> d&#8217;entreprise<\/strong><\/span>\n      <\/h2>\n        \n        \n        <div class=\"max-w-md text-white\">\n          <p>Vulcan a adopt\u00e9 un certain nombre de chartes et de politiques. Voir les d\u00e9tails ci-dessous.<\/p>\n\n        <\/div>\n \n              <\/div>\n    <\/div>\n  <\/div>\n\n  <div class=\"absolute bottom-0 w-full\">\n    <div>\n  <svg height=\"20\" width=\"100\" class=\"h-8 md:h-12 lg:h-20 w-full  text-white relative z-10\" viewBox=\"0 0 10 10\" preserveAspectRatio=\"none\">\n  <polygon fill=\"currentColor\" points=\"0 10 10 0 10 10\"><\/polygon>\n  <\/svg>\n<\/div>  <\/div>\n\n<\/section>\n\n\n\n<section id=\"block_63c88592809fe6d3f0a1b03f1a08c304\" class=\"block__text-only block block_margin\">\n    <div class=\"bg-none \">\n    <div class=\"container\">\n      <div class=\"block\">\n  \n\n  \n  <div x-data=\"{ expanded: false }\">\n            <div class=\"row\" >\n                              <div class=\"col-12 md:col-6 space-y-6\">\n                                    <div>\n                    <p class=\"mb-last-item\">La soci\u00e9t\u00e9 s&#8217;est engag\u00e9e \u00e0 respecter les normes les plus strictes en mati\u00e8re de gouvernance d&#8217;entreprise afin de garantir que toutes ses activit\u00e9s commerciales sont men\u00e9es de mani\u00e8re \u00e9quitable, honn\u00eate et int\u00e8gre dans le respect de toutes les lois applicables. Pour ce faire, le conseil d&#8217;administration de la soci\u00e9t\u00e9 <strong>(le CdA)<\/strong> a adopt\u00e9 un certain nombre de codes et de politiques visant \u00e0 assurer la cr\u00e9ation de valeur tout en garantissant que la responsabilit\u00e9 et les contr\u00f4les sont proportionnels aux risques encourus.<\/p>\n\n                  <\/div>\n                <\/div>\n                              <div class=\"col-12 md:col-6 space-y-6\">\n                                    <div>\n                    <p class=\"mb-last-item\">Le conseil d&#8217;administration estime que les politiques et pratiques de l&#8217;entreprise sont conformes aux dispositions \u00e9nonc\u00e9es dans les principes et recommandations de gouvernance d&#8217;entreprise de la Bourse de New York (ASX) &#8211; 4e \u00e9dition <strong>(les recommandations)<\/strong>.<\/p>\n<p class=\"mb-last-item\">Outre l&#8217;acte constitutif de la soci\u00e9t\u00e9 , les chartes et politiques suivantes ont \u00e9t\u00e9 adopt\u00e9es afin d&#8217;atteindre un niveau \u00e9lev\u00e9 de gouvernance d&#8217;entreprise :<\/p>\n\n                  <\/div>\n                <\/div>\n                          <\/div>\n                      <\/div>\n\n  \n<\/div>    <\/div>\n  <\/div>\n  <\/section>\n\n<section id=\"block_128226caf2437026de1374e411a27339\" class=\"block__accordion block block_margin\">\n      <div>\n  <svg height=\"20\" width=\"100\" class=\"h-8 md:h-12 lg:h-20 w-full  text-gray-50\" viewBox=\"0 0 10 10\" preserveAspectRatio=\"none\">\n  <polygon fill=\"currentColor\" points=\"0 10 10 0 10 10\"><\/polygon>\n  <\/svg>\n<\/div>    <div class=\"bg-gray-50 pt-12 lg:pt-20 pb-20\">\n    <div class=\"container\">\n\n      <div class=\"row gap-y-14\">\n        <div class=\"col-12 text-center md:col-10 xl:col-6 md:offset-1 xl:offset-3\">\n          <div class=\"block\">\n  \n\n  \n  \n\n  \n<\/div>        <\/div>\n\n                  <div class=\"col-12\">\n\n            <div x-data=\"{}\">\n\n                              <div class=\"rounded-lg bg-white shadow mb-4\"\n                  x-data=\"{activeAccordion: false}\">\n\n                  <h3 class=\"mb-0\">\n              <span class=\"Headline block hyphens-auto text-primary text-xl font-bold mb-0\"><button class=\"flex w-full items-center justify-between text-left px-6 py-4\"\n                        @click='activeAccordion = !activeAccordion'\n                        :class=\"{ 'text-primary': activeAccordion }\">\n                        <span>Normes et codes<\/span>\n                        <span class=\"ml-4\" \n                          x-text=\"activeAccordion ? &#039;-&#039; : &#039;+&#039;\">\n                        <\/span>\n                      <\/button><\/span>\n      <\/h3>\n                  <div x-cloak x-collapse \n                    x-show=\"activeAccordion\">\n                    <div class=\"px-6 pb-6\">\n                      <p class=\"mb-last-item\"><a href=\"https:\/\/v-er.eu\/app\/uploads\/2024\/01\/210701-Board-Charter.pdf\" target=\"_blank\" rel=\"noopener\">Charte du conseil d&#8217;administration<\/a><\/p>\n<p class=\"mb-last-item\"><a href=\"https:\/\/v-er.eu\/app\/uploads\/2024\/01\/POL_UPDATED-Code-of-Conduct-Ethics.pdf\">Code de conduite et d&#8217;\u00e9thique de l&#8217;entreprise<\/a><\/p>\n<p class=\"mb-last-item\"><a href=\"https:\/\/v-er.eu\/app\/uploads\/2024\/01\/210701-Audit-Risk-ESG-Committee-Charter.pdf\">Charte du comit\u00e9 d&#8217;audit, des risques et de l&#8217;ESG<\/a><\/p>\n<p class=\"mb-last-item\"><a href=\"https:\/\/v-er.eu\/app\/uploads\/2024\/03\/280323-Nomination-Committee-Charter.pdf\">Charte du comit\u00e9 de nomination<\/a><\/p>\n<p class=\"mb-last-item\"><a href=\"https:\/\/v-er.eu\/app\/uploads\/2024\/01\/People-Performance-Charter-FINAL-240821-2.pdf\">Charte du comit\u00e9 des personnes et des performances<\/a><\/p>\n<p class=\"mb-last-item\"><a href=\"https:\/\/v-er.eu\/app\/uploads\/2024\/01\/Project-Oversight-Committee-Charter-FINAL-190822.pdf\">Charte du comit\u00e9 de surveillance des projets<\/a><\/p>\n<p class=\"mb-last-item\">&nbsp;<\/p>\n<p class=\"mb-last-item\">&nbsp;<\/p>\n<p class=\"mb-last-item\">&nbsp;<\/p>\n<p class=\"mb-last-item\">&nbsp;<\/p>\n\n                    <\/div>\n                  <\/div>\n                <\/div>\n                              <div class=\"rounded-lg bg-white shadow mb-4\"\n                  x-data=\"{activeAccordion: false}\">\n\n                  <h3 class=\"mb-0\">\n              <span class=\"Headline block hyphens-auto text-primary text-xl font-bold mb-0\"><button class=\"flex w-full items-center justify-between text-left px-6 py-4\"\n                        @click='activeAccordion = !activeAccordion'\n                        :class=\"{ 'text-primary': activeAccordion }\">\n                        <span>Politiques<\/span>\n                        <span class=\"ml-4\" \n                          x-text=\"activeAccordion ? &#039;-&#039; : &#039;+&#039;\">\n                        <\/span>\n                      <\/button><\/span>\n      <\/h3>\n                  <div x-cloak x-collapse \n                    x-show=\"activeAccordion\">\n                    <div class=\"px-6 pb-6\">\n                      <p class=\"mb-last-item\"><a href=\"https:\/\/v-er.eu\/app\/uploads\/2024\/01\/Anti-Bribery-Anti-Corruption-Policy-FINAL-250821.pdf\">Politique de lutte contre la corruption<\/a><\/p>\n<p class=\"mb-last-item\"><a href=\"https:\/\/v-er.eu\/app\/uploads\/2024\/01\/POL_2200525_Community-Relations-Policy.pdf\">Politique de relations communautaires<\/a><\/p>\n<p class=\"mb-last-item\"><a href=\"https:\/\/v-er.eu\/app\/uploads\/2024\/01\/POL_220525_Conflict-Minerals-Policy.pdf\">Politique relative aux min\u00e9raux de conflit<\/a><\/p>\n<p class=\"mb-last-item\"><a href=\"https:\/\/v-er.eu\/app\/uploads\/2024\/01\/Continuous-Disclosure-Policy-minor-update-11822.pdf\">Politique d&#8217;information continue<\/a><\/p>\n<p class=\"mb-last-item\"><a href=\"https:\/\/v-er.eu\/app\/uploads\/2024\/01\/Diversity-Policy-FINAL-240821.pdf\">Politique de diversit\u00e9<\/a><\/p>\n<p class=\"mb-last-item\"><a href=\"https:\/\/v-er.eu\/app\/uploads\/2024\/01\/POL_220525_Environmental-Policy-1.pdf\">Politique de gestion de l&#8217;environnement<\/a><\/p>\n<p class=\"mb-last-item\"><a href=\"https:\/\/v-er.eu\/app\/uploads\/2024\/01\/21070-Privacy-Policy.pdf\" target=\"_blank\" rel=\"noopener\">Politique de protection de la vie priv\u00e9e<\/a><\/p>\n<p class=\"mb-last-item\"><a href=\"https:\/\/v-er.eu\/app\/uploads\/2024\/01\/210701-Risk-Management-Policy.pdf\">Politique de gestion des risques<\/a><\/p>\n<p class=\"mb-last-item\"><a href=\"https:\/\/v-er.eu\/app\/uploads\/2024\/01\/210701-Shareholder-Communications-Strategy.pdf\">Strat\u00e9gie de communication avec les actionnaires<\/a><\/p>\n<p class=\"mb-last-item\"><a href=\"https:\/\/v-er.eu\/app\/uploads\/2024\/01\/210701-Social-Media-Policy.pdf\">Politique en mati\u00e8re de m\u00e9dias sociaux<\/a><\/p>\n<p class=\"mb-last-item\"><a href=\"https:\/\/v-er.eu\/app\/uploads\/2024\/01\/Sustainable-Supplier-Policy-FINAL-310821-1.pdf\">Politique des fournisseurs durables<\/a><\/p>\n<p class=\"mb-last-item\"><a href=\"https:\/\/v-er.eu\/app\/uploads\/2024\/01\/Trading-Policy-190422.pdf\">Politique commerciale<\/a><\/p>\n<p class=\"mb-last-item\"><a href=\"https:\/\/v-er.eu\/website-terms-of-use\/\">Conditions d&#8217;utilisation du site web<\/a><\/p>\n<p class=\"mb-last-item\"><a href=\"https:\/\/v-er.eu\/app\/uploads\/2024\/03\/Whistleblower-Policy.pdf\">Politique de protection des d\u00e9nonciateurs<\/a><\/p>\n<p class=\"mb-last-item\">&nbsp;<\/p>\n<p class=\"mb-last-item\">&nbsp;<\/p>\n<p class=\"mb-last-item\">&nbsp;<\/p>\n<p class=\"mb-last-item\">&nbsp;<\/p>\n\n                    <\/div>\n                  <\/div>\n                <\/div>\n                              <div class=\"rounded-lg bg-white shadow mb-4\"\n                  x-data=\"{activeAccordion: false}\">\n\n                  <h3 class=\"mb-0\">\n              <span class=\"Headline block hyphens-auto text-primary text-xl font-bold mb-0\"><button class=\"flex w-full items-center justify-between text-left px-6 py-4\"\n                        @click='activeAccordion = !activeAccordion'\n                        :class=\"{ 'text-primary': activeAccordion }\">\n                        <span>Constitution<\/span>\n                        <span class=\"ml-4\" \n                          x-text=\"activeAccordion ? &#039;-&#039; : &#039;+&#039;\">\n                        <\/span>\n                      <\/button><\/span>\n      <\/h3>\n                  <div x-cloak x-collapse \n                    x-show=\"activeAccordion\">\n                    <div class=\"px-6 pb-6\">\n                      <p class=\"mb-last-item\"><a href=\"https:\/\/v-er.eu\/app\/uploads\/2024\/08\/Updated-Constitution-50824.pdf\" target=\"_blank\" rel=\"noopener\">Constitution<\/a><\/p>\n\n                    <\/div>\n                  <\/div>\n                <\/div>\n                              <div class=\"rounded-lg bg-white shadow mb-4\"\n                  x-data=\"{activeAccordion: false}\">\n\n                  <h3 class=\"mb-0\">\n              <span class=\"Headline block hyphens-auto text-primary text-xl font-bold mb-0\"><button class=\"flex w-full items-center justify-between text-left px-6 py-4\"\n                        @click='activeAccordion = !activeAccordion'\n                        :class=\"{ 'text-primary': activeAccordion }\">\n                        <span>Certificats ISO<\/span>\n                        <span class=\"ml-4\" \n                          x-text=\"activeAccordion ? &#039;-&#039; : &#039;+&#039;\">\n                        <\/span>\n                      <\/button><\/span>\n      <\/h3>\n                  <div x-cloak x-collapse \n                    x-show=\"activeAccordion\">\n                    <div class=\"px-6 pb-6\">\n                      <p class=\"mb-last-item\"><a href=\"https:\/\/v-er.eu\/app\/uploads\/2024\/04\/Zertifikat_Vulcan-Energie-Ressourcen-GmbH_ISO-9001_DE012875-2_EN.pdf\" target=\"_blank\" rel=\"noopener\">ISO 9001_DE012875-2_English<\/a><br \/>\n<a href=\"https:\/\/v-er.eu\/app\/uploads\/2024\/05\/Zertifikat_Vulcan-Energie-Ressourcen-GmbH_ISO-14001_DE012876-2_EN.pdf\" target=\"_blank\" rel=\"noopener\">ISO 14001_DE012876-2_English<\/a><br \/>\n<a href=\"https:\/\/v-er.eu\/app\/uploads\/2024\/04\/Zertifikat_Vulcan-Energie-Ressourcen-GmbH_ISO-45001_DE013504-1_EN.pdf\" target=\"_blank\" rel=\"noopener\">ISO 45001_DE013504-1_English<\/a><\/p>\n\n                    <\/div>\n                  <\/div>\n                <\/div>\n                          <\/div>\n          <\/div>\n              <\/div>\n\n    <\/div>\n  <\/div>\n      <div>\n  <svg height=\"20\" width=\"100\" class=\"h-8 md:h-12 lg:h-20 w-full rotate-180 text-gray-50\" viewBox=\"0 0 10 10\" preserveAspectRatio=\"none\">\n  <polygon fill=\"currentColor\" points=\"0 10 10 0 10 10\"><\/polygon>\n  <\/svg>\n<\/div>  <\/section>\n\n<section id=\"block_caa95fe174d2b7624f66340ccea36acb\" class=\"block__text-only block block_margin\">\n    <div class=\"bg-none \">\n    <div class=\"container\">\n      <div class=\"block\">\n  <h2 >\n          <span class=\"PreHeadline block text-3xl hyphens-auto font-bold text-secondary font-highlight\"><\/span>\n              <span class=\"Headline block hyphens-auto text-primary\">R\u00e9pertoire <strong>d&#8217;entreprise.<\/strong><\/span>\n      <\/h2>\n\n  \n  <div x-data=\"{ expanded: false }\">\n            <div class=\"row\" >\n                              <div class=\"col-12 md:col-6 space-y-6\">\n                                    <div>\n                    <p class=\"mb-last-item\"><strong>Conseil d&#8217;Administration<\/strong><\/p>\n<p class=\"mb-last-item\"><strong>Dr Francis Wedin<\/strong><br \/>\nChef Ex\u00e9cutif<\/p>\n<p class=\"mb-last-item\"><strong>Cris Moreno<\/strong><br \/>\nDirecteur G\u00e9n\u00e9ral et PDG<\/p>\n<p class=\"mb-last-item\"><strong>Angus Barker<\/strong><br \/>\nDirecteur Ind\u00e9pendant Principal et Vice-Pr\u00e9sident<\/p>\n<p class=\"mb-last-item\"><strong>Felicity Gooding<\/strong><br \/>\nDirectrice Ex\u00e9cutive et Directrice Financi\u00e8re du Groupe<\/p>\n<p class=\"mb-last-item\"><strong>Dr Heidi Gr\u00f6n<\/strong><br \/>\nDirectrice Non Ex\u00e9cutive<\/p>\n<p class=\"mb-last-item\"><strong>Josephine Bush<\/strong><br \/>\nDirectrice Non Ex\u00e9cutive<\/p>\n<p class=\"mb-last-item\"><strong>Dr G\u00fcnter Hilken<\/strong><br \/>\nDirecteur Non Ex\u00e9cutif<\/p>\n<p class=\"mb-last-item\"><strong>Daniel Tydde<\/strong><br \/>\nSecr\u00e9taire G\u00e9n\u00e9ral et Conseiller Juridique<\/p>\n<p class=\"mb-last-item\">&nbsp;<\/p>\n\n                  <\/div>\n                <\/div>\n                              <div class=\"col-12 md:col-6 space-y-6\">\n                                    <div>\n                    <p class=\"mb-last-item\"><strong>Introduction en Bourse<\/strong><br \/>\nCot\u00e9 \u00e0 la Bourse australienne (ASX Code: VUL)<\/p>\n<p class=\"mb-last-item\">Cot\u00e9 \u00e0 la Bourse de Francfort Prime Standard (FSE Code: VUL)<\/p>\n<p class=\"mb-last-item\"><strong>Auditeurs<\/strong><br \/>\nRSM Australia Partners<br \/>\nLevel 32, 2 The Esplanade<br \/>\nPerth WA 6000<\/p>\n<p class=\"mb-last-item\"><strong>Avocats<br \/>\n<\/strong>Ashurst<br \/>\nBrookfield Place Tower II<br \/>\nLevel 10 11 St Georges Terrace<br \/>\nPerth WA 6000<\/p>\n<p class=\"mb-last-item\"><strong>Si\u00e8ge Social<\/strong><br \/>\nLevel 2, Brookfield Place 267 St Georges Terrace<br \/>\nPerth WA 6000<br \/>\nTelephone: +61 8 6189 8767<br \/>\n<a href=\"https:\/\/v-er.eu\/fr\/\">https:\/\/v-er.eu<\/a><\/p>\n<p class=\"mb-last-item\"><strong>Registre des Actions Automic<br \/>\n<\/strong>Level 2, 267 St Georges Terrace<br \/>\nPerth WA 6000<br \/>\nTelephone: 1300 288 664<br \/>\n<a href=\"https:\/\/investor.automic.com.au\/#\/home\">https:\/\/www.automicgroup.com.au\/<\/a><\/p>\n\n                  <\/div>\n                <\/div>\n                          <\/div>\n                      <\/div>\n\n  \n<\/div>    <\/div>\n  <\/div>\n  <\/section>","protected":false},"excerpt":{"rendered":"","protected":false},"author":2,"featured_media":0,"parent":0,"menu_order":0,"comment_status":"closed","ping_status":"closed","template":"","meta":[],"acf":[],"yoast_head":"<!-- This site is optimized with the Yoast SEO plugin v20.13 - https:\/\/yoast.com\/wordpress\/plugins\/seo\/ -->\n<title>R\u00e9pertoire institutionnel et gouvernance - VULCAN ENERGY RESOURCES<\/title>\n<meta name=\"description\" content=\"The Company is committed to complying with the highest standards of corporate governance to ensure that all of its business activities are ...\" \/>\n<meta name=\"robots\" content=\"index, follow, max-snippet:-1, max-image-preview:large, max-video-preview:-1\" \/>\n<link rel=\"canonical\" href=\"https:\/\/v-er.eu\/fr\/repertoire-institutionnel-et-gouvernance\/\" \/>\n<meta property=\"og:locale\" content=\"fr_FR\" \/>\n<meta property=\"og:type\" content=\"article\" \/>\n<meta property=\"og:title\" content=\"R\u00e9pertoire institutionnel et gouvernance - VULCAN ENERGY RESOURCES\" \/>\n<meta property=\"og:description\" content=\"The Company is committed to complying with the highest standards of corporate governance to ensure that all of its business activities are ...\" \/>\n<meta property=\"og:url\" content=\"https:\/\/v-er.eu\/fr\/repertoire-institutionnel-et-gouvernance\/\" \/>\n<meta property=\"og:site_name\" content=\"VULCAN ENERGY RESOURCES\" \/>\n<meta property=\"article:modified_time\" content=\"2025-05-27T13:25:05+00:00\" \/>\n<meta name=\"twitter:card\" content=\"summary_large_image\" \/>\n<script type=\"application\/ld+json\" class=\"yoast-schema-graph\">{\"@context\":\"https:\/\/schema.org\",\"@graph\":[{\"@type\":\"WebPage\",\"@id\":\"https:\/\/v-er.eu\/fr\/repertoire-institutionnel-et-gouvernance\/\",\"url\":\"https:\/\/v-er.eu\/fr\/repertoire-institutionnel-et-gouvernance\/\",\"name\":\"R\u00e9pertoire institutionnel et gouvernance - VULCAN ENERGY RESOURCES\",\"isPartOf\":{\"@id\":\"https:\/\/v-er.eu\/#website\"},\"datePublished\":\"2024-01-08T08:23:00+00:00\",\"dateModified\":\"2025-05-27T13:25:05+00:00\",\"description\":\"The Company is committed to complying with the highest standards of corporate governance to ensure that all of its business activities are ...\",\"breadcrumb\":{\"@id\":\"https:\/\/v-er.eu\/fr\/repertoire-institutionnel-et-gouvernance\/#breadcrumb\"},\"inLanguage\":\"fr-FR\",\"potentialAction\":[{\"@type\":\"ReadAction\",\"target\":[\"https:\/\/v-er.eu\/fr\/repertoire-institutionnel-et-gouvernance\/\"]}]},{\"@type\":\"BreadcrumbList\",\"@id\":\"https:\/\/v-er.eu\/fr\/repertoire-institutionnel-et-gouvernance\/#breadcrumb\",\"itemListElement\":[{\"@type\":\"ListItem\",\"position\":1,\"name\":\"Home\",\"item\":\"https:\/\/v-er.eu\/fr\/\"},{\"@type\":\"ListItem\",\"position\":2,\"name\":\"R\u00e9pertoire institutionnel et gouvernance\"}]},{\"@type\":\"WebSite\",\"@id\":\"https:\/\/v-er.eu\/#website\",\"url\":\"https:\/\/v-er.eu\/\",\"name\":\"VULCAN ENERGY RESOURCES\",\"description\":\"Vulcan\u2019s purpose is to empower a net zero carbon future, aiming to supply lithium chemicals and renewable energy from Europe, for Europe from its Zero Carbon Lithium\u2122 Project.\",\"potentialAction\":[{\"@type\":\"SearchAction\",\"target\":{\"@type\":\"EntryPoint\",\"urlTemplate\":\"https:\/\/v-er.eu\/?s={search_term_string}\"},\"query-input\":\"required name=search_term_string\"}],\"inLanguage\":\"fr-FR\"}]}<\/script>\n<!-- \/ Yoast SEO plugin. -->","yoast_head_json":{"title":"R\u00e9pertoire institutionnel et gouvernance - VULCAN ENERGY RESOURCES","description":"The Company is committed to complying with the highest standards of corporate governance to ensure that all of its business activities are ...","robots":{"index":"index","follow":"follow","max-snippet":"max-snippet:-1","max-image-preview":"max-image-preview:large","max-video-preview":"max-video-preview:-1"},"canonical":"https:\/\/v-er.eu\/fr\/repertoire-institutionnel-et-gouvernance\/","og_locale":"fr_FR","og_type":"article","og_title":"R\u00e9pertoire institutionnel et gouvernance - VULCAN ENERGY RESOURCES","og_description":"The Company is committed to complying with the highest standards of corporate governance to ensure that all of its business activities are ...","og_url":"https:\/\/v-er.eu\/fr\/repertoire-institutionnel-et-gouvernance\/","og_site_name":"VULCAN ENERGY RESOURCES","article_modified_time":"2025-05-27T13:25:05+00:00","twitter_card":"summary_large_image","schema":{"@context":"https:\/\/schema.org","@graph":[{"@type":"WebPage","@id":"https:\/\/v-er.eu\/fr\/repertoire-institutionnel-et-gouvernance\/","url":"https:\/\/v-er.eu\/fr\/repertoire-institutionnel-et-gouvernance\/","name":"R\u00e9pertoire institutionnel et gouvernance - VULCAN ENERGY RESOURCES","isPartOf":{"@id":"https:\/\/v-er.eu\/#website"},"datePublished":"2024-01-08T08:23:00+00:00","dateModified":"2025-05-27T13:25:05+00:00","description":"The Company is committed to complying with the highest standards of corporate governance to ensure that all of its business activities are ...","breadcrumb":{"@id":"https:\/\/v-er.eu\/fr\/repertoire-institutionnel-et-gouvernance\/#breadcrumb"},"inLanguage":"fr-FR","potentialAction":[{"@type":"ReadAction","target":["https:\/\/v-er.eu\/fr\/repertoire-institutionnel-et-gouvernance\/"]}]},{"@type":"BreadcrumbList","@id":"https:\/\/v-er.eu\/fr\/repertoire-institutionnel-et-gouvernance\/#breadcrumb","itemListElement":[{"@type":"ListItem","position":1,"name":"Home","item":"https:\/\/v-er.eu\/fr\/"},{"@type":"ListItem","position":2,"name":"R\u00e9pertoire institutionnel et gouvernance"}]},{"@type":"WebSite","@id":"https:\/\/v-er.eu\/#website","url":"https:\/\/v-er.eu\/","name":"VULCAN ENERGY RESOURCES","description":"Vulcan\u2019s purpose is to empower a net zero carbon future, aiming to supply lithium chemicals and renewable energy from Europe, for Europe from its Zero Carbon Lithium\u2122 Project.","potentialAction":[{"@type":"SearchAction","target":{"@type":"EntryPoint","urlTemplate":"https:\/\/v-er.eu\/?s={search_term_string}"},"query-input":"required name=search_term_string"}],"inLanguage":"fr-FR"}]}},"_links":{"self":[{"href":"https:\/\/v-er.eu\/fr\/wp-json\/wp\/v2\/pages\/14608"}],"collection":[{"href":"https:\/\/v-er.eu\/fr\/wp-json\/wp\/v2\/pages"}],"about":[{"href":"https:\/\/v-er.eu\/fr\/wp-json\/wp\/v2\/types\/page"}],"author":[{"embeddable":true,"href":"https:\/\/v-er.eu\/fr\/wp-json\/wp\/v2\/users\/2"}],"replies":[{"embeddable":true,"href":"https:\/\/v-er.eu\/fr\/wp-json\/wp\/v2\/comments?post=14608"}],"version-history":[{"count":23,"href":"https:\/\/v-er.eu\/fr\/wp-json\/wp\/v2\/pages\/14608\/revisions"}],"predecessor-version":[{"id":20896,"href":"https:\/\/v-er.eu\/fr\/wp-json\/wp\/v2\/pages\/14608\/revisions\/20896"}],"wp:attachment":[{"href":"https:\/\/v-er.eu\/fr\/wp-json\/wp\/v2\/media?parent=14608"}],"curies":[{"name":"wp","href":"https:\/\/api.w.org\/{rel}","templated":true}]}}