{"id":20479,"date":"2023-10-30T15:32:22","date_gmt":"2023-10-30T15:32:22","guid":{"rendered":"https:\/\/v-er.eu\/vulcan-labs\/"},"modified":"2025-06-02T10:39:37","modified_gmt":"2025-06-02T10:39:37","slug":"laboratoires-vulcan","status":"publish","type":"page","link":"https:\/\/v-er.eu\/fr\/laboratoires-vulcan\/","title":{"rendered":"Laboratoires Vulcan"},"content":{"rendered":"<section id=\"block_10b2c40079750714a935f13513ba64c3\" class=\"block__text-media-hero block relative -mt-14 block_margin\">\n\n  <div class=\"relative bg-[url(20480)] bg-cover bg-center bg-no-repeat\">\n\n          <div class=\"absolute inset-0\">\n        <figure class=\"m-0 h-full\">\n <div class=\"ratio no-ratio h-full\">     <img width=\"2560\" height=\"1708\" src=\"https:\/\/v-er.eu\/app\/uploads\/2023\/11\/Labor-Vulcan-Energie-Uli-Deck-20-scaled.jpg\" class=\"object-cover h-full w-full wp-image\" alt=\"\" decoding=\"async\" loading=\"eager\" srcset=\"https:\/\/v-er.eu\/app\/uploads\/2023\/11\/Labor-Vulcan-Energie-Uli-Deck-20-scaled.jpg 2560w, https:\/\/v-er.eu\/app\/uploads\/2023\/11\/Labor-Vulcan-Energie-Uli-Deck-20-300x200.jpg 300w, https:\/\/v-er.eu\/app\/uploads\/2023\/11\/Labor-Vulcan-Energie-Uli-Deck-20-1024x683.jpg 1024w, https:\/\/v-er.eu\/app\/uploads\/2023\/11\/Labor-Vulcan-Energie-Uli-Deck-20-768x512.jpg 768w, https:\/\/v-er.eu\/app\/uploads\/2023\/11\/Labor-Vulcan-Energie-Uli-Deck-20-1536x1025.jpg 1536w, https:\/\/v-er.eu\/app\/uploads\/2023\/11\/Labor-Vulcan-Energie-Uli-Deck-20-2048x1366.jpg 2048w\" sizes=\"(max-width: 2560px) 100vw, 2560px\" \/>\n <\/div> <\/figure>      <\/div>\n    \n    <div class=\"absolute inset-0 bg-gradient-to-l from-transparent to-primary\"><\/div>\n\n    <div class=\"relative container flex flex-col justify-between flex-wrap py-16 min-h-[28rem]\">\n\n      <div class=\"text-white mb-10\">\n                <div id=\"Breadcrumb\">\n            <nav aria-label=\"Breadcrumb\">\n                <ol class=\"flex items-center gap-1 text-sm\">\n                <li class=\"breadcrumb-item \">\n                    <a class=\"breadcrumb-home\" href=\"https:\/\/v-er.eu\/fr\/\">\n                        <svg\n    xmlns=\"http:\/\/www.w3.org\/2000\/svg\"\n    class=\"h-4 w-4\"\n    fill=\"none\"\n    viewBox=\"0 0 24 24\"\n    stroke=\"currentColor\"\n    height=\"24\"\n    width=\"24\"\n    >\n    <path\n    stroke-linecap=\"round\"\n    stroke-linejoin=\"round\"\n    stroke-width=\"2\"\n    d=\"M3 12l2-2m0 0l7-7 7 7M5 10v10a1 1 0 001 1h3m10-11l2 2m-2-2v10a1 1 0 01-1 1h-3m-6 0a1 1 0 001-1v-4a1 1 0 011-1h2a1 1 0 011 1v4a1 1 0 001 1m-6 0h6\"\n    \/>\n<\/svg>                    <\/a>\n                <\/li>\n                                                                                        <li class=\"breadcrumb-item flex items-center active\"  aria-current=\"page\">\n                                <span class=\"rotate-[270deg] inline-block\"> <svg xmlns=\"http:\/\/www.w3.org\/2000\/svg\"\nclass=\"h-4 w-4\"\nviewBox=\"0 0 20 20\"\nstroke=\"currentColor\"\nheight=\"24\"\nwidth=\"24\">\n    <path d=\"M9.293 12.95l.707.707L15.657 8l-1.414-1.414L10 10.828 5.757 6.586 4.343 8z\" \/>\n<\/svg> <\/span>\n                                <span class=\"inline-block\">Laboratoires Vulcan<\/span>\n                            <\/li>\n                                                                                    <\/ol>\n            <\/nav>\n        <\/div>      <\/div>\n\n      <div class=\"w-full ltr:sm:text-left rtl:sm:text-right\">\n                  <h2 >\n          <span class=\"PreHeadline block text-3xl hyphens-auto font-bold text-secondary font-highlight\">Am\u00e9lioration et optimisation<\/span>\n              <span class=\"Headline block hyphens-auto text-white\">Laboratoire de <strong>Vulcan.<\/strong><\/span>\n      <\/h2>\n        \n        \n        <div class=\"max-w-md text-white\">\n          <p>L\u2019approche de Vulcan a \u00e9t\u00e9 de proc\u00e9der initialement \u00e0 des tests et des validations pour confirmer la faisabilit\u00e9 technique et \u00e9conomique du projet. Vulcan produit \u00a0d\u2019ores et d\u00e9j\u00e0 de la chaleur g\u00e9othermale et du du lithium \u00e0 une \u00e9chelle pilote et d&#8217;optimisation. Pour extraire le lithium de cette saumure g\u00e9othermique chaude, Vulcan utilise une technologie A-DLE commercialement prouv\u00e9e.<\/p>\n\n        <\/div>\n \n              <\/div>\n    <\/div>\n  <\/div>\n\n  <div class=\"absolute bottom-0 w-full\">\n    <div>\n  <svg height=\"20\" width=\"100\" class=\"h-8 md:h-12 lg:h-20 w-full  text-white relative z-10\" viewBox=\"0 0 10 10\" preserveAspectRatio=\"none\">\n  <polygon fill=\"currentColor\" points=\"0 10 10 0 10 10\"><\/polygon>\n  <\/svg>\n<\/div>  <\/div>\n\n<\/section>\n\n\n\n<section id=\"block_46bbdf4bea75aa73510b4dbc9c480098\" class=\"block__text-media block overflow-x-clip block_margin\">\n    <div class=\"bg-none \">\n    <div class=\"container\">\n      <div class=\"row gap-y-10\">\n        <div class=\"col-12 flex items-center lg:col-7 xl:col-6\">\n          <div class=\"w-full\">\n            <div class=\"mx-auto lg:mx-0 col-12 md:col-10 lg:col-11\">\n                              <h2 >\n          <span class=\"PreHeadline block text-3xl hyphens-auto font-bold font-highlight text-secondary\">La recherche et la r\u00e9alisation de projets vont de pair.<\/span>\n              <span class=\"Headline block hyphens-auto text-primary\">Recherche et<strong>\u00a0d\u00e9veloppement.<\/strong><\/span>\n      <\/h2>\n                            <div class=\"mx-auto lg:mx-0 \">\n                <div class=\"text-default\">\n                  <p class=\"mb-last-item\">La recherche et le d\u00e9veloppement sont fermement ancr\u00e9s dans l\u2019ADN de Vulcan. L\u2019\u00e9quipe de recherche est compos\u00e9e de plus de ~30 experts d\u00e9di\u00e9s. L\u2019\u00e9quipe du laboratoire de recherche de Vulcan poss\u00e8de non seulement une expertise scientifique, mais aussi une expertise approfondie en analytique, en science et en ing\u00e9nierie.<\/p>\n<p class=\"mb-last-item\">La principale mission de l&#8217;\u00e9quipe est de r\u00e9aliser des exp\u00e9riences en laboratoire sur les \u00e9tapes de notre processus de de coproduction lithiuim et \u00e9nergie renouvelable.<\/p>\n<p class=\"mb-last-item\">Les objectifs principaux sont d&#8217;acqu\u00e9rir une connaissance approfondie et bien \u00e9tay\u00e9e de chaque \u00e9tape, d&#8217;optimiser rapidement les processus et de r\u00e9soudre tout \u00e9ventuel probl\u00e8me avant qu&#8217;il ne survienne.<\/p>\n\n                <\/div>\n                                  <div class=\"mt-8\">\n          <a class=\"btn btn-primary sm:me-3 mb-3 sm:mb-0 mb-last-item  mb-last-item\" href=\"https:\/\/v-er.eu\/dle\/\">\n  A-DLE\n<\/a>              <a class=\"btn btn-secondary  mb-last-item\" href=\"https:\/\/v-er.eu\/in-house-sorbent-vulsorb\/\">\n  VULSORB\u00ae\n<\/a>      <\/div>\n                              <\/div>\n            <\/div>\n          <\/div>\n        <\/div>\n                  <div class=\"col-12 justify-center lg:col-5 xl:col-6 flex items-center lg:order-last\">\n            <div class=\"relative w-full z-0\">\n      \n    \n    <img decoding=\"async\" class=\"md:block absolute z-[-1] top-8 -right-8 scale-75 xl:scale-90 2xl:scale-100 pointer-events-none\" src=\"https:\/\/v-er.eu\/app\/themes\/vulcan\/public\/images\/icons\/pattern-dots-grid-1.20f1c2.svg\" alt=\"\">\n    <img decoding=\"async\" class=\"md:block absolute z-[-1] bottom-10 -left-12 scale-75 xl:scale-90 2xl:scale-100 pointer-events-none\" src=\"https:\/\/v-er.eu\/app\/themes\/vulcan\/public\/images\/icons\/pattern-dots-grid-2.112ab7.svg\" alt=\"\">\n          <div class=\"absolute inset-0 overflow-hidden rounded-2xl\">\n        <img decoding=\"async\" class=\"md:block absolute z-10 bottom-0 right-0 scale-100 pointer-events-none\" src=\"https:\/\/v-er.eu\/app\/themes\/vulcan\/public\/images\/icons\/pattern-secondary-bottom-1.b4ee56.svg\" alt=\"\">\n      <\/div>\n        <figure class=\"m-0 w-full\">\n <div class=\"ratio ratio-5x3\">     <img width=\"750\" height=\"500\" src=\"https:\/\/v-er.eu\/app\/uploads\/2023\/11\/Website-in-the-news-3-750x500-1.png\" class=\"object-cover rounded-2xl  wp-image\" alt=\"Vulcan laboratory\" decoding=\"async\" loading=\"lazy\" srcset=\"https:\/\/v-er.eu\/app\/uploads\/2023\/11\/Website-in-the-news-3-750x500-1.png 750w, https:\/\/v-er.eu\/app\/uploads\/2023\/11\/Website-in-the-news-3-750x500-1-300x200.png 300w\" sizes=\"(max-width: 750px) 100vw, 750px\" \/>\n <\/div> <\/figure>\n<\/div>          <\/div>\n              <\/div>\n    <\/div>\n  <\/div>\n  <\/section>\n\n<section id=\"block_cef32db312c2d51a966c9bb8e4a50c42\" class=\"block__text-only block block_margin\">\n      <div>\n  <svg height=\"20\" width=\"100\" class=\"h-8 md:h-12 lg:h-20 w-full  text-gray-50\" viewBox=\"0 0 10 10\" preserveAspectRatio=\"none\">\n  <polygon fill=\"currentColor\" points=\"0 10 10 0 10 10\"><\/polygon>\n  <\/svg>\n<\/div>    <div class=\"bg-gray-50 pt-12 lg:pt-20 pb-20\">\n    <div class=\"container\">\n      <div class=\"block\">\n  <h2 >\n          <span class=\"PreHeadline block text-3xl hyphens-auto font-bold text-secondary font-highlight\">Notre objectif<\/span>\n              <span class=\"Headline block hyphens-auto text-primary\">D\u00e9veloppement <strong>continu.<\/strong><\/span>\n      <\/h2>\n\n  \n  <div x-data=\"{ expanded: false }\">\n            <div class=\"row\" >\n                              <div class=\"col-12 md:col-6 space-y-6\">\n                                    <div>\n                    <p class=\"mb-last-item\"><strong>Optimisation du DLE<\/strong><\/p>\n<p class=\"mb-last-item\">D\u00e9veloppement de nouveaux sorbants et synth\u00e8se de VULSORB\u00ae<\/p>\n<p class=\"mb-last-item\">R\u00e9alisation d\u2019analyses chimiques par voie humide et d\u2019analyses de solides \u00e0 l\u2019aide de m\u00e9thodes analytiques modernes :<\/p>\n<ul>\n<li>Spectroscopie d\u2019\u00e9mission atomique avec plasma \u00e0 couplage inductif (ICP-OES)<\/li>\n<li>Chromatographie ionique (CI)<\/li>\n<li>Titreur<\/li>\n<li>Photom\u00e8tre<\/li>\n<li>Analyseur de taille de particules<\/li>\n<li>Diffraction des rayons X (XRD)<\/li>\n<\/ul>\n<p class=\"mb-last-item\">&nbsp;<\/p>\n<p class=\"mb-last-item\">&nbsp;<\/p>\n\n                  <\/div>\n                <\/div>\n                              <div class=\"col-12 md:col-6 space-y-6\">\n                                    <div>\n                    <p class=\"mb-last-item\"><strong>\u00a0Analyse et traitement des donn\u00e9es<\/strong><\/p>\n<ul>\n<li>D\u00e9veloppement de bases de donn\u00e9es internes pour l\u2019enregistrement automatis\u00e9 et structur\u00e9 de toutes les donn\u00e9es de mesure<\/li>\n<li>M\u00e9thodes Big Data pour analyser les donn\u00e9es et identifier les tendances et les mod\u00e8les<\/li>\n<li>Mod\u00e8les pr\u00e9dictifs et algorithmes d\u2019apprentissage automatique<\/li>\n<\/ul>\n\n                  <\/div>\n                <\/div>\n                          <\/div>\n                      <\/div>\n\n  \n<\/div>    <\/div>\n  <\/div>\n      <div>\n  <svg height=\"20\" width=\"100\" class=\"h-8 md:h-12 lg:h-20 w-full rotate-180 text-gray-50\" viewBox=\"0 0 10 10\" preserveAspectRatio=\"none\">\n  <polygon fill=\"currentColor\" points=\"0 10 10 0 10 10\"><\/polygon>\n  <\/svg>\n<\/div>  <\/section>","protected":false},"excerpt":{"rendered":"","protected":false},"author":5,"featured_media":0,"parent":0,"menu_order":0,"comment_status":"closed","ping_status":"closed","template":"","meta":[],"acf":[],"yoast_head":"<!-- This site is optimized with the Yoast SEO plugin v20.13 - https:\/\/yoast.com\/wordpress\/plugins\/seo\/ -->\n<title>Laboratoires Vulcan - VULCAN ENERGY RESOURCES<\/title>\n<meta name=\"description\" content=\"Research and development is well embedded in Vulcan\u2019s DNA. The research team in the Vulcan Labs consists of 30 experts. ...\" \/>\n<meta name=\"robots\" content=\"index, follow, max-snippet:-1, max-image-preview:large, max-video-preview:-1\" \/>\n<link rel=\"canonical\" href=\"https:\/\/v-er.eu\/fr\/laboratoires-vulcan\/\" \/>\n<meta property=\"og:locale\" content=\"fr_FR\" \/>\n<meta property=\"og:type\" content=\"article\" \/>\n<meta property=\"og:title\" content=\"Laboratoires Vulcan - VULCAN ENERGY RESOURCES\" \/>\n<meta property=\"og:description\" content=\"Research and development is well embedded in Vulcan\u2019s DNA. The research team in the Vulcan Labs consists of 30 experts. ...\" \/>\n<meta property=\"og:url\" content=\"https:\/\/v-er.eu\/fr\/laboratoires-vulcan\/\" \/>\n<meta property=\"og:site_name\" content=\"VULCAN ENERGY RESOURCES\" \/>\n<meta property=\"article:modified_time\" content=\"2025-06-02T10:39:37+00:00\" \/>\n<meta name=\"twitter:card\" content=\"summary_large_image\" \/>\n<script type=\"application\/ld+json\" class=\"yoast-schema-graph\">{\"@context\":\"https:\/\/schema.org\",\"@graph\":[{\"@type\":\"WebPage\",\"@id\":\"https:\/\/v-er.eu\/fr\/laboratoires-vulcan\/\",\"url\":\"https:\/\/v-er.eu\/fr\/laboratoires-vulcan\/\",\"name\":\"Laboratoires Vulcan - VULCAN ENERGY RESOURCES\",\"isPartOf\":{\"@id\":\"https:\/\/v-er.eu\/#website\"},\"datePublished\":\"2023-10-30T15:32:22+00:00\",\"dateModified\":\"2025-06-02T10:39:37+00:00\",\"description\":\"Research and development is well embedded in Vulcan\u2019s DNA. The research team in the Vulcan Labs consists of 30 experts. ...\",\"breadcrumb\":{\"@id\":\"https:\/\/v-er.eu\/fr\/laboratoires-vulcan\/#breadcrumb\"},\"inLanguage\":\"fr-FR\",\"potentialAction\":[{\"@type\":\"ReadAction\",\"target\":[\"https:\/\/v-er.eu\/fr\/laboratoires-vulcan\/\"]}]},{\"@type\":\"BreadcrumbList\",\"@id\":\"https:\/\/v-er.eu\/fr\/laboratoires-vulcan\/#breadcrumb\",\"itemListElement\":[{\"@type\":\"ListItem\",\"position\":1,\"name\":\"Home\",\"item\":\"https:\/\/v-er.eu\/fr\/\"},{\"@type\":\"ListItem\",\"position\":2,\"name\":\"Laboratoires Vulcan\"}]},{\"@type\":\"WebSite\",\"@id\":\"https:\/\/v-er.eu\/#website\",\"url\":\"https:\/\/v-er.eu\/\",\"name\":\"VULCAN ENERGY RESOURCES\",\"description\":\"Vulcan\u2019s purpose is to empower a net zero carbon future, aiming to supply lithium chemicals and renewable energy from Europe, for Europe from its Zero Carbon Lithium\u2122 Project.\",\"potentialAction\":[{\"@type\":\"SearchAction\",\"target\":{\"@type\":\"EntryPoint\",\"urlTemplate\":\"https:\/\/v-er.eu\/?s={search_term_string}\"},\"query-input\":\"required name=search_term_string\"}],\"inLanguage\":\"fr-FR\"}]}<\/script>\n<!-- \/ Yoast SEO plugin. -->","yoast_head_json":{"title":"Laboratoires Vulcan - VULCAN ENERGY RESOURCES","description":"Research and development is well embedded in Vulcan\u2019s DNA. The research team in the Vulcan Labs consists of 30 experts. ...","robots":{"index":"index","follow":"follow","max-snippet":"max-snippet:-1","max-image-preview":"max-image-preview:large","max-video-preview":"max-video-preview:-1"},"canonical":"https:\/\/v-er.eu\/fr\/laboratoires-vulcan\/","og_locale":"fr_FR","og_type":"article","og_title":"Laboratoires Vulcan - VULCAN ENERGY RESOURCES","og_description":"Research and development is well embedded in Vulcan\u2019s DNA. The research team in the Vulcan Labs consists of 30 experts. ...","og_url":"https:\/\/v-er.eu\/fr\/laboratoires-vulcan\/","og_site_name":"VULCAN ENERGY RESOURCES","article_modified_time":"2025-06-02T10:39:37+00:00","twitter_card":"summary_large_image","schema":{"@context":"https:\/\/schema.org","@graph":[{"@type":"WebPage","@id":"https:\/\/v-er.eu\/fr\/laboratoires-vulcan\/","url":"https:\/\/v-er.eu\/fr\/laboratoires-vulcan\/","name":"Laboratoires Vulcan - VULCAN ENERGY RESOURCES","isPartOf":{"@id":"https:\/\/v-er.eu\/#website"},"datePublished":"2023-10-30T15:32:22+00:00","dateModified":"2025-06-02T10:39:37+00:00","description":"Research and development is well embedded in Vulcan\u2019s DNA. The research team in the Vulcan Labs consists of 30 experts. ...","breadcrumb":{"@id":"https:\/\/v-er.eu\/fr\/laboratoires-vulcan\/#breadcrumb"},"inLanguage":"fr-FR","potentialAction":[{"@type":"ReadAction","target":["https:\/\/v-er.eu\/fr\/laboratoires-vulcan\/"]}]},{"@type":"BreadcrumbList","@id":"https:\/\/v-er.eu\/fr\/laboratoires-vulcan\/#breadcrumb","itemListElement":[{"@type":"ListItem","position":1,"name":"Home","item":"https:\/\/v-er.eu\/fr\/"},{"@type":"ListItem","position":2,"name":"Laboratoires Vulcan"}]},{"@type":"WebSite","@id":"https:\/\/v-er.eu\/#website","url":"https:\/\/v-er.eu\/","name":"VULCAN ENERGY RESOURCES","description":"Vulcan\u2019s purpose is to empower a net zero carbon future, aiming to supply lithium chemicals and renewable energy from Europe, for Europe from its Zero Carbon Lithium\u2122 Project.","potentialAction":[{"@type":"SearchAction","target":{"@type":"EntryPoint","urlTemplate":"https:\/\/v-er.eu\/?s={search_term_string}"},"query-input":"required name=search_term_string"}],"inLanguage":"fr-FR"}]}},"_links":{"self":[{"href":"https:\/\/v-er.eu\/fr\/wp-json\/wp\/v2\/pages\/20479"}],"collection":[{"href":"https:\/\/v-er.eu\/fr\/wp-json\/wp\/v2\/pages"}],"about":[{"href":"https:\/\/v-er.eu\/fr\/wp-json\/wp\/v2\/types\/page"}],"author":[{"embeddable":true,"href":"https:\/\/v-er.eu\/fr\/wp-json\/wp\/v2\/users\/5"}],"replies":[{"embeddable":true,"href":"https:\/\/v-er.eu\/fr\/wp-json\/wp\/v2\/comments?post=20479"}],"version-history":[{"count":11,"href":"https:\/\/v-er.eu\/fr\/wp-json\/wp\/v2\/pages\/20479\/revisions"}],"predecessor-version":[{"id":20939,"href":"https:\/\/v-er.eu\/fr\/wp-json\/wp\/v2\/pages\/20479\/revisions\/20939"}],"wp:attachment":[{"href":"https:\/\/v-er.eu\/fr\/wp-json\/wp\/v2\/media?parent=20479"}],"curies":[{"name":"wp","href":"https:\/\/api.w.org\/{rel}","templated":true}]}}