{"id":21046,"date":"2024-10-24T07:01:32","date_gmt":"2024-10-24T07:01:32","guid":{"rendered":"https:\/\/v-er.eu\/sustainable-financing\/"},"modified":"2025-06-06T09:59:48","modified_gmt":"2025-06-06T09:59:48","slug":"financement-durable","status":"publish","type":"page","link":"https:\/\/v-er.eu\/fr\/financement-durable\/","title":{"rendered":"Financement durable"},"content":{"rendered":"<section id=\"block_f06f582e7ead80883790237f20cb433a\" class=\"block__text-media-hero block relative -mt-14 block_margin\">\n\n  <div class=\"relative bg-[url(14226)] bg-cover bg-center bg-no-repeat\">\n\n          <div class=\"absolute inset-0\">\n        <figure class=\"m-0 h-full\">\n <div class=\"ratio no-ratio h-full\">     <img width=\"2560\" height=\"1696\" src=\"https:\/\/v-er.eu\/app\/uploads\/2023\/11\/AdobeStock_163963306-scaled.jpeg\" class=\"object-cover h-full w-full wp-image\" alt=\"\" decoding=\"async\" loading=\"eager\" srcset=\"https:\/\/v-er.eu\/app\/uploads\/2023\/11\/AdobeStock_163963306-scaled.jpeg 2560w, https:\/\/v-er.eu\/app\/uploads\/2023\/11\/AdobeStock_163963306-300x199.jpeg 300w, https:\/\/v-er.eu\/app\/uploads\/2023\/11\/AdobeStock_163963306-1024x678.jpeg 1024w, https:\/\/v-er.eu\/app\/uploads\/2023\/11\/AdobeStock_163963306-768x509.jpeg 768w, https:\/\/v-er.eu\/app\/uploads\/2023\/11\/AdobeStock_163963306-1536x1017.jpeg 1536w, https:\/\/v-er.eu\/app\/uploads\/2023\/11\/AdobeStock_163963306-2048x1356.jpeg 2048w\" sizes=\"(max-width: 2560px) 100vw, 2560px\" \/>\n <\/div> <\/figure>      <\/div>\n    \n    <div class=\"absolute inset-0 bg-gradient-to-l from-transparent to-primary\"><\/div>\n\n    <div class=\"relative container flex flex-col justify-between flex-wrap py-16 min-h-[28rem]\">\n\n      <div class=\"text-white mb-10\">\n                <div id=\"Breadcrumb\">\n            <nav aria-label=\"Breadcrumb\">\n                <ol class=\"flex items-center gap-1 text-sm\">\n                <li class=\"breadcrumb-item \">\n                    <a class=\"breadcrumb-home\" href=\"https:\/\/v-er.eu\/fr\/\">\n                        <svg\n    xmlns=\"http:\/\/www.w3.org\/2000\/svg\"\n    class=\"h-4 w-4\"\n    fill=\"none\"\n    viewBox=\"0 0 24 24\"\n    stroke=\"currentColor\"\n    height=\"24\"\n    width=\"24\"\n    >\n    <path\n    stroke-linecap=\"round\"\n    stroke-linejoin=\"round\"\n    stroke-width=\"2\"\n    d=\"M3 12l2-2m0 0l7-7 7 7M5 10v10a1 1 0 001 1h3m10-11l2 2m-2-2v10a1 1 0 01-1 1h-3m-6 0a1 1 0 001-1v-4a1 1 0 011-1h2a1 1 0 011 1v4a1 1 0 001 1m-6 0h6\"\n    \/>\n<\/svg>                    <\/a>\n                <\/li>\n                                                                                        <li class=\"breadcrumb-item flex items-center active\"  aria-current=\"page\">\n                                <span class=\"rotate-[270deg] inline-block\"> <svg xmlns=\"http:\/\/www.w3.org\/2000\/svg\"\nclass=\"h-4 w-4\"\nviewBox=\"0 0 20 20\"\nstroke=\"currentColor\"\nheight=\"24\"\nwidth=\"24\">\n    <path d=\"M9.293 12.95l.707.707L15.657 8l-1.414-1.414L10 10.828 5.757 6.586 4.343 8z\" \/>\n<\/svg> <\/span>\n                                <span class=\"inline-block\">Financement durable<\/span>\n                            <\/li>\n                                                                                    <\/ol>\n            <\/nav>\n        <\/div>      <\/div>\n\n      <div class=\"w-full ltr:sm:text-left rtl:sm:text-right\">\n                  <h2 >\n          <span class=\"PreHeadline block text-3xl hyphens-auto font-bold text-secondary font-highlight\">Notation la plus \u00e9lev\u00e9e \u00ab Vert Fonc\u00e9e \u00bb pour un projet dans la production de m\u00e9taux<\/span>\n              <span class=\"Headline block hyphens-auto text-white\">Financement<strong> durable.<\/strong><\/span>\n      <\/h2>\n        \n        \n        <div class=\"max-w-md text-white\">\n          <p>Le projet int\u00e9gr\u00e9 de Vulcan, alliant lithium durable et \u00e9nergie renouvelable, consiste \u00e0 coproduire de l\u2019\u00e9nergie renouvelable et du lithium de qualit\u00e9 batterie en recourant \u00e0 des m\u00e9thodes de production et de traitement \u00e0 faible impact environnemental, comparativement aux m\u00e9thodes traditionnelles.<\/p>\n\n        <\/div>\n \n              <\/div>\n    <\/div>\n  <\/div>\n\n  <div class=\"absolute bottom-0 w-full\">\n    <div>\n  <svg height=\"20\" width=\"100\" class=\"h-8 md:h-12 lg:h-20 w-full  text-white relative z-10\" viewBox=\"0 0 10 10\" preserveAspectRatio=\"none\">\n  <polygon fill=\"currentColor\" points=\"0 10 10 0 10 10\"><\/polygon>\n  <\/svg>\n<\/div>  <\/div>\n\n<\/section>\n\n\n\n<section id=\"block_193093f82330fc240e3b8bc9230372a1\" class=\"block__text-media block overflow-x-clip block_margin\">\n    <div class=\"bg-none \">\n    <div class=\"container\">\n      <div class=\"row gap-y-10\">\n        <div class=\"col-12 flex items-center lg:col-7 xl:col-6\">\n          <div class=\"w-full flex flex-col flex-nowrap items-end\">\n            <div class=\"mx-auto lg:mx-0 col-12 md:col-10 lg:col-11\">\n                              <h2 >\n          <span class=\"PreHeadline block text-3xl hyphens-auto font-bold font-highlight text-secondary\">Projet Lionheart \u2013 Phase Une de Vulcan<\/span>\n              <span class=\"Headline block hyphens-auto text-primary\">Financement <strong>vert.<\/strong><\/span>\n      <\/h2>\n                            <div class=\"mx-auto lg:mx-0 \">\n                <div class=\"text-default\">\n                  <p class=\"mb-last-item\">Le projet de Vulcan vise \u00e0 produire \u00e0 la fois de l\u2019\u00e9nergie g\u00e9othermique renouvelable, destin\u00e9e \u00e0 l\u2019approvisionnement des communaut\u00e9s locales, et de l\u2019hydroxyde de lithium pour batteries de v\u00e9hicules \u00e9lectriques, \u00e0 partir d\u2019une seule et m\u00eame source de saumure profonde situ\u00e9e dans la Vall\u00e9e du Rhin sup\u00e9rieur.<\/p>\n<p class=\"mb-last-item\">Le projet Lionheart \u2013 Phase Une pr\u00e9voit une production annuelle de 24 000 tonnes d\u2019hydroxyde de lithium de qualit\u00e9 batterie, soit l\u2019\u00e9quivalent de l\u2019approvisionnement pour environ 500 000 v\u00e9hicules \u00e9lectriques par an. Le projet permettra \u00e9galement de g\u00e9n\u00e9rer jusqu\u2019\u00e0 deux 275 GWh d\u2019\u00e9lectricit\u00e9 renouvelable et jusqu\u2019\u00e0 560 GWh de chaleur par an.<\/p>\n<p class=\"mb-last-item\">Le financement de Vulcan est structur\u00e9 de mani\u00e8re \u00e0 \u00eatre labellis\u00e9 &#8220;vert&#8221;, conform\u00e9ment aux Green Loan Principles de la Loan Market Association et aux principes de financement vert de l\u2019ICMA (International Capital Market Association).<\/p>\n\n                <\/div>\n                              <\/div>\n            <\/div>\n          <\/div>\n        <\/div>\n                  <div class=\"col-12 justify-center lg:col-5 xl:col-6 flex items-center lg:order-first\">\n            <div class=\"relative w-full z-0\">\n      \n    \n    <img decoding=\"async\" class=\"md:block absolute z-[-1] top-8 -right-8 scale-75 xl:scale-90 2xl:scale-100 pointer-events-none\" src=\"https:\/\/v-er.eu\/app\/themes\/vulcan\/public\/images\/icons\/pattern-dots-grid-1.20f1c2.svg\" alt=\"\">\n    <img decoding=\"async\" class=\"md:block absolute z-[-1] bottom-10 -left-12 scale-75 xl:scale-90 2xl:scale-100 pointer-events-none\" src=\"https:\/\/v-er.eu\/app\/themes\/vulcan\/public\/images\/icons\/pattern-dots-grid-2.112ab7.svg\" alt=\"\">\n          <div class=\"absolute inset-0 overflow-hidden rounded-2xl\">\n        <img decoding=\"async\" class=\"md:block absolute z-10 bottom-0 right-0 scale-100 pointer-events-none\" src=\"https:\/\/v-er.eu\/app\/themes\/vulcan\/public\/images\/icons\/pattern-secondary-bottom-1.b4ee56.svg\" alt=\"\">\n      <\/div>\n        <figure class=\"m-0 w-full\">\n <div class=\"ratio ratio-5x3\">     <img width=\"774\" height=\"643\" src=\"https:\/\/v-er.eu\/app\/uploads\/2024\/10\/image-1.png\" class=\"object-cover rounded-2xl  wp-image\" alt=\"\" decoding=\"async\" loading=\"lazy\" srcset=\"https:\/\/v-er.eu\/app\/uploads\/2024\/10\/image-1.png 774w, https:\/\/v-er.eu\/app\/uploads\/2024\/10\/image-1-300x249.png 300w, https:\/\/v-er.eu\/app\/uploads\/2024\/10\/image-1-768x638.png 768w\" sizes=\"(max-width: 774px) 100vw, 774px\" \/>\n <\/div> <\/figure>\n<\/div>          <\/div>\n              <\/div>\n    <\/div>\n  <\/div>\n  <\/section>\n\n<section id=\"block_113aa5f8a88998de6862e29b4e8231ec\" class=\"block__partners block overflow-x-hidden block_margin\">\n    <div class=\"bg-none \">\n    <div class=\"container\">\n      <div class=\"block\">\n  <h2 >\n          <span class=\"PreHeadline block text-3xl hyphens-auto font-bold text-secondary font-highlight\"><\/span>\n              <span class=\"Headline block hyphens-auto text-primary\">Cadre de Financement <strong>Vert.<\/strong><\/span>\n      <\/h2>\n\n      <div class=\"block\">\n      <p class=\"mb-last-item\">Pour r\u00e9ussir pleinement ses engagements en mati\u00e8re de durabilit\u00e9 et ses objectifs de financement, Vulcan \u2013 en collaboration avec Natixis CIB, coordinateur ESG \u2013 a d\u00e9velopp\u00e9 et publi\u00e9 son Cadre de Financement Vert en octobre 2024.<\/p>\n<p class=\"mb-last-item\">Ce cadre renforce la position de Vulcan en tant qu\u2019acteur majeur du march\u00e9 de l\u2019\u00e9nergie verte. Face \u00e0 une forte demande des investisseurs et pr\u00eateurs pour des financements labellis\u00e9s verts, il permet \u00e0 Vulcan de mieux communiquer sur ses objectifs environnementaux. Cela inclut la gestion des risques mat\u00e9riels li\u00e9s au projet ainsi que l\u2019accompagnement dans les exigences de reporting, conform\u00e9ment aux Principes des pr\u00eats verts de la Loan Market Association (LMA).<\/p>\n<p class=\"mb-last-item\">Le Cadre a \u00e9t\u00e9 \u00e9valu\u00e9 par l\u2019agence de notation ind\u00e9pendante de premier plan, S&amp;P Global Ratings, qui lui a attribu\u00e9 une note \u00ab Vert Fonc\u00e9e \u00bb, la plus \u00e9lev\u00e9e jamais obtenue par une entreprise du secteur M\u00e9taux et Mines \u00e0 l\u2019\u00e9chelle mondiale. Vulcan a \u00e9galement re\u00e7u cette note dans les cat\u00e9gories Projets Enabling Vert et \u00c9nergies Renouvelables.<\/p>\n<p class=\"mb-last-item\">L\u2019avis de seconde partie (SPO) de S&amp;P Global \u00e9value la conformit\u00e9 du Cadre avec les principes de finance durable publi\u00e9s par des tiers, notamment les Principes des Green Bonds et le guide des Green Enabling Projects de l\u2019International Capital Market Association (ICMA), ainsi que les Principes des pr\u00eats verts de la LMA. La m\u00e9thodologie \u00ab Shades of Green \u00bb de S&amp;P Global Ratings comprend six nuances attribuables aux activit\u00e9s, la note \u00ab Vert Fonc\u00e9e \u00bb \u00e9tant r\u00e9serv\u00e9e aux activit\u00e9s qui correspondent \u00e0 la vision \u00e0 long terme d\u2019un avenir r\u00e9silient au changement climatique et bas carbone.<\/p>\n<p class=\"mb-last-item\"><a href=\"https:\/\/v-er.eu\/app\/uploads\/2024\/11\/Vulcan-Energy-Green-Financing-Framework.pdf\" target=\"_blank\" rel=\"noopener\">Cadre de Financement Vert<\/a><\/p>\n<p class=\"mb-last-item\"><a href=\"https:\/\/v-er.eu\/app\/uploads\/2024\/10\/FINAL_Vulcan-Energy-Resources-UOP-SPO-Report.pdf\" target=\"_blank\" rel=\"noopener\">Avis de Seconde Partie (SPO) de S&amp;P Global Ratings<\/a><\/p>\n    <\/div>\n  \n  <div class=\"relative\"\n  x-data=\"getSwiper({&quot;loop&quot;:true,&quot;allowTouchMove&quot;:false,&quot;autoplay&quot;:{&quot;delay&quot;:2500,&quot;disableOnInteraction&quot;:false}})\"\n  x-init=\"initSwiper(breakpoints.none)\"\n  x-on:resize.window=\"initSwiper(breakpoints.none)\">\n\n  <div class=\"swiper overflow-unset\" x-ref=\"container\">\n    <div class=\"swiper-wrapper row flex-nowrap\">\n      <div class=\"swiper-slide col-4 md:col-3 mt-14\">\n                <figure class=\"m-0 w-full\">\n <div class=\"no-ratio\">     \n <\/div> <figcaption\n    class=\"text-muted text-end mt-1\">\n<\/figcaption>\n<\/figure>              <\/div>\n    <\/div>\n  <\/div>\n<\/div>\n\n  \n<\/div>    <\/div>\n  <\/div>\n  <\/section>\n\n<section id=\"block_678fd85275d2d33e9006b9df19b2e48c\" class=\"block__testimonial_quote block relative block_margin\">\n      <div>\n  <svg height=\"20\" width=\"100\" class=\"h-8 md:h-12 lg:h-20 w-full  text-primary\" viewBox=\"0 0 10 10\" preserveAspectRatio=\"none\">\n  <polygon fill=\"currentColor\" points=\"0 10 10 0 10 10\"><\/polygon>\n  <\/svg>\n<\/div>        <div class=\"bg-primary pt-12 lg:pt-20 pb-20\">\n    <div class=\"container relative py-12\">\n      <div class=\"row\">\n        <div class=\"col-12 md:col-10 md:offset-1\">\n          <div class=\"row\">\n            <div class=\"col-2 flex justify-end -mt-6\">\n              <svg width=\"89\" height=\"73\" class=\"h-20 rotate-180 fill-white viewBox=\"0 0 24 24\" fill=\"none\" xmlns=\"http:\/\/www.w3.org\/2000\/svg\">\n  <path d=\"M35.1765 72.8341H0V32.8879C0 24.9384 2.98106 17.5851 8.94319 10.828C14.9053 4.26965 23.6498 0.891113 35.1765 0.891113V18.1813C28.2207 19.9699 23.8485 21.7586 22.0599 23.7459C20.2712 25.7333 19.2775 30.3043 19.2775 37.4588H34.9778V72.8341H35.1765ZM88.6369 72.8341H54.0566V32.8879C54.0566 24.7396 57.0377 17.3863 62.8011 10.828C68.7632 4.26965 77.3089 0.891113 88.6369 0.891113V18.1813C81.8799 19.9699 77.7064 21.7586 76.1165 23.7459C74.3278 25.7333 73.5329 30.3043 73.5329 37.4588H88.8357V72.8341H88.6369Z\"\/>\n<\/svg>\n            <\/div>\n            <div class=\"col-10\">\n              <div class=\"italic mb-4 text-white\">\n                <p class=\"text-2xl xl:leading-10 mb-last-item\">\u00ab En attribuant \u00e0 Vulcan une note \u201cVert fonc\u00e9e\u201d et cela dans plusieurs cat\u00e9gories \u2013 S&amp;P Global a confirm\u00e9 nos r\u00e9f\u00e9rences en mati\u00e8re de durabilit\u00e9 et que le projet port\u00e9 par Vulcan aura un impact environnemental positif. \u00bb<\/p>\n\n              <\/div>\n              <div class=\"border-t-4 border-white\">\n                <div class=\"flex pt-6 items-center gap-4\">\n                  <div class=\"rounded-full overflow-hidden h-14 w-14\">\n                    <figure class=\"m-0 w-full\">\n <div class=\"no-ratio\">     <img width=\"2560\" height=\"1839\" src=\"https:\/\/v-er.eu\/app\/uploads\/2024\/11\/UD5_5843-scaled.jpg\" class=\"h-14 object-cover wp-image\" alt=\"\" decoding=\"async\" loading=\"lazy\" srcset=\"https:\/\/v-er.eu\/app\/uploads\/2024\/11\/UD5_5843-scaled.jpg 2560w, https:\/\/v-er.eu\/app\/uploads\/2024\/11\/UD5_5843-300x216.jpg 300w, https:\/\/v-er.eu\/app\/uploads\/2024\/11\/UD5_5843-1024x736.jpg 1024w, https:\/\/v-er.eu\/app\/uploads\/2024\/11\/UD5_5843-768x552.jpg 768w, https:\/\/v-er.eu\/app\/uploads\/2024\/11\/UD5_5843-1536x1103.jpg 1536w, https:\/\/v-er.eu\/app\/uploads\/2024\/11\/UD5_5843-2048x1471.jpg 2048w\" sizes=\"(max-width: 2560px) 100vw, 2560px\" \/>\n <\/div> <\/figure>                  <\/div>\n                  <div>\n                    <div class=\"flex gap-4\">\n                      <span class=\"mb-0 font-bold text-white\">\n                        Felicity Gooding\n                      <\/span>\n                      \n                    <\/div>\n                    <div>\n                      <span class=\"mb-0 text-white\">\n                        Directrice Ex\u00e9cutive et Directeur financier du groupe\n                      <\/span>\n                    <\/div>\n                  <\/div>\n                <\/div>\n              <\/div>\n            <\/div>\n          <\/div>\n        <\/div>\n      <\/div>\n      <img decoding=\"async\" class=\"hidden md:block absolute top-[110%] -right-0 scale-105 2xl:scale-110 z-20\" src=\"https:\/\/v-er.eu\/app\/themes\/vulcan\/public\/images\/icons\/pattern-dots-grid-2.112ab7.svg\" alt=\"\">\n    <\/div>\n  <\/div>\n      <div>\n  <svg height=\"20\" width=\"100\" class=\"h-8 md:h-12 lg:h-20 w-full rotate-180 text-primary\" viewBox=\"0 0 10 10\" preserveAspectRatio=\"none\">\n  <polygon fill=\"currentColor\" points=\"0 10 10 0 10 10\"><\/polygon>\n  <\/svg>\n<\/div>    <\/section>","protected":false},"excerpt":{"rendered":"","protected":false},"author":5,"featured_media":0,"parent":0,"menu_order":0,"comment_status":"closed","ping_status":"closed","template":"","meta":[],"acf":[],"yoast_head":"<!-- This site is optimized with the Yoast SEO plugin v20.13 - https:\/\/yoast.com\/wordpress\/plugins\/seo\/ -->\n<title>Financement durable - VULCAN ENERGY RESOURCES<\/title>\n<meta name=\"robots\" content=\"index, follow, max-snippet:-1, max-image-preview:large, max-video-preview:-1\" \/>\n<link rel=\"canonical\" href=\"https:\/\/v-er.eu\/fr\/financement-durable\/\" \/>\n<meta property=\"og:locale\" content=\"fr_FR\" \/>\n<meta property=\"og:type\" content=\"article\" \/>\n<meta property=\"og:title\" content=\"Financement durable - VULCAN ENERGY RESOURCES\" \/>\n<meta property=\"og:url\" content=\"https:\/\/v-er.eu\/fr\/financement-durable\/\" \/>\n<meta property=\"og:site_name\" content=\"VULCAN ENERGY RESOURCES\" \/>\n<meta property=\"article:modified_time\" content=\"2025-06-06T09:59:48+00:00\" \/>\n<meta name=\"twitter:card\" content=\"summary_large_image\" \/>\n<script type=\"application\/ld+json\" class=\"yoast-schema-graph\">{\"@context\":\"https:\/\/schema.org\",\"@graph\":[{\"@type\":\"WebPage\",\"@id\":\"https:\/\/v-er.eu\/fr\/financement-durable\/\",\"url\":\"https:\/\/v-er.eu\/fr\/financement-durable\/\",\"name\":\"Financement durable - VULCAN ENERGY RESOURCES\",\"isPartOf\":{\"@id\":\"https:\/\/v-er.eu\/#website\"},\"datePublished\":\"2024-10-24T07:01:32+00:00\",\"dateModified\":\"2025-06-06T09:59:48+00:00\",\"breadcrumb\":{\"@id\":\"https:\/\/v-er.eu\/fr\/financement-durable\/#breadcrumb\"},\"inLanguage\":\"fr-FR\",\"potentialAction\":[{\"@type\":\"ReadAction\",\"target\":[\"https:\/\/v-er.eu\/fr\/financement-durable\/\"]}]},{\"@type\":\"BreadcrumbList\",\"@id\":\"https:\/\/v-er.eu\/fr\/financement-durable\/#breadcrumb\",\"itemListElement\":[{\"@type\":\"ListItem\",\"position\":1,\"name\":\"Home\",\"item\":\"https:\/\/v-er.eu\/fr\/\"},{\"@type\":\"ListItem\",\"position\":2,\"name\":\"Financement durable\"}]},{\"@type\":\"WebSite\",\"@id\":\"https:\/\/v-er.eu\/#website\",\"url\":\"https:\/\/v-er.eu\/\",\"name\":\"VULCAN ENERGY RESOURCES\",\"description\":\"Vulcan\u2019s purpose is to empower a net zero carbon future, aiming to supply lithium chemicals and renewable energy from Europe, for Europe from its Zero Carbon Lithium\u2122 Project.\",\"potentialAction\":[{\"@type\":\"SearchAction\",\"target\":{\"@type\":\"EntryPoint\",\"urlTemplate\":\"https:\/\/v-er.eu\/?s={search_term_string}\"},\"query-input\":\"required name=search_term_string\"}],\"inLanguage\":\"fr-FR\"}]}<\/script>\n<!-- \/ Yoast SEO plugin. -->","yoast_head_json":{"title":"Financement durable - VULCAN ENERGY RESOURCES","robots":{"index":"index","follow":"follow","max-snippet":"max-snippet:-1","max-image-preview":"max-image-preview:large","max-video-preview":"max-video-preview:-1"},"canonical":"https:\/\/v-er.eu\/fr\/financement-durable\/","og_locale":"fr_FR","og_type":"article","og_title":"Financement durable - VULCAN ENERGY RESOURCES","og_url":"https:\/\/v-er.eu\/fr\/financement-durable\/","og_site_name":"VULCAN ENERGY RESOURCES","article_modified_time":"2025-06-06T09:59:48+00:00","twitter_card":"summary_large_image","schema":{"@context":"https:\/\/schema.org","@graph":[{"@type":"WebPage","@id":"https:\/\/v-er.eu\/fr\/financement-durable\/","url":"https:\/\/v-er.eu\/fr\/financement-durable\/","name":"Financement durable - VULCAN ENERGY RESOURCES","isPartOf":{"@id":"https:\/\/v-er.eu\/#website"},"datePublished":"2024-10-24T07:01:32+00:00","dateModified":"2025-06-06T09:59:48+00:00","breadcrumb":{"@id":"https:\/\/v-er.eu\/fr\/financement-durable\/#breadcrumb"},"inLanguage":"fr-FR","potentialAction":[{"@type":"ReadAction","target":["https:\/\/v-er.eu\/fr\/financement-durable\/"]}]},{"@type":"BreadcrumbList","@id":"https:\/\/v-er.eu\/fr\/financement-durable\/#breadcrumb","itemListElement":[{"@type":"ListItem","position":1,"name":"Home","item":"https:\/\/v-er.eu\/fr\/"},{"@type":"ListItem","position":2,"name":"Financement durable"}]},{"@type":"WebSite","@id":"https:\/\/v-er.eu\/#website","url":"https:\/\/v-er.eu\/","name":"VULCAN ENERGY RESOURCES","description":"Vulcan\u2019s purpose is to empower a net zero carbon future, aiming to supply lithium chemicals and renewable energy from Europe, for Europe from its Zero Carbon Lithium\u2122 Project.","potentialAction":[{"@type":"SearchAction","target":{"@type":"EntryPoint","urlTemplate":"https:\/\/v-er.eu\/?s={search_term_string}"},"query-input":"required name=search_term_string"}],"inLanguage":"fr-FR"}]}},"_links":{"self":[{"href":"https:\/\/v-er.eu\/fr\/wp-json\/wp\/v2\/pages\/21046"}],"collection":[{"href":"https:\/\/v-er.eu\/fr\/wp-json\/wp\/v2\/pages"}],"about":[{"href":"https:\/\/v-er.eu\/fr\/wp-json\/wp\/v2\/types\/page"}],"author":[{"embeddable":true,"href":"https:\/\/v-er.eu\/fr\/wp-json\/wp\/v2\/users\/5"}],"replies":[{"embeddable":true,"href":"https:\/\/v-er.eu\/fr\/wp-json\/wp\/v2\/comments?post=21046"}],"version-history":[{"count":5,"href":"https:\/\/v-er.eu\/fr\/wp-json\/wp\/v2\/pages\/21046\/revisions"}],"predecessor-version":[{"id":21056,"href":"https:\/\/v-er.eu\/fr\/wp-json\/wp\/v2\/pages\/21046\/revisions\/21056"}],"wp:attachment":[{"href":"https:\/\/v-er.eu\/fr\/wp-json\/wp\/v2\/media?parent=21046"}],"curies":[{"name":"wp","href":"https:\/\/api.w.org\/{rel}","templated":true}]}}